{"id":10465,"date":"2021-02-21T14:08:53","date_gmt":"2021-02-21T14:08:53","guid":{"rendered":"https:\/\/www.autonvaraosahaku.fi\/?product=swag-50-92-4565-jarrulevyt"},"modified":"2021-02-21T14:08:54","modified_gmt":"2021-02-21T14:08:54","slug":"swag-50-92-4565-jarrulevyt","status":"publish","type":"product","link":"https:\/\/www.autonvaraosahaku.fi\/?product=swag-50-92-4565-jarrulevyt","title":{"rendered":"SWAG 50 92 4565 Jarrulevyt"},"content":{"rendered":"<p>Jarrulevyn paksuus (mm): 25; Kiinnitysreikien lukum\u00e4\u00e4r\u00e4: 5; Paksuus [mm]: 48,5; Ulkol\u00e4pimitta [mm]: 278,0; Reik\u00e4ympyr\u00e4-\u00d8 [mm]: 108; Pinta: pinnoitettu; Jarrulevytyyppi: Tuuletettu, sis\u00e4; Asennuspuoli: Etuakseli; V\u00e4himm\u00e4ispaksuus (mm): 23; Paino [kg]: 7,100; keskitt\u00e4misl\u00e4pimitta [mm]: 63,6, 63,6; Vannekoko (tuumaa): 15; VOLVO: V50 MW,C30,S40 II MS,C70 II Cabriolet; FORD: FOCUS II Kombi DA_,FOCUS II DA_,FOCUS III Turnier,FOCUS C-MAX,C-MAX DM2,FOCUS III,C-MAX II,FOCUS Stufenheck DFW,FOCUS II Stufenheck DA_,FOCUS II Cabriolet,FOCUS III Stufenheck,C-MAX II Van,FOCUS III Kasten\/Schr\u00e4gheck; 1223663, 1223665, 1253729, 1253730, 1320352, 1373369, 1469082, 1501058, 1501069, 1575734, 1686722, 1686723, 1734696, 1790221, 3M512C375A1D, 3M512C375AA, 3M512C375AB, 3M512C375AC, 3M512C375AD, 3M512C375DA, 7M511125FA, AV611125BA, AV611125BB, AV611125DA, AV611125DB, 274509, 274509S1, 30666800, 31262718, 31262718S1, 31362411; Jarrulevy<\/p>\n","protected":false},"excerpt":{"rendered":"<p>SWAG Jarrulevyt 50 92 4565 Jarrulevy VOLVO,FORD,V50 MW,C30,S40 II MS,C70 II Cabriolet,FOCUS II Kombi DA_,FOCUS II DA_,FOCUS III Turnier,FOCUS C-MAX<\/p>\n","protected":false},"featured_media":0,"template":"","meta":{"site-sidebar-layout":"default","site-content-layout":"default","ast-global-header-display":"","ast-main-header-display":"","ast-hfb-above-header-display":"","ast-hfb-below-header-display":"","ast-hfb-mobile-header-display":"","site-post-title":"","ast-breadcrumbs-content":"","ast-featured-img":"","footer-sml-layout":"","theme-transparent-header-meta":"","adv-header-id-meta":"","stick-header-meta":"","header-above-stick-meta":"","header-main-stick-meta":"","header-below-stick-meta":""},"pwb-brand":[103],"product_cat":[66],"product_tag":[],"class_list":{"0":"post-10465","1":"product","2":"type-product","3":"status-publish","5":"pwb-brand-swag","6":"product_cat-jarrulevyt","7":"desktop-align-left","8":"tablet-align-left","9":"mobile-align-left","11":"first","12":"instock","13":"product-type-external"},"brands":[{"id":103,"name":"SWAG","slug":"swag"}],"_links":{"self":[{"href":"https:\/\/www.autonvaraosahaku.fi\/index.php?rest_route=\/wp\/v2\/product\/10465","targetHints":{"allow":["GET"]}}],"collection":[{"href":"https:\/\/www.autonvaraosahaku.fi\/index.php?rest_route=\/wp\/v2\/product"}],"about":[{"href":"https:\/\/www.autonvaraosahaku.fi\/index.php?rest_route=\/wp\/v2\/types\/product"}],"wp:attachment":[{"href":"https:\/\/www.autonvaraosahaku.fi\/index.php?rest_route=%2Fwp%2Fv2%2Fmedia&parent=10465"}],"wp:term":[{"taxonomy":"pwb-brand","embeddable":true,"href":"https:\/\/www.autonvaraosahaku.fi\/index.php?rest_route=%2Fwp%2Fv2%2Fpwb-brand&post=10465"},{"taxonomy":"product_cat","embeddable":true,"href":"https:\/\/www.autonvaraosahaku.fi\/index.php?rest_route=%2Fwp%2Fv2%2Fproduct_cat&post=10465"},{"taxonomy":"product_tag","embeddable":true,"href":"https:\/\/www.autonvaraosahaku.fi\/index.php?rest_route=%2Fwp%2Fv2%2Fproduct_tag&post=10465"}],"curies":[{"name":"wp","href":"https:\/\/api.w.org\/{rel}","templated":true}]}}