{"id":104653,"date":"2021-02-21T23:04:03","date_gmt":"2021-02-21T23:04:03","guid":{"rendered":"https:\/\/www.autonvaraosahaku.fi\/?product=gsp-241475-vetoakseli"},"modified":"2021-02-21T23:04:04","modified_gmt":"2021-02-21T23:04:04","slug":"gsp-241475-vetoakseli","status":"publish","type":"product","link":"https:\/\/www.autonvaraosahaku.fi\/?product=gsp-241475-vetoakseli","title":{"rendered":"GSP 241475 Vetoakseli"},"content":{"rendered":"<p>Tiivisteen l\u00e4pimitta [mm]: 56; Ulkohammastus tasauspy\u00f6r\u00e4st\u00f6puoli: 30; Ulkohammastus, py\u00f6r\u00e4npuoli: 29; Kierremitta: M24x1,5; Pituus (mm): 971; Asennuspuoli: Py\u00f6r\u00e4n paikka 1; Vaihteistomalli: Automatikgetriebe; NISSAN: QASHQAI \/ QASHQAI +2 J10, JJ10,X-TRAIL T31; RENAULT: KOLEOS HY_; 391003113R, 391009742R, 39100JD74A, 39100JG74A, 39100JY04A, 391003113R, 391009742R, 39100JD74A, 39100JY04A<\/p>\n","protected":false},"excerpt":{"rendered":"<p>GSP Vetoakseli 241475  NISSAN,RENAULT,QASHQAI \/ QASHQAI +2 J10, JJ10,X-TRAIL T31,KOLEOS HY_<\/p>\n","protected":false},"featured_media":0,"template":"","meta":{"site-sidebar-layout":"default","site-content-layout":"default","ast-global-header-display":"","ast-main-header-display":"","ast-hfb-above-header-display":"","ast-hfb-below-header-display":"","ast-hfb-mobile-header-display":"","site-post-title":"","ast-breadcrumbs-content":"","ast-featured-img":"","footer-sml-layout":"","theme-transparent-header-meta":"","adv-header-id-meta":"","stick-header-meta":"","header-above-stick-meta":"","header-main-stick-meta":"","header-below-stick-meta":""},"pwb-brand":[543],"product_cat":[215],"product_tag":[],"class_list":{"0":"post-104653","1":"product","2":"type-product","3":"status-publish","5":"pwb-brand-gsp","6":"product_cat-vetoakseli","7":"desktop-align-left","8":"tablet-align-left","9":"mobile-align-left","11":"first","12":"instock","13":"product-type-external"},"brands":[{"id":543,"name":"GSP","slug":"gsp"}],"_links":{"self":[{"href":"https:\/\/www.autonvaraosahaku.fi\/index.php?rest_route=\/wp\/v2\/product\/104653","targetHints":{"allow":["GET"]}}],"collection":[{"href":"https:\/\/www.autonvaraosahaku.fi\/index.php?rest_route=\/wp\/v2\/product"}],"about":[{"href":"https:\/\/www.autonvaraosahaku.fi\/index.php?rest_route=\/wp\/v2\/types\/product"}],"wp:attachment":[{"href":"https:\/\/www.autonvaraosahaku.fi\/index.php?rest_route=%2Fwp%2Fv2%2Fmedia&parent=104653"}],"wp:term":[{"taxonomy":"pwb-brand","embeddable":true,"href":"https:\/\/www.autonvaraosahaku.fi\/index.php?rest_route=%2Fwp%2Fv2%2Fpwb-brand&post=104653"},{"taxonomy":"product_cat","embeddable":true,"href":"https:\/\/www.autonvaraosahaku.fi\/index.php?rest_route=%2Fwp%2Fv2%2Fproduct_cat&post=104653"},{"taxonomy":"product_tag","embeddable":true,"href":"https:\/\/www.autonvaraosahaku.fi\/index.php?rest_route=%2Fwp%2Fv2%2Fproduct_tag&post=104653"}],"curies":[{"name":"wp","href":"https:\/\/api.w.org\/{rel}","templated":true}]}}