{"id":104662,"date":"2021-02-21T23:04:03","date_gmt":"2021-02-21T23:04:03","guid":{"rendered":"https:\/\/www.autonvaraosahaku.fi\/?product=gsp-261096-vetoakseli"},"modified":"2021-02-21T23:04:07","modified_gmt":"2021-02-21T23:04:07","slug":"gsp-261096-vetoakseli","status":"publish","type":"product","link":"https:\/\/www.autonvaraosahaku.fi\/?product=gsp-261096-vetoakseli","title":{"rendered":"GSP 261096 Vetoakseli"},"content":{"rendered":"<p>L\u00e4pimitta 2 [mm]: 100; Tiivisteen l\u00e4pimitta [mm]: 59,5; Ulkohammastus, py\u00f6r\u00e4npuoli: 36; Pituus (mm): 799; Asennuspuoli: Vorderachse rechts; VW: GOLF V 1K1,TOURAN 1T1, 1T2,GOLF VI 5K1,PASSAT Variant 3C5,GOLF PLUS 5M1, 521,PASSAT 3C2,PASSAT Variant 365,GOLF VII 5G1, BE1,CADDY III Kombi 2KB, 2KJ, 2CB, 2CJ,TOURAN 1T3,GOLF VI Variant AJ5,GOLF V Variant 1K5,CADDY III Kasten 2KA, 2KH, 2CA, 2CH,GOLF VII Kombi BA5,EOS 1F7, 1F8,SCIROCCO 137, 138,PASSAT CC 357,JETTA III 1K2,PASSAT 362,CC 358,GOLF VI Cabriolet 517,JETTA IV 162, 163,GOLF SPORTSVAN AM1; AUDI: A3 8P1,A3 Sportback 8PA,A3 Sportback 8VA,A3 Limousine 8VS,A3 8V1,A3 Cabriolet 8P7,A3 Cabriolet 8V7,Q2 GA; SKODA: OCTAVIA Combi 1Z5,OCTAVIA Combi 5E5,YETI 5L,OCTAVIA 1Z3,OCTAVIA 5E3; SEAT: LEON 1P1,ALTEA 5P1,LEON 5F1,ALTEA XL 5P5, 5P8,LEON ST 5F8,LEON SC 5F5,TOLEDO III 5P2; 1K0407272BG, 1K0407272DR, 1K0407272HL, 1K0407452BV, 1K0407452BX, 1K0407452FX, 1K0407452KX, 1K0407454JX, 1K0407454SX, 1K0407456DX, 1K0407764JX, 1K0407272BG, 1K0407272DR, 1K0407272HL, 1K0407272JT, 1K0407452BV, 1K0407452BX, 1K0407452FX, 1K0407452LX, 1K0407454JX, 1K0407454SX, 1K0407762LX, 1K0407272BG, 1K0407272DR, 1K0407272HL, 1K0407272JT, 1K0407272QT, 1K0407272SP, 1K0407452BV, 1K0407452BX, 1K0407452FX, 1K0407454JX, 1K0407454SX, 1K0407456DX, 1K0407762LX, 1K0407272BG, 1K0407272CA, 1K0407272CL, 1K0407272DR, 1K0407272HK, 1K0407272HL, 1K0407272HP, 1K0407272JT, 1K0407272MP, 1K0407272NN, 1K0407272PH, 1K0407272PJ, 1K0407272QM, 1K0407272QT, 1K0407272ST, 1K0407452BV, 1K0407452BX, 1K0407452FX, 1K0407452KX, 1K0407452LX, 1K0407452PX, 1K0407452SX, 1K0407454JX, 1K0407454QX, 1K0407454SX, 1K0407456DX, 1K0407456EX, 1K0407762GX, 1K0407762LX, 1K0407764NX, 1K0407764X, 5Q0407272BN, 5Q0407272CC<\/p>\n","protected":false},"excerpt":{"rendered":"<p>GSP Vetoakseli 261096  VW,AUDI,SKODA,GOLF V 1K1,TOURAN 1T1, 1T2,GOLF VI 5K1,PASSAT Variant 3C5,GOLF PLUS 5M1, 521,PASSAT 3C2,PASSAT Variant 365<\/p>\n","protected":false},"featured_media":0,"template":"","meta":{"site-sidebar-layout":"default","site-content-layout":"default","ast-global-header-display":"","ast-main-header-display":"","ast-hfb-above-header-display":"","ast-hfb-below-header-display":"","ast-hfb-mobile-header-display":"","site-post-title":"","ast-breadcrumbs-content":"","ast-featured-img":"","footer-sml-layout":"","theme-transparent-header-meta":"","adv-header-id-meta":"","stick-header-meta":"","header-above-stick-meta":"","header-main-stick-meta":"","header-below-stick-meta":""},"pwb-brand":[543],"product_cat":[215],"product_tag":[],"class_list":{"0":"post-104662","1":"product","2":"type-product","3":"status-publish","5":"pwb-brand-gsp","6":"product_cat-vetoakseli","7":"desktop-align-left","8":"tablet-align-left","9":"mobile-align-left","11":"first","12":"instock","13":"product-type-external"},"brands":[{"id":543,"name":"GSP","slug":"gsp"}],"_links":{"self":[{"href":"https:\/\/www.autonvaraosahaku.fi\/index.php?rest_route=\/wp\/v2\/product\/104662","targetHints":{"allow":["GET"]}}],"collection":[{"href":"https:\/\/www.autonvaraosahaku.fi\/index.php?rest_route=\/wp\/v2\/product"}],"about":[{"href":"https:\/\/www.autonvaraosahaku.fi\/index.php?rest_route=\/wp\/v2\/types\/product"}],"wp:attachment":[{"href":"https:\/\/www.autonvaraosahaku.fi\/index.php?rest_route=%2Fwp%2Fv2%2Fmedia&parent=104662"}],"wp:term":[{"taxonomy":"pwb-brand","embeddable":true,"href":"https:\/\/www.autonvaraosahaku.fi\/index.php?rest_route=%2Fwp%2Fv2%2Fpwb-brand&post=104662"},{"taxonomy":"product_cat","embeddable":true,"href":"https:\/\/www.autonvaraosahaku.fi\/index.php?rest_route=%2Fwp%2Fv2%2Fproduct_cat&post=104662"},{"taxonomy":"product_tag","embeddable":true,"href":"https:\/\/www.autonvaraosahaku.fi\/index.php?rest_route=%2Fwp%2Fv2%2Fproduct_tag&post=104662"}],"curies":[{"name":"wp","href":"https:\/\/api.w.org\/{rel}","templated":true}]}}