{"id":104669,"date":"2021-02-21T23:04:03","date_gmt":"2021-02-21T23:04:03","guid":{"rendered":"https:\/\/www.autonvaraosahaku.fi\/?product=hitachi-132182-hehkurele"},"modified":"2021-02-21T23:04:08","modified_gmt":"2021-02-21T23:04:08","slug":"hitachi-132182-hehkurele","status":"publish","type":"product","link":"https:\/\/www.autonvaraosahaku.fi\/?product=hitachi-132182-hehkurele","title":{"rendered":"Hitachi 132182 Hehkurele"},"content":{"rendered":"<p>J\u00e4nnite (V): 12; Valmistuspaiv\u00e4m\u00e4\u00e4r\u00e4\u00e4n: 15.01.2008; VW: PASSAT 3C2; MAZDA: 2 DY; VOLVO: V50 MW,V70 III BW,C30,S40 II MS,C70 II Cabriolet; FORD: FIESTA V JH_, JD_,FOCUS II Kombi DA_,FOCUS II DA_,FOCUS C-MAX,FUSION JU_,C-MAX DM2,FOCUS II Stufenheck DA_,FOCUS II Cabriolet,FIESTA V Van; 1252609, 3M5T12A343AA, 8692616; Rele, Hehkutuslaitos<\/p>\n","protected":false},"excerpt":{"rendered":"<p>HITACHI Hehkurele Hueco 132182 Rele, Hehkutuslaitos VW,MAZDA,VOLVO,PASSAT 3C2,2 DY,V50 MW,V70 III BW,C30,S40 II MS,C70 II Cabriolet,FIESTA V JH_, JD_<\/p>\n","protected":false},"featured_media":0,"template":"","meta":{"site-sidebar-layout":"default","site-content-layout":"default","ast-global-header-display":"","ast-main-header-display":"","ast-hfb-above-header-display":"","ast-hfb-below-header-display":"","ast-hfb-mobile-header-display":"","site-post-title":"","ast-breadcrumbs-content":"","ast-featured-img":"","footer-sml-layout":"","theme-transparent-header-meta":"","adv-header-id-meta":"","stick-header-meta":"","header-above-stick-meta":"","header-main-stick-meta":"","header-below-stick-meta":""},"pwb-brand":[544],"product_cat":[478],"product_tag":[],"class_list":{"0":"post-104669","1":"product","2":"type-product","3":"status-publish","5":"pwb-brand-hitachi","6":"product_cat-hehkurele","7":"desktop-align-left","8":"tablet-align-left","9":"mobile-align-left","11":"first","12":"instock","13":"product-type-external"},"brands":[{"id":544,"name":"Hitachi","slug":"hitachi"}],"_links":{"self":[{"href":"https:\/\/www.autonvaraosahaku.fi\/index.php?rest_route=\/wp\/v2\/product\/104669","targetHints":{"allow":["GET"]}}],"collection":[{"href":"https:\/\/www.autonvaraosahaku.fi\/index.php?rest_route=\/wp\/v2\/product"}],"about":[{"href":"https:\/\/www.autonvaraosahaku.fi\/index.php?rest_route=\/wp\/v2\/types\/product"}],"wp:attachment":[{"href":"https:\/\/www.autonvaraosahaku.fi\/index.php?rest_route=%2Fwp%2Fv2%2Fmedia&parent=104669"}],"wp:term":[{"taxonomy":"pwb-brand","embeddable":true,"href":"https:\/\/www.autonvaraosahaku.fi\/index.php?rest_route=%2Fwp%2Fv2%2Fpwb-brand&post=104669"},{"taxonomy":"product_cat","embeddable":true,"href":"https:\/\/www.autonvaraosahaku.fi\/index.php?rest_route=%2Fwp%2Fv2%2Fproduct_cat&post=104669"},{"taxonomy":"product_tag","embeddable":true,"href":"https:\/\/www.autonvaraosahaku.fi\/index.php?rest_route=%2Fwp%2Fv2%2Fproduct_tag&post=104669"}],"curies":[{"name":"wp","href":"https:\/\/api.w.org\/{rel}","templated":true}]}}