{"id":104677,"date":"2021-02-21T23:04:09","date_gmt":"2021-02-21T23:04:09","guid":{"rendered":"https:\/\/www.autonvaraosahaku.fi\/?product=hitachi-2502122-hehkurele"},"modified":"2021-02-21T23:04:11","modified_gmt":"2021-02-21T23:04:11","slug":"hitachi-2502122-hehkurele","status":"publish","type":"product","link":"https:\/\/www.autonvaraosahaku.fi\/?product=hitachi-2502122-hehkurele","title":{"rendered":"Hitachi 2502122 Hehkurele"},"content":{"rendered":"<p>Valmistaja rajaus: Nagares; K\u00e4ytt\u00f6j\u00e4nnite [V]: 12; Pakokaasunormi: Euro 5; NISSAN: QASHQAI \/ QASHQAI +2 J10, JJ10,NAVARA D40,PATHFINDER R51,X-TRAIL T31,NAVARA Pritsche\/Fahrgestell D40,NV200 Kasten,MURANO Z51,CABSTAR E Pick-up US,NT400 CABSTAR F24F; OPEL: VIVARO Kasten F7,VIVARO Combi J7,MOVANO Kasten F9,MOVANO Combi J9,VIVARO Pritsche\/Fahrgestell E7,MOVANO Pritsche\/Fahrgestell U9, E9,MOVANO Kipper H9; LANCIA: PHEDRA 179; DACIA: DUSTER,SANDERO,LOGAN MCV KS_,LOGAN LS_,LOGAN EXPRESS FS_,LOGAN Pick-up US_; FIAT: SCUDO 270_,ULYSSE 179AX,SCUDO Kasten 270_,SCUDO Pritsche\/Fahrgestell 270_; RENAULT: TRAFIC II Bus JL,MASTER II Kasten FD,TRAFIC II Kasten FL,GRAND SC\u00c9NIC II JM0\/1_,MASTER II Pritsche\/Fahrgestell ED\/HD\/UD,MASTER II Bus JD,TRAFIC II Pritsche\/Fahrgestell EL; VAUXHALL: VIVARO Kasten F7,MOVANO Mk I A Van FD,VIVARO Pritsche\/Fahrgestell E7,MOVANO Mk I A Combi JD,VIVARO Combi J7; 9640469680, 9640469680A, 9640469680, 9640469680A, 9640469680, 9640469680A, 11067JD50A, 4416764, 9640469680A, 9640469680A; Rele, Hehkutuslaitos<\/p>\n","protected":false},"excerpt":{"rendered":"<p>HITACHI Hehkurele 2502122 Rele, Hehkutuslaitos NISSAN,OPEL,LANCIA,QASHQAI \/ QASHQAI +2 J10, JJ10,NAVARA D40,PATHFINDER R51,X-TRAIL T31<\/p>\n","protected":false},"featured_media":0,"template":"","meta":{"site-sidebar-layout":"default","site-content-layout":"default","ast-global-header-display":"","ast-main-header-display":"","ast-hfb-above-header-display":"","ast-hfb-below-header-display":"","ast-hfb-mobile-header-display":"","site-post-title":"","ast-breadcrumbs-content":"","ast-featured-img":"","footer-sml-layout":"","theme-transparent-header-meta":"","adv-header-id-meta":"","stick-header-meta":"","header-above-stick-meta":"","header-main-stick-meta":"","header-below-stick-meta":""},"pwb-brand":[544],"product_cat":[478],"product_tag":[],"class_list":{"0":"post-104677","1":"product","2":"type-product","3":"status-publish","5":"pwb-brand-hitachi","6":"product_cat-hehkurele","7":"desktop-align-left","8":"tablet-align-left","9":"mobile-align-left","11":"first","12":"instock","13":"product-type-external"},"brands":[{"id":544,"name":"Hitachi","slug":"hitachi"}],"_links":{"self":[{"href":"https:\/\/www.autonvaraosahaku.fi\/index.php?rest_route=\/wp\/v2\/product\/104677","targetHints":{"allow":["GET"]}}],"collection":[{"href":"https:\/\/www.autonvaraosahaku.fi\/index.php?rest_route=\/wp\/v2\/product"}],"about":[{"href":"https:\/\/www.autonvaraosahaku.fi\/index.php?rest_route=\/wp\/v2\/types\/product"}],"wp:attachment":[{"href":"https:\/\/www.autonvaraosahaku.fi\/index.php?rest_route=%2Fwp%2Fv2%2Fmedia&parent=104677"}],"wp:term":[{"taxonomy":"pwb-brand","embeddable":true,"href":"https:\/\/www.autonvaraosahaku.fi\/index.php?rest_route=%2Fwp%2Fv2%2Fpwb-brand&post=104677"},{"taxonomy":"product_cat","embeddable":true,"href":"https:\/\/www.autonvaraosahaku.fi\/index.php?rest_route=%2Fwp%2Fv2%2Fproduct_cat&post=104677"},{"taxonomy":"product_tag","embeddable":true,"href":"https:\/\/www.autonvaraosahaku.fi\/index.php?rest_route=%2Fwp%2Fv2%2Fproduct_tag&post=104677"}],"curies":[{"name":"wp","href":"https:\/\/api.w.org\/{rel}","templated":true}]}}