{"id":104686,"date":"2021-02-21T23:04:09","date_gmt":"2021-02-21T23:04:09","guid":{"rendered":"https:\/\/www.autonvaraosahaku.fi\/?product=hitachi-132123-hehkurele"},"modified":"2021-02-21T23:04:14","modified_gmt":"2021-02-21T23:04:14","slug":"hitachi-132123-hehkurele","status":"publish","type":"product","link":"https:\/\/www.autonvaraosahaku.fi\/?product=hitachi-132123-hehkurele","title":{"rendered":"Hitachi 132123 Hehkurele"},"content":{"rendered":"<p>K\u00e4ytt\u00f6j\u00e4nnite [V]: 12; TECDOC-moottorinumero: 23521; OPEL: VIVARO Kasten F7,VIVARO Combi J7,MOVANO B Kasten,MOVANO B Bus,VIVARO Pritsche\/Fahrgestell E7,MOVANO B Pritsche\/Fahrgestell; RENAULT: MEGANE III Grandtour KZ0\/1,ESPACE IV JK0\/1_,SC\u00c9NIC III JZ0\/1_,LAGUNA III Grandtour KT0\/1,MEGANE III Schr\u00e4gheck BZ0_,TRAFIC II Bus JL,GRAND SC\u00c9NIC III JZ0\/1_,TRAFIC II Kasten FL,MEGANE III Coupe DZ0\/1_,CAPTUR,LAGUNA III BT0\/1,MASTER III Kasten FV,MEGANE CC EZ0\/1_,LAGUNA Coupe DT0\/1,MASTER III Bus JV,MASTER III Pritsche\/Fahrgestell EV, HV, UV,FLUENCE L30_,LATITUDE L70_,TRAFIC II Pritsche\/Fahrgestell EL,LOGAN I Kombi KS_,MEGANE IV B9A\/M_,SANDERO\/STEPWAY II,LOGAN II Kombi,LOGAN II; NISSAN: NAVARA D40,JUKE F15,X-TRAIL T31,NAVARA Pritsche\/Fahrgestell D40,PRIMASTAR Bus X83,PRIMASTAR Kasten X83,INTERSTAR Kasten X70,NV400 Kasten,INTERSTAR Bus X70,PATROL II Pritsche\/Fahrgestell Y61,NV400 Bus,INTERSTAR Pritsche\/Fahrgestell,NV400 Pritsche\/Fahrgestell,CABSTAR E Pick-up US; DACIA: DUSTER,SANDERO,LOGAN MCV KS_,SANDERO II,LODGY,LOGAN MCV II,DOKKER,LOGAN LS_,DOKKER Express,LOGAN EXPRESS FS_,LOGAN Pick-up US_,LOGAN II; VAUXHALL: VIVARO Kasten F7,MOVANO Mk II B VAN,VIVARO Combi J7,VIVARO Pritsche\/Fahrgestell E7,MOVANO Mk II B Chassis\/Cab; 1106700Q0A, 1106700Q0B, 11067JD50C, 2523080A0A, 4419200, 8200859243; Rele, Hehkutuslaitos<\/p>\n","protected":false},"excerpt":{"rendered":"<p>HITACHI Hehkurele Hueco 132123 Rele, Hehkutuslaitos OPEL,RENAULT,NISSAN,VIVARO Kasten F7,VIVARO Combi J7,MOVANO B Kasten,MOVANO B Bus<\/p>\n","protected":false},"featured_media":0,"template":"","meta":{"site-sidebar-layout":"default","site-content-layout":"default","ast-global-header-display":"","ast-main-header-display":"","ast-hfb-above-header-display":"","ast-hfb-below-header-display":"","ast-hfb-mobile-header-display":"","site-post-title":"","ast-breadcrumbs-content":"","ast-featured-img":"","footer-sml-layout":"","theme-transparent-header-meta":"","adv-header-id-meta":"","stick-header-meta":"","header-above-stick-meta":"","header-main-stick-meta":"","header-below-stick-meta":""},"pwb-brand":[544],"product_cat":[478],"product_tag":[],"class_list":{"0":"post-104686","1":"product","2":"type-product","3":"status-publish","5":"pwb-brand-hitachi","6":"product_cat-hehkurele","7":"desktop-align-left","8":"tablet-align-left","9":"mobile-align-left","11":"first","12":"instock","13":"product-type-external"},"brands":[{"id":544,"name":"Hitachi","slug":"hitachi"}],"_links":{"self":[{"href":"https:\/\/www.autonvaraosahaku.fi\/index.php?rest_route=\/wp\/v2\/product\/104686","targetHints":{"allow":["GET"]}}],"collection":[{"href":"https:\/\/www.autonvaraosahaku.fi\/index.php?rest_route=\/wp\/v2\/product"}],"about":[{"href":"https:\/\/www.autonvaraosahaku.fi\/index.php?rest_route=\/wp\/v2\/types\/product"}],"wp:attachment":[{"href":"https:\/\/www.autonvaraosahaku.fi\/index.php?rest_route=%2Fwp%2Fv2%2Fmedia&parent=104686"}],"wp:term":[{"taxonomy":"pwb-brand","embeddable":true,"href":"https:\/\/www.autonvaraosahaku.fi\/index.php?rest_route=%2Fwp%2Fv2%2Fpwb-brand&post=104686"},{"taxonomy":"product_cat","embeddable":true,"href":"https:\/\/www.autonvaraosahaku.fi\/index.php?rest_route=%2Fwp%2Fv2%2Fproduct_cat&post=104686"},{"taxonomy":"product_tag","embeddable":true,"href":"https:\/\/www.autonvaraosahaku.fi\/index.php?rest_route=%2Fwp%2Fv2%2Fproduct_tag&post=104686"}],"curies":[{"name":"wp","href":"https:\/\/api.w.org\/{rel}","templated":true}]}}