{"id":104690,"date":"2021-02-21T23:04:16","date_gmt":"2021-02-21T23:04:16","guid":{"rendered":"https:\/\/www.autonvaraosahaku.fi\/?product=hitachi-132052-ohjainlaite-lammitys-tuuletus"},"modified":"2021-02-21T23:04:16","modified_gmt":"2021-02-21T23:04:16","slug":"hitachi-132052-ohjainlaite-lammitys-tuuletus","status":"publish","type":"product","link":"https:\/\/www.autonvaraosahaku.fi\/?product=hitachi-132052-ohjainlaite-lammitys-tuuletus","title":{"rendered":"Hitachi 132052 Ohjainlaite l\u00e4mmitys tuuletus"},"content":{"rendered":"<p>K\u00e4ytt\u00f6j\u00e4nnite [V]: 12; Valmistusvuoteen: 12\/1990; RENAULT: SUPER 5 B\/C40_,RAPID Kasten F40_, G40_,TRAFIC Kasten TXX,9 L42_,TRAFIC Bus TXW,SAFRANE I B54_,ESPACE I J11_,25 B29_,MASTER I Kasten T__,TRAFIC Kasten T1, T3, T4,TRAFIC Bus T5, T6, T7,18 134_,18 Variable 135_,30 127_,FUEGO 136_,MASTER I Bus T__,20 127_,TRAFIC Pritsche\/Fahrgestell P6,MASTER I Pritsche\/Fahrgestell P__,TRAFIC Pritsche\/Fahrgestell PXX; FIAT: DUCATO Pritsche\/Fahrgestell 230,DUCATO Bus 230,DUCATO Kasten 290,DUCATO Pritsche\/Fahrgestell 290,DUCATO Kasten 230L,DUCATO Kasten 280,DUCATO Pritsche\/Fahrgestell 280,DUCATO Panorama 280,DUCATO Panorama 290,131,131 Familiare\/Panorama; PEUGEOT: 205 II 20A\/C,J5 Pritsche\/Fahrgestell 290L,J5 Bus 290P,309 II 3C, 3A,205 I 741A\/C,J5 Kasten 290L,405 I 15B,605 6B,405 II 4B,504 A_, M_,309 I 10C, 10A,505 551A,405 I Break 15E,305 II 581M,505 Break 551D,604 561A_,504 Break D_, F_,504 Pick-up E_,305 II Break 581E,J9 Bus,305 I 581A,J9 Kasten,J9 Pritsche\/Fahrgestell; SEAT: IBIZA I 021A,MALAGA 023A,131,RONDA 022A; CITRO\u00cbN: AX ZA-_,BX XB-_,C25 Bus 280_, 290_,BX Break XB-_,C15 VD-_; ALFA ROMEO: ALFETTA 116,GIULIETTA 116,6 119,90 162; LAND ROVER: RANGE ROVER I AE, AN, HAA, HAB, HAM, HBM, RE, RN; 7700702747, 7700751089, 7700757776, 7702089784<\/p>\n","protected":false},"excerpt":{"rendered":"<p>HITACHI Ohjainlaite, Hehkutusj\u00e4rjest. Hueco 132052  RENAULT,FIAT,PEUGEOT,SUPER 5 B\/C40_,RAPID Kasten F40_, G40_,TRAFIC Kasten TXX,9 L42_<\/p>\n","protected":false},"featured_media":0,"template":"","meta":{"site-sidebar-layout":"default","site-content-layout":"default","ast-global-header-display":"","ast-main-header-display":"","ast-hfb-above-header-display":"","ast-hfb-below-header-display":"","ast-hfb-mobile-header-display":"","site-post-title":"","ast-breadcrumbs-content":"","ast-featured-img":"","footer-sml-layout":"","theme-transparent-header-meta":"","adv-header-id-meta":"","stick-header-meta":"","header-above-stick-meta":"","header-main-stick-meta":"","header-below-stick-meta":""},"pwb-brand":[544],"product_cat":[262],"product_tag":[],"class_list":{"0":"post-104690","1":"product","2":"type-product","3":"status-publish","5":"pwb-brand-hitachi","6":"product_cat-ohjainlaite-lammitys-tuuletus","7":"desktop-align-left","8":"tablet-align-left","9":"mobile-align-left","11":"first","12":"instock","13":"product-type-external"},"brands":[{"id":544,"name":"Hitachi","slug":"hitachi"}],"_links":{"self":[{"href":"https:\/\/www.autonvaraosahaku.fi\/index.php?rest_route=\/wp\/v2\/product\/104690","targetHints":{"allow":["GET"]}}],"collection":[{"href":"https:\/\/www.autonvaraosahaku.fi\/index.php?rest_route=\/wp\/v2\/product"}],"about":[{"href":"https:\/\/www.autonvaraosahaku.fi\/index.php?rest_route=\/wp\/v2\/types\/product"}],"wp:attachment":[{"href":"https:\/\/www.autonvaraosahaku.fi\/index.php?rest_route=%2Fwp%2Fv2%2Fmedia&parent=104690"}],"wp:term":[{"taxonomy":"pwb-brand","embeddable":true,"href":"https:\/\/www.autonvaraosahaku.fi\/index.php?rest_route=%2Fwp%2Fv2%2Fpwb-brand&post=104690"},{"taxonomy":"product_cat","embeddable":true,"href":"https:\/\/www.autonvaraosahaku.fi\/index.php?rest_route=%2Fwp%2Fv2%2Fproduct_cat&post=104690"},{"taxonomy":"product_tag","embeddable":true,"href":"https:\/\/www.autonvaraosahaku.fi\/index.php?rest_route=%2Fwp%2Fv2%2Fproduct_tag&post=104690"}],"curies":[{"name":"wp","href":"https:\/\/api.w.org\/{rel}","templated":true}]}}