{"id":104699,"date":"2021-02-21T23:04:16","date_gmt":"2021-02-21T23:04:16","guid":{"rendered":"https:\/\/www.autonvaraosahaku.fi\/?product=hitachi-133825-sytytyspuola"},"modified":"2021-02-21T23:04:18","modified_gmt":"2021-02-21T23:04:18","slug":"hitachi-133825-sytytyspuola","status":"publish","type":"product","link":"https:\/\/www.autonvaraosahaku.fi\/?product=hitachi-133825-sytytyspuola","title":{"rendered":"Hitachi 133825 Sytytyspuola"},"content":{"rendered":"<p>Puola-sytytysj\u00e4rjestelm\u00e4: T\u00e4yselektroniselle sytytykselle (TES); Valmistusvuoteen: 06\/2009; BMW: 3 E46,3 Touring E91,3 E90,5 E39,5 E60,1 E87,5 Touring E61,3 Touring E46,X3 E83,5 Touring E39,3 Compact E46,3 Coupe E46,X1 E84,1 E81,X5 E70,X5 E53,3 Cabriolet E46,Z3 E36,Z4 E85,7 E65, E66, E67,6 E63,Z3 Coupe E36,Z4 Coupe E86,6 Cabriolet E64; ALPINA: B7 E65; ROLLS-ROYCE: PHANTOM VII RR1,PHANTOM VII Coupe RR3,PHANTOM VII Drophead Coupe RR2; 0148594, 0495289, 12130148594, 12130390064, 12130495289, 12131712219, 12131712223, 12137551260, 12137594938, 12137841558, 1712219, 1712223, 30390064, 7551260, 7594938, 7841558<\/p>\n","protected":false},"excerpt":{"rendered":"<p>HITACHI Sytytyspuola Hueco 133825  BMW,ALPINA,ROLLS-ROYCE,3 E46,3 Touring E91,3 E90,5 E39,5 E60,1 E87,5 Touring E61,3 Touring E46,X3 E83,5 Touring E39<\/p>\n","protected":false},"featured_media":0,"template":"","meta":{"site-sidebar-layout":"default","site-content-layout":"default","ast-global-header-display":"","ast-main-header-display":"","ast-hfb-above-header-display":"","ast-hfb-below-header-display":"","ast-hfb-mobile-header-display":"","site-post-title":"","ast-breadcrumbs-content":"","ast-featured-img":"","footer-sml-layout":"","theme-transparent-header-meta":"","adv-header-id-meta":"","stick-header-meta":"","header-above-stick-meta":"","header-main-stick-meta":"","header-below-stick-meta":""},"pwb-brand":[544],"product_cat":[25],"product_tag":[],"class_list":{"0":"post-104699","1":"product","2":"type-product","3":"status-publish","5":"pwb-brand-hitachi","6":"product_cat-sytytyspuola","7":"desktop-align-left","8":"tablet-align-left","9":"mobile-align-left","11":"first","12":"instock","13":"product-type-external"},"brands":[{"id":544,"name":"Hitachi","slug":"hitachi"}],"_links":{"self":[{"href":"https:\/\/www.autonvaraosahaku.fi\/index.php?rest_route=\/wp\/v2\/product\/104699","targetHints":{"allow":["GET"]}}],"collection":[{"href":"https:\/\/www.autonvaraosahaku.fi\/index.php?rest_route=\/wp\/v2\/product"}],"about":[{"href":"https:\/\/www.autonvaraosahaku.fi\/index.php?rest_route=\/wp\/v2\/types\/product"}],"wp:attachment":[{"href":"https:\/\/www.autonvaraosahaku.fi\/index.php?rest_route=%2Fwp%2Fv2%2Fmedia&parent=104699"}],"wp:term":[{"taxonomy":"pwb-brand","embeddable":true,"href":"https:\/\/www.autonvaraosahaku.fi\/index.php?rest_route=%2Fwp%2Fv2%2Fpwb-brand&post=104699"},{"taxonomy":"product_cat","embeddable":true,"href":"https:\/\/www.autonvaraosahaku.fi\/index.php?rest_route=%2Fwp%2Fv2%2Fproduct_cat&post=104699"},{"taxonomy":"product_tag","embeddable":true,"href":"https:\/\/www.autonvaraosahaku.fi\/index.php?rest_route=%2Fwp%2Fv2%2Fproduct_tag&post=104699"}],"curies":[{"name":"wp","href":"https:\/\/api.w.org\/{rel}","templated":true}]}}