{"id":104701,"date":"2021-02-21T23:04:16","date_gmt":"2021-02-21T23:04:16","guid":{"rendered":"https:\/\/www.autonvaraosahaku.fi\/?product=hitachi-2505087-ilmamassamittari"},"modified":"2021-02-21T23:04:19","modified_gmt":"2021-02-21T23:04:19","slug":"hitachi-2505087-ilmamassamittari","status":"publish","type":"product","link":"https:\/\/www.autonvaraosahaku.fi\/?product=hitachi-2505087-ilmamassamittari","title":{"rendered":"Hitachi 2505087 Ilmamassamittari"},"content":{"rendered":"<p>Moottorinumero: PUMA 22DT; LAND ROVER: FREELANDER 2 FA_,DEFENDER Station Wagon LD,DEFENDER Pick-up LD_,DEFENDER Cabrio LD,DEFENDER Pritsche\/Fahrgestell LD; VOLVO: V70 III BW,S80 II AS; FORD: MONDEO IV Turnier BA7,S-MAX WA6,GALAXY WA6,TRANSIT MK-7 Kasten,MONDEO IV BA7,TRANSIT MK-7 Bus,TRANSIT CONNECT P65_, P70_, P80_,TOURNEO CONNECT,TRANSIT MK-7 Pritsche\/Fahrgestell,MONDEO IV Stufenheck BA7,TRANSIT TOURNEO FB; FIAT: DUCATO Kasten 250,DUCATO Pritsche\/Fahrgestell 250,DUCATO Bus 250; CITRO\u00cbN: JUMPER Kasten,JUMPER Bus,JUMPER Pritsche\/Fahrgestell; PEUGEOT: BOXER Kasten,BOXER Bus,BOXER Pritsche\/Fahrgestell; 9658127480, 9657127480, 1376235, 6C1112B579AA, MHK501040, 9658127480, 30777415; Ilmam\u00e4\u00e4r\u00e4mittari,MAF Anturi<\/p>\n","protected":false},"excerpt":{"rendered":"<p>HITACHI Ilmamassamittari 2505087 Ilmam\u00e4\u00e4r\u00e4mittari,MAF Anturi LAND ROVER,VOLVO,FORD,FREELANDER 2 FA_,DEFENDER Station Wagon LD,DEFENDER Pick-up LD_<\/p>\n","protected":false},"featured_media":0,"template":"","meta":{"site-sidebar-layout":"default","site-content-layout":"default","ast-global-header-display":"","ast-main-header-display":"","ast-hfb-above-header-display":"","ast-hfb-below-header-display":"","ast-hfb-mobile-header-display":"","site-post-title":"","ast-breadcrumbs-content":"","ast-featured-img":"","footer-sml-layout":"","theme-transparent-header-meta":"","adv-header-id-meta":"","stick-header-meta":"","header-above-stick-meta":"","header-main-stick-meta":"","header-below-stick-meta":""},"pwb-brand":[544],"product_cat":[270],"product_tag":[],"class_list":{"0":"post-104701","1":"product","2":"type-product","3":"status-publish","5":"pwb-brand-hitachi","6":"product_cat-ilmamassamittari","7":"desktop-align-left","8":"tablet-align-left","9":"mobile-align-left","11":"first","12":"instock","13":"product-type-external"},"brands":[{"id":544,"name":"Hitachi","slug":"hitachi"}],"_links":{"self":[{"href":"https:\/\/www.autonvaraosahaku.fi\/index.php?rest_route=\/wp\/v2\/product\/104701","targetHints":{"allow":["GET"]}}],"collection":[{"href":"https:\/\/www.autonvaraosahaku.fi\/index.php?rest_route=\/wp\/v2\/product"}],"about":[{"href":"https:\/\/www.autonvaraosahaku.fi\/index.php?rest_route=\/wp\/v2\/types\/product"}],"wp:attachment":[{"href":"https:\/\/www.autonvaraosahaku.fi\/index.php?rest_route=%2Fwp%2Fv2%2Fmedia&parent=104701"}],"wp:term":[{"taxonomy":"pwb-brand","embeddable":true,"href":"https:\/\/www.autonvaraosahaku.fi\/index.php?rest_route=%2Fwp%2Fv2%2Fpwb-brand&post=104701"},{"taxonomy":"product_cat","embeddable":true,"href":"https:\/\/www.autonvaraosahaku.fi\/index.php?rest_route=%2Fwp%2Fv2%2Fproduct_cat&post=104701"},{"taxonomy":"product_tag","embeddable":true,"href":"https:\/\/www.autonvaraosahaku.fi\/index.php?rest_route=%2Fwp%2Fv2%2Fproduct_tag&post=104701"}],"curies":[{"name":"wp","href":"https:\/\/api.w.org\/{rel}","templated":true}]}}