{"id":104716,"date":"2021-02-21T23:04:22","date_gmt":"2021-02-21T23:04:22","guid":{"rendered":"https:\/\/www.autonvaraosahaku.fi\/?product=hitachi-132040-polttoainepumpun-rele"},"modified":"2021-02-21T23:04:24","modified_gmt":"2021-02-21T23:04:24","slug":"hitachi-132040-polttoainepumpun-rele","status":"publish","type":"product","link":"https:\/\/www.autonvaraosahaku.fi\/?product=hitachi-132040-polttoainepumpun-rele","title":{"rendered":"Hitachi 132040 Polttoainepumpun rele"},"content":{"rendered":"<p>K\u00e4ytt\u00f6j\u00e4nnite [V]: 12; TECDOC-moottorinumero: 50; FIAT: UNO 146A\/E,CROMA 154; PEUGEOT: 205 II 20A\/C,205 I Cabriolet 741B, 20D,205 I 741A\/C,505 551A,505 Break 551D; SEAT: IBIZA I 021A,MALAGA 023A; CITRO\u00cbN: CX II,CX I MA,CX II Break; ALFA ROMEO: 75 162B; LANCIA: THEMA 834,THEMA SW 834; FERRARI: MONDIAL,MONDIAL Cabriolet; 195051104300, 605343160, X03952671, 95496621, 62370600, 60534316, 7576067, 7628059, 7750754, 7750754, 655522, 95496621, X03952671; Rele, Polttoainepumppu<\/p>\n","protected":false},"excerpt":{"rendered":"<p>HITACHI Polttoainepumpun Rele 132040 Rele, Polttoainepumppu FIAT,PEUGEOT,SEAT,UNO 146A\/E,CROMA 154,205 II 20A\/C,205 I Cabriolet 741B, 20D,205 I 741A\/C<\/p>\n","protected":false},"featured_media":0,"template":"","meta":{"site-sidebar-layout":"default","site-content-layout":"default","ast-global-header-display":"","ast-main-header-display":"","ast-hfb-above-header-display":"","ast-hfb-below-header-display":"","ast-hfb-mobile-header-display":"","site-post-title":"","ast-breadcrumbs-content":"","ast-featured-img":"","footer-sml-layout":"","theme-transparent-header-meta":"","adv-header-id-meta":"","stick-header-meta":"","header-above-stick-meta":"","header-main-stick-meta":"","header-below-stick-meta":""},"pwb-brand":[544],"product_cat":[132],"product_tag":[],"class_list":{"0":"post-104716","1":"product","2":"type-product","3":"status-publish","5":"pwb-brand-hitachi","6":"product_cat-polttoainepumpun-rele","7":"desktop-align-left","8":"tablet-align-left","9":"mobile-align-left","11":"first","12":"instock","13":"product-type-external"},"brands":[{"id":544,"name":"Hitachi","slug":"hitachi"}],"_links":{"self":[{"href":"https:\/\/www.autonvaraosahaku.fi\/index.php?rest_route=\/wp\/v2\/product\/104716","targetHints":{"allow":["GET"]}}],"collection":[{"href":"https:\/\/www.autonvaraosahaku.fi\/index.php?rest_route=\/wp\/v2\/product"}],"about":[{"href":"https:\/\/www.autonvaraosahaku.fi\/index.php?rest_route=\/wp\/v2\/types\/product"}],"wp:attachment":[{"href":"https:\/\/www.autonvaraosahaku.fi\/index.php?rest_route=%2Fwp%2Fv2%2Fmedia&parent=104716"}],"wp:term":[{"taxonomy":"pwb-brand","embeddable":true,"href":"https:\/\/www.autonvaraosahaku.fi\/index.php?rest_route=%2Fwp%2Fv2%2Fpwb-brand&post=104716"},{"taxonomy":"product_cat","embeddable":true,"href":"https:\/\/www.autonvaraosahaku.fi\/index.php?rest_route=%2Fwp%2Fv2%2Fproduct_cat&post=104716"},{"taxonomy":"product_tag","embeddable":true,"href":"https:\/\/www.autonvaraosahaku.fi\/index.php?rest_route=%2Fwp%2Fv2%2Fproduct_tag&post=104716"}],"curies":[{"name":"wp","href":"https:\/\/api.w.org\/{rel}","templated":true}]}}