{"id":104734,"date":"2021-02-21T23:04:29","date_gmt":"2021-02-21T23:04:29","guid":{"rendered":"https:\/\/www.autonvaraosahaku.fi\/?product=hitachi-132083-hehkurele"},"modified":"2021-02-21T23:04:30","modified_gmt":"2021-02-21T23:04:30","slug":"hitachi-132083-hehkurele","status":"publish","type":"product","link":"https:\/\/www.autonvaraosahaku.fi\/?product=hitachi-132083-hehkurele","title":{"rendered":"Hitachi 132083 Hehkurele"},"content":{"rendered":"<p>Organisaationumerosta: 06744; K\u00e4ytt\u00f6j\u00e4nnite [V]: 12; TECDOC-moottorinumero: 4258; FIAT: SCUDO Kasten 220L,SCUDO Combinato 220P; PEUGEOT: 306 Schr\u00e4gheck 7A, 7C, N3, N5,PARTNER Combispace 5F,PARTNER Kasten 5,306 Break 7E, N3, N5,BOXER Kasten 230L,306 7B, N3, N5,EXPERT Kasten 222,BOXER Bus 230P,BOXER Pritsche\/Fahrgestell ZCT_,EXPERT 224,306 Van N_, 7_,405 II Break 4E,EXPERT Pritsche\/Fahrgestell 223,306 Kasten\/Schr\u00e4gheck; CITRO\u00cbN: BERLINGO MF,BERLINGO Kasten M_,XANTIA X1,ZX N2,JUMPY U6U,JUMPY Kasten BS_, BT_, BY_, BZ_,JUMPER Kasten 230L,JUMPER Bus 230P,ZX Break N2,C15 VD-_,JUMPY Pritsche\/Fahrgestell BU_, BV_, BW_, BX_,C15 Kombi; 598124, 96165824, 961595948, 9616582480, 598124, 96165824; Rele, Hehkutuslaitos<\/p>\n","protected":false},"excerpt":{"rendered":"<p>HITACHI Hehkurele Hueco 132083 Rele, Hehkutuslaitos FIAT,PEUGEOT,CITRO\u00cbN,SCUDO Kasten 220L,SCUDO Combinato 220P,306 Schr\u00e4gheck 7A, 7C, N3, N5<\/p>\n","protected":false},"featured_media":0,"template":"","meta":{"site-sidebar-layout":"default","site-content-layout":"default","ast-global-header-display":"","ast-main-header-display":"","ast-hfb-above-header-display":"","ast-hfb-below-header-display":"","ast-hfb-mobile-header-display":"","site-post-title":"","ast-breadcrumbs-content":"","ast-featured-img":"","footer-sml-layout":"","theme-transparent-header-meta":"","adv-header-id-meta":"","stick-header-meta":"","header-above-stick-meta":"","header-main-stick-meta":"","header-below-stick-meta":""},"pwb-brand":[544],"product_cat":[478],"product_tag":[],"class_list":{"0":"post-104734","1":"product","2":"type-product","3":"status-publish","5":"pwb-brand-hitachi","6":"product_cat-hehkurele","7":"desktop-align-left","8":"tablet-align-left","9":"mobile-align-left","11":"first","12":"instock","13":"product-type-external"},"brands":[{"id":544,"name":"Hitachi","slug":"hitachi"}],"_links":{"self":[{"href":"https:\/\/www.autonvaraosahaku.fi\/index.php?rest_route=\/wp\/v2\/product\/104734","targetHints":{"allow":["GET"]}}],"collection":[{"href":"https:\/\/www.autonvaraosahaku.fi\/index.php?rest_route=\/wp\/v2\/product"}],"about":[{"href":"https:\/\/www.autonvaraosahaku.fi\/index.php?rest_route=\/wp\/v2\/types\/product"}],"wp:attachment":[{"href":"https:\/\/www.autonvaraosahaku.fi\/index.php?rest_route=%2Fwp%2Fv2%2Fmedia&parent=104734"}],"wp:term":[{"taxonomy":"pwb-brand","embeddable":true,"href":"https:\/\/www.autonvaraosahaku.fi\/index.php?rest_route=%2Fwp%2Fv2%2Fpwb-brand&post=104734"},{"taxonomy":"product_cat","embeddable":true,"href":"https:\/\/www.autonvaraosahaku.fi\/index.php?rest_route=%2Fwp%2Fv2%2Fproduct_cat&post=104734"},{"taxonomy":"product_tag","embeddable":true,"href":"https:\/\/www.autonvaraosahaku.fi\/index.php?rest_route=%2Fwp%2Fv2%2Fproduct_tag&post=104734"}],"curies":[{"name":"wp","href":"https:\/\/api.w.org\/{rel}","templated":true}]}}