{"id":10474,"date":"2021-02-21T14:08:53","date_gmt":"2021-02-21T14:08:53","guid":{"rendered":"https:\/\/www.autonvaraosahaku.fi\/?product=triclo-488373-paisuntasailio"},"modified":"2021-02-21T14:08:54","modified_gmt":"2021-02-21T14:08:54","slug":"triclo-488373-paisuntasailio","status":"publish","type":"product","link":"https:\/\/www.autonvaraosahaku.fi\/?product=triclo-488373-paisuntasailio","title":{"rendered":"TRICLO 488373 Paisuntas\u00e4ili\u00f6"},"content":{"rendered":"<p>OPEL: KADETT E CC 33_, 34_, 43_, 44_,KADETT E Cabriolet 43B_,KADETT D 31_-34_, 41_-44_,KADETT E 39_, 49_,KADETT E Caravan 35_, 36_, 45_, 46_,KADETT D 32_,37_,39, _42,KADETT D Caravan 35_, 36_, 45_, 46_,KADETT E Kasten 37_, 47_,KADETT E Combo 38_, 48_; 1304622, 90218691; Nestes\u00e4ili\u00f6, J\u00e4\u00e4hdytysneste<\/p>\n","protected":false},"excerpt":{"rendered":"<p>TRICLO Paisuntas\u00e4ili\u00f6 488373 Nestes\u00e4ili\u00f6, J\u00e4\u00e4hdytysneste OPEL,KADETT E CC 33_, 34_, 43_, 44_,KADETT E Cabriolet 43B_,KADETT D 31_-34_, 41_-44_<\/p>\n","protected":false},"featured_media":0,"template":"","meta":{"site-sidebar-layout":"default","site-content-layout":"default","ast-global-header-display":"","ast-main-header-display":"","ast-hfb-above-header-display":"","ast-hfb-below-header-display":"","ast-hfb-mobile-header-display":"","site-post-title":"","ast-breadcrumbs-content":"","ast-featured-img":"","footer-sml-layout":"","theme-transparent-header-meta":"","adv-header-id-meta":"","stick-header-meta":"","header-above-stick-meta":"","header-main-stick-meta":"","header-below-stick-meta":""},"pwb-brand":[172],"product_cat":[127],"product_tag":[],"class_list":{"0":"post-10474","1":"product","2":"type-product","3":"status-publish","5":"pwb-brand-triclo","6":"product_cat-paisuntasailio","7":"desktop-align-left","8":"tablet-align-left","9":"mobile-align-left","11":"first","12":"instock","13":"product-type-external"},"brands":[{"id":172,"name":"TRICLO","slug":"triclo"}],"_links":{"self":[{"href":"https:\/\/www.autonvaraosahaku.fi\/index.php?rest_route=\/wp\/v2\/product\/10474","targetHints":{"allow":["GET"]}}],"collection":[{"href":"https:\/\/www.autonvaraosahaku.fi\/index.php?rest_route=\/wp\/v2\/product"}],"about":[{"href":"https:\/\/www.autonvaraosahaku.fi\/index.php?rest_route=\/wp\/v2\/types\/product"}],"wp:attachment":[{"href":"https:\/\/www.autonvaraosahaku.fi\/index.php?rest_route=%2Fwp%2Fv2%2Fmedia&parent=10474"}],"wp:term":[{"taxonomy":"pwb-brand","embeddable":true,"href":"https:\/\/www.autonvaraosahaku.fi\/index.php?rest_route=%2Fwp%2Fv2%2Fpwb-brand&post=10474"},{"taxonomy":"product_cat","embeddable":true,"href":"https:\/\/www.autonvaraosahaku.fi\/index.php?rest_route=%2Fwp%2Fv2%2Fproduct_cat&post=10474"},{"taxonomy":"product_tag","embeddable":true,"href":"https:\/\/www.autonvaraosahaku.fi\/index.php?rest_route=%2Fwp%2Fv2%2Fproduct_tag&post=10474"}],"curies":[{"name":"wp","href":"https:\/\/api.w.org\/{rel}","templated":true}]}}