{"id":104760,"date":"2021-02-21T23:04:35","date_gmt":"2021-02-21T23:04:35","guid":{"rendered":"https:\/\/www.autonvaraosahaku.fi\/?product=hitachi-130647-laturin-jannitteensaadin"},"modified":"2021-02-21T23:04:38","modified_gmt":"2021-02-21T23:04:38","slug":"hitachi-130647-laturin-jannitteensaadin","status":"publish","type":"product","link":"https:\/\/www.autonvaraosahaku.fi\/?product=hitachi-130647-laturin-jannitteensaadin","title":{"rendered":"Hitachi 130647 Laturin j\u00e4nnitteens\u00e4\u00e4din"},"content":{"rendered":"<p>Valmistaja rajaus: VALEO; Laturi varausvirta (A): 120, 150, 180; lis\u00e4tieto: Hueco; VW: TOUAREG 7LA, 7L6, 7L7; AUDI: A6 Avant 4F5, C6,A6 4F2, C6,Q7 4L,A8 4E_,A6 Allroad 4FH, C6; BMW: 3 E46,3 Touring E91,3 E90,5 E60,5 Touring E61,3 Touring E46,X3 E83,3 Coupe E46,3 Coupe E92,3 Cabriolet E46,Z4 E85,7 E65, E66, E67,Z4 Coupe E86; MERCEDES-BENZ: C-CLASS W203,E-CLASS W211,C-CLASS W204,C-CLASS T-Model S204,C-CLASS T-Model S203,E-CLASS T-Model S211,C-CLASS Coupe CL203,SLK R171,CLK C209,CLK Cabriolet A209,CLC-CLASS CL203; Laturin S\u00e4\u00e4din,J\u00e4nniteens\u00e4\u00e4din<\/p>\n","protected":false},"excerpt":{"rendered":"<p>HITACHI Laturin J\u00e4nnitteens\u00e4\u00e4din 130647 Laturin S\u00e4\u00e4din,J\u00e4nniteens\u00e4\u00e4din VW,AUDI,BMW,TOUAREG 7LA, 7L6, 7L7,A6 Avant 4F5, C6,A6 4F2, C6,Q7 4L,A8 4E_<\/p>\n","protected":false},"featured_media":0,"template":"","meta":{"site-sidebar-layout":"default","site-content-layout":"default","ast-global-header-display":"","ast-main-header-display":"","ast-hfb-above-header-display":"","ast-hfb-below-header-display":"","ast-hfb-mobile-header-display":"","site-post-title":"","ast-breadcrumbs-content":"","ast-featured-img":"","footer-sml-layout":"","theme-transparent-header-meta":"","adv-header-id-meta":"","stick-header-meta":"","header-above-stick-meta":"","header-main-stick-meta":"","header-below-stick-meta":""},"pwb-brand":[544],"product_cat":[420],"product_tag":[],"class_list":{"0":"post-104760","1":"product","2":"type-product","3":"status-publish","5":"pwb-brand-hitachi","6":"product_cat-laturin-jannitteensaadin","7":"desktop-align-left","8":"tablet-align-left","9":"mobile-align-left","11":"first","12":"instock","13":"product-type-external"},"brands":[{"id":544,"name":"Hitachi","slug":"hitachi"}],"_links":{"self":[{"href":"https:\/\/www.autonvaraosahaku.fi\/index.php?rest_route=\/wp\/v2\/product\/104760","targetHints":{"allow":["GET"]}}],"collection":[{"href":"https:\/\/www.autonvaraosahaku.fi\/index.php?rest_route=\/wp\/v2\/product"}],"about":[{"href":"https:\/\/www.autonvaraosahaku.fi\/index.php?rest_route=\/wp\/v2\/types\/product"}],"wp:attachment":[{"href":"https:\/\/www.autonvaraosahaku.fi\/index.php?rest_route=%2Fwp%2Fv2%2Fmedia&parent=104760"}],"wp:term":[{"taxonomy":"pwb-brand","embeddable":true,"href":"https:\/\/www.autonvaraosahaku.fi\/index.php?rest_route=%2Fwp%2Fv2%2Fpwb-brand&post=104760"},{"taxonomy":"product_cat","embeddable":true,"href":"https:\/\/www.autonvaraosahaku.fi\/index.php?rest_route=%2Fwp%2Fv2%2Fproduct_cat&post=104760"},{"taxonomy":"product_tag","embeddable":true,"href":"https:\/\/www.autonvaraosahaku.fi\/index.php?rest_route=%2Fwp%2Fv2%2Fproduct_tag&post=104760"}],"curies":[{"name":"wp","href":"https:\/\/api.w.org\/{rel}","templated":true}]}}