{"id":104764,"date":"2021-02-21T23:04:35","date_gmt":"2021-02-21T23:04:35","guid":{"rendered":"https:\/\/www.autonvaraosahaku.fi\/?product=kenwood-kdc-bt440u-muut-luokat"},"modified":"2021-02-21T23:04:39","modified_gmt":"2021-02-21T23:04:39","slug":"kenwood-kdc-bt440u-muut-luokat","status":"publish","type":"product","link":"https:\/\/www.autonvaraosahaku.fi\/?product=kenwood-kdc-bt440u-muut-luokat","title":{"rendered":"Kenwood KDC-BT440U Muut luokat"},"content":{"rendered":"<p>Koko: 1 DIN; Liittimet\/Pistokkeet: USB, AUX in; Bluetooth: Kyll\u00e4; Audio format: MP3, WMA, WAV, FLAC, AAC; Tyyppi: CD\/USB\/Bluetooth; Mikrofoni: Kyll\u00e4; lis\u00e4tieto: CD-R\/RW; Ulostulovirta USB [mA]: 1.5; Teho [W]: 4&#215;50; Tiedonsiirto: CAN-Bus-j\u00e4rjestelm\u00e4lle; Tuetut tiedostomuodot: USB 1.1\/2.0, FAT 32\/16\/12; K\u00e4ytt\u00f6j\u00e4nnite [V]: 14.4; Virrankulutus [A]:<\/p>\n","protected":false},"excerpt":{"rendered":"<p>KENWOOD Autosoitin KDC-BT440U<\/p>\n","protected":false},"featured_media":0,"template":"","meta":{"site-sidebar-layout":"default","site-content-layout":"default","ast-global-header-display":"","ast-main-header-display":"","ast-hfb-above-header-display":"","ast-hfb-below-header-display":"","ast-hfb-mobile-header-display":"","site-post-title":"","ast-breadcrumbs-content":"","ast-featured-img":"","footer-sml-layout":"","theme-transparent-header-meta":"","adv-header-id-meta":"","stick-header-meta":"","header-above-stick-meta":"","header-main-stick-meta":"","header-below-stick-meta":""},"pwb-brand":[546],"product_cat":[37],"product_tag":[],"class_list":{"0":"post-104764","1":"product","2":"type-product","3":"status-publish","5":"pwb-brand-kenwood","6":"product_cat-muut-luokat","7":"desktop-align-left","8":"tablet-align-left","9":"mobile-align-left","11":"first","12":"instock","13":"product-type-external"},"brands":[{"id":546,"name":"Kenwood","slug":"kenwood"}],"_links":{"self":[{"href":"https:\/\/www.autonvaraosahaku.fi\/index.php?rest_route=\/wp\/v2\/product\/104764","targetHints":{"allow":["GET"]}}],"collection":[{"href":"https:\/\/www.autonvaraosahaku.fi\/index.php?rest_route=\/wp\/v2\/product"}],"about":[{"href":"https:\/\/www.autonvaraosahaku.fi\/index.php?rest_route=\/wp\/v2\/types\/product"}],"wp:attachment":[{"href":"https:\/\/www.autonvaraosahaku.fi\/index.php?rest_route=%2Fwp%2Fv2%2Fmedia&parent=104764"}],"wp:term":[{"taxonomy":"pwb-brand","embeddable":true,"href":"https:\/\/www.autonvaraosahaku.fi\/index.php?rest_route=%2Fwp%2Fv2%2Fpwb-brand&post=104764"},{"taxonomy":"product_cat","embeddable":true,"href":"https:\/\/www.autonvaraosahaku.fi\/index.php?rest_route=%2Fwp%2Fv2%2Fproduct_cat&post=104764"},{"taxonomy":"product_tag","embeddable":true,"href":"https:\/\/www.autonvaraosahaku.fi\/index.php?rest_route=%2Fwp%2Fv2%2Fproduct_tag&post=104764"}],"curies":[{"name":"wp","href":"https:\/\/api.w.org\/{rel}","templated":true}]}}