{"id":104812,"date":"2021-02-21T23:04:53","date_gmt":"2021-02-21T23:04:53","guid":{"rendered":"https:\/\/www.autonvaraosahaku.fi\/?product=moog-ci-es-5119-raidetangon-paa"},"modified":"2021-02-21T23:04:54","modified_gmt":"2021-02-21T23:04:54","slug":"moog-ci-es-5119-raidetangon-paa","status":"publish","type":"product","link":"https:\/\/www.autonvaraosahaku.fi\/?product=moog-ci-es-5119-raidetangon-paa","title":{"rendered":"Moog CI-ES-5119 Raidetangon p\u00e4\u00e4"},"content":{"rendered":"<p>Asennuspuoli: Ulompi, Etuakseli, vasen; L\u00e4pimitta 1 [mm]: 21,3; Muoto: Kulmikas; Pakkaustyyppi: Laatikko; Pituus 1 (mm): 211,5; Kierre 1: M16X1.5; kierre 2: M14X1.5; Pakkauspituus [cm]: 34,5; Pakkausleveys [cm]: 8,5; Pakkauskorkeus [mm]: 6,5; FIAT: DUCATO Kasten 250,DUCATO Pritsche\/Fahrgestell 250,DUCATO Bus 250; CITRO\u00cbN: JUMPER Kasten,JUMPER Bus,JUMPER Pritsche\/Fahrgestell; PEUGEOT: BOXER Kasten,BOXER Bus,BOXER Pritsche\/Fahrgestell; 1610976480, 381769, 381777, 1376346080, 77364253, 77364253, 1610976480, 381769, 381777<\/p>\n","protected":false},"excerpt":{"rendered":"<p>MOOG Raidetangon P\u00e4\u00e4 CI-ES-5119  FIAT,CITRO\u00cbN,PEUGEOT,DUCATO Kasten 250,DUCATO Pritsche\/Fahrgestell 250,DUCATO Bus 250,JUMPER Kasten,JUMPER Bus<\/p>\n","protected":false},"featured_media":0,"template":"","meta":{"site-sidebar-layout":"default","site-content-layout":"default","ast-global-header-display":"","ast-main-header-display":"","ast-hfb-above-header-display":"","ast-hfb-below-header-display":"","ast-hfb-mobile-header-display":"","site-post-title":"","ast-breadcrumbs-content":"","ast-featured-img":"","footer-sml-layout":"","theme-transparent-header-meta":"","adv-header-id-meta":"","stick-header-meta":"","header-above-stick-meta":"","header-main-stick-meta":"","header-below-stick-meta":""},"pwb-brand":[548],"product_cat":[96],"product_tag":[],"class_list":{"0":"post-104812","1":"product","2":"type-product","3":"status-publish","5":"pwb-brand-moog","6":"product_cat-raidetangon-paa","7":"desktop-align-left","8":"tablet-align-left","9":"mobile-align-left","11":"first","12":"instock","13":"product-type-external"},"brands":[{"id":548,"name":"Moog","slug":"moog"}],"_links":{"self":[{"href":"https:\/\/www.autonvaraosahaku.fi\/index.php?rest_route=\/wp\/v2\/product\/104812","targetHints":{"allow":["GET"]}}],"collection":[{"href":"https:\/\/www.autonvaraosahaku.fi\/index.php?rest_route=\/wp\/v2\/product"}],"about":[{"href":"https:\/\/www.autonvaraosahaku.fi\/index.php?rest_route=\/wp\/v2\/types\/product"}],"wp:attachment":[{"href":"https:\/\/www.autonvaraosahaku.fi\/index.php?rest_route=%2Fwp%2Fv2%2Fmedia&parent=104812"}],"wp:term":[{"taxonomy":"pwb-brand","embeddable":true,"href":"https:\/\/www.autonvaraosahaku.fi\/index.php?rest_route=%2Fwp%2Fv2%2Fpwb-brand&post=104812"},{"taxonomy":"product_cat","embeddable":true,"href":"https:\/\/www.autonvaraosahaku.fi\/index.php?rest_route=%2Fwp%2Fv2%2Fproduct_cat&post=104812"},{"taxonomy":"product_tag","embeddable":true,"href":"https:\/\/www.autonvaraosahaku.fi\/index.php?rest_route=%2Fwp%2Fv2%2Fproduct_tag&post=104812"}],"curies":[{"name":"wp","href":"https:\/\/api.w.org\/{rel}","templated":true}]}}