{"id":10482,"date":"2021-02-21T14:08:56","date_gmt":"2021-02-21T14:08:56","guid":{"rendered":"https:\/\/www.autonvaraosahaku.fi\/?product=topran-600-416-peruutustutka-anturit"},"modified":"2021-02-21T14:08:57","modified_gmt":"2021-02-21T14:08:57","slug":"topran-600-416-peruutustutka-anturit","status":"publish","type":"product","link":"https:\/\/www.autonvaraosahaku.fi\/?product=topran-600-416-peruutustutka-anturit","title":{"rendered":"TOPRAN 600 416 Peruutustutka anturit"},"content":{"rendered":"<p>Tunnistinmalli: Ultra\u00e4\u00e4nitunnistin; Kemialliset ominaisuudet: maalattavissa; V\u00e4ri: Musta; Moottorinumero: 1.6 D Multijet; FIAT: DUCATO Kasten 250,BRAVO II 198,DUCATO Bus 250,DOBLO Kasten\/Kombi 263,QUBO 225,FIORINO Kasten\/Kombi 225; CITRO\u00cbN: JUMPER Kasten,NEMO Kasten AA_,JUMPER Bus,JUMPER Pritsche\/Fahrgestell,NEMO Kombi; PEUGEOT: BOXER Kasten,BOXER Bus,BOXER Pritsche\/Fahrgestell,BIPPER AA_,BIPPER Tepee; 1606904180, 6590Q7, 1347236080, 1368915080, 1606904180, 6590Q7; Tunnistin, Et\u00e4isyystunnistin<\/p>\n","protected":false},"excerpt":{"rendered":"<p>TOPRAN Peruutustutka Anturit 600 416 Tunnistin, Et\u00e4isyystunnistin FIAT,CITRO\u00cbN,PEUGEOT,DUCATO Kasten 250,BRAVO II 198,DUCATO Bus 250<\/p>\n","protected":false},"featured_media":0,"template":"","meta":{"site-sidebar-layout":"default","site-content-layout":"default","ast-global-header-display":"","ast-main-header-display":"","ast-hfb-above-header-display":"","ast-hfb-below-header-display":"","ast-hfb-mobile-header-display":"","site-post-title":"","ast-breadcrumbs-content":"","ast-featured-img":"","footer-sml-layout":"","theme-transparent-header-meta":"","adv-header-id-meta":"","stick-header-meta":"","header-above-stick-meta":"","header-main-stick-meta":"","header-below-stick-meta":""},"pwb-brand":[18],"product_cat":[217],"product_tag":[],"class_list":{"0":"post-10482","1":"product","2":"type-product","3":"status-publish","5":"pwb-brand-topran","6":"product_cat-peruutustutka-anturit","7":"desktop-align-left","8":"tablet-align-left","9":"mobile-align-left","11":"first","12":"instock","13":"product-type-external"},"brands":[{"id":18,"name":"TOPRAN","slug":"topran"}],"_links":{"self":[{"href":"https:\/\/www.autonvaraosahaku.fi\/index.php?rest_route=\/wp\/v2\/product\/10482","targetHints":{"allow":["GET"]}}],"collection":[{"href":"https:\/\/www.autonvaraosahaku.fi\/index.php?rest_route=\/wp\/v2\/product"}],"about":[{"href":"https:\/\/www.autonvaraosahaku.fi\/index.php?rest_route=\/wp\/v2\/types\/product"}],"wp:attachment":[{"href":"https:\/\/www.autonvaraosahaku.fi\/index.php?rest_route=%2Fwp%2Fv2%2Fmedia&parent=10482"}],"wp:term":[{"taxonomy":"pwb-brand","embeddable":true,"href":"https:\/\/www.autonvaraosahaku.fi\/index.php?rest_route=%2Fwp%2Fv2%2Fpwb-brand&post=10482"},{"taxonomy":"product_cat","embeddable":true,"href":"https:\/\/www.autonvaraosahaku.fi\/index.php?rest_route=%2Fwp%2Fv2%2Fproduct_cat&post=10482"},{"taxonomy":"product_tag","embeddable":true,"href":"https:\/\/www.autonvaraosahaku.fi\/index.php?rest_route=%2Fwp%2Fv2%2Fproduct_tag&post=10482"}],"curies":[{"name":"wp","href":"https:\/\/api.w.org\/{rel}","templated":true}]}}