{"id":104848,"date":"2021-02-21T23:04:59","date_gmt":"2021-02-21T23:04:59","guid":{"rendered":"https:\/\/www.autonvaraosahaku.fi\/?product=moog-pe-sb-6650-kallistuksenvakaajan-puslat"},"modified":"2021-02-21T23:05:04","modified_gmt":"2021-02-21T23:05:04","slug":"moog-pe-sb-6650-kallistuksenvakaajan-puslat","status":"publish","type":"product","link":"https:\/\/www.autonvaraosahaku.fi\/?product=moog-pe-sb-6650-kallistuksenvakaajan-puslat","title":{"rendered":"Moog PE-SB-6650 Kallistuksenvakaajan puslat"},"content":{"rendered":"<p>Asennuspuoli: Etuakseli; Korkeus (mm): 55; Sis\u00e4l\u00e4pimitta [mm]: 23; Pakkaustyyppi: Pussi; Pituus, sis\u00e4 (mm): 32,3; Pakkauspituus [cm]: 5,5; Pakkausleveys [cm]: 3,3; Pakkauskorkeus [mm]: 3,3; Kallistuksenvakaajan l\u00e4pimitta [mm]: 23; PEUGEOT: 205 II 20A\/C,205 I Cabriolet 741B, 20D,309 II 3C, 3A,205 I 741A\/C,309 I 10C, 10A,205 Kasten; CITRO\u00cbN: C15 VD-_,VISA Cabriolet,C15 Kombi; 509440, 509440<\/p>\n","protected":false},"excerpt":{"rendered":"<p>MOOG Laakerin Holkki, Vakaaja PE-SB-6650  PEUGEOT,CITRO\u00cbN,205 II 20A\/C,205 I Cabriolet 741B, 20D,309 II 3C, 3A,205 I 741A\/C,309 I 10C, 10A,205 Kasten<\/p>\n","protected":false},"featured_media":0,"template":"","meta":{"site-sidebar-layout":"default","site-content-layout":"default","ast-global-header-display":"","ast-main-header-display":"","ast-hfb-above-header-display":"","ast-hfb-below-header-display":"","ast-hfb-mobile-header-display":"","site-post-title":"","ast-breadcrumbs-content":"","ast-featured-img":"","footer-sml-layout":"","theme-transparent-header-meta":"","adv-header-id-meta":"","stick-header-meta":"","header-above-stick-meta":"","header-main-stick-meta":"","header-below-stick-meta":""},"pwb-brand":[548],"product_cat":[82],"product_tag":[],"class_list":{"0":"post-104848","1":"product","2":"type-product","3":"status-publish","5":"pwb-brand-moog","6":"product_cat-kallistuksenvakaajan-puslat","7":"desktop-align-left","8":"tablet-align-left","9":"mobile-align-left","11":"first","12":"instock","13":"product-type-external"},"brands":[{"id":548,"name":"Moog","slug":"moog"}],"_links":{"self":[{"href":"https:\/\/www.autonvaraosahaku.fi\/index.php?rest_route=\/wp\/v2\/product\/104848","targetHints":{"allow":["GET"]}}],"collection":[{"href":"https:\/\/www.autonvaraosahaku.fi\/index.php?rest_route=\/wp\/v2\/product"}],"about":[{"href":"https:\/\/www.autonvaraosahaku.fi\/index.php?rest_route=\/wp\/v2\/types\/product"}],"wp:attachment":[{"href":"https:\/\/www.autonvaraosahaku.fi\/index.php?rest_route=%2Fwp%2Fv2%2Fmedia&parent=104848"}],"wp:term":[{"taxonomy":"pwb-brand","embeddable":true,"href":"https:\/\/www.autonvaraosahaku.fi\/index.php?rest_route=%2Fwp%2Fv2%2Fpwb-brand&post=104848"},{"taxonomy":"product_cat","embeddable":true,"href":"https:\/\/www.autonvaraosahaku.fi\/index.php?rest_route=%2Fwp%2Fv2%2Fproduct_cat&post=104848"},{"taxonomy":"product_tag","embeddable":true,"href":"https:\/\/www.autonvaraosahaku.fi\/index.php?rest_route=%2Fwp%2Fv2%2Fproduct_tag&post=104848"}],"curies":[{"name":"wp","href":"https:\/\/api.w.org\/{rel}","templated":true}]}}