{"id":104855,"date":"2021-02-21T23:05:05","date_gmt":"2021-02-21T23:05:05","guid":{"rendered":"https:\/\/www.autonvaraosahaku.fi\/?product=moog-al-sb-1721-tukivarren-hela"},"modified":"2021-02-21T23:05:07","modified_gmt":"2021-02-21T23:05:07","slug":"moog-al-sb-1721-tukivarren-hela","status":"publish","type":"product","link":"https:\/\/www.autonvaraosahaku.fi\/?product=moog-al-sb-1721-tukivarren-hela","title":{"rendered":"Moog AL-SB-1721 Tukivarren hela"},"content":{"rendered":"<p>Asennuspuoli: Molemminpuolin, Yl\u00e4puolella, Etuakseli; Pituus (mm): 40; Korkeus (mm): 38; Sis\u00e4l\u00e4pimitta [mm]: 10,2; Pakkaustyyppi: Pussi; Pakkauspituus [cm]: 6; Pakkausleveys [cm]: 5,5; Pakkauskorkeus [mm]: 5,5; ALFA ROMEO: 147 937,156 Sportwagon 932,156 932,GT 937; 606572456, partof606572456, 606572456, partof606572456, 606572456, partof606572456<\/p>\n","protected":false},"excerpt":{"rendered":"<p>MOOG Tukivarren Hela AL-SB-1721  ALFA ROMEO,147 937,156 Sportwagon 932,156 932,GT 937<\/p>\n","protected":false},"featured_media":0,"template":"","meta":{"site-sidebar-layout":"default","site-content-layout":"default","ast-global-header-display":"","ast-main-header-display":"","ast-hfb-above-header-display":"","ast-hfb-below-header-display":"","ast-hfb-mobile-header-display":"","site-post-title":"","ast-breadcrumbs-content":"","ast-featured-img":"","footer-sml-layout":"","theme-transparent-header-meta":"","adv-header-id-meta":"","stick-header-meta":"","header-above-stick-meta":"","header-main-stick-meta":"","header-below-stick-meta":""},"pwb-brand":[548],"product_cat":[115],"product_tag":[],"class_list":{"0":"post-104855","1":"product","2":"type-product","3":"status-publish","5":"pwb-brand-moog","6":"product_cat-tukivarren-hela","7":"desktop-align-left","8":"tablet-align-left","9":"mobile-align-left","11":"first","12":"instock","13":"product-type-external"},"brands":[{"id":548,"name":"Moog","slug":"moog"}],"_links":{"self":[{"href":"https:\/\/www.autonvaraosahaku.fi\/index.php?rest_route=\/wp\/v2\/product\/104855","targetHints":{"allow":["GET"]}}],"collection":[{"href":"https:\/\/www.autonvaraosahaku.fi\/index.php?rest_route=\/wp\/v2\/product"}],"about":[{"href":"https:\/\/www.autonvaraosahaku.fi\/index.php?rest_route=\/wp\/v2\/types\/product"}],"wp:attachment":[{"href":"https:\/\/www.autonvaraosahaku.fi\/index.php?rest_route=%2Fwp%2Fv2%2Fmedia&parent=104855"}],"wp:term":[{"taxonomy":"pwb-brand","embeddable":true,"href":"https:\/\/www.autonvaraosahaku.fi\/index.php?rest_route=%2Fwp%2Fv2%2Fpwb-brand&post=104855"},{"taxonomy":"product_cat","embeddable":true,"href":"https:\/\/www.autonvaraosahaku.fi\/index.php?rest_route=%2Fwp%2Fv2%2Fproduct_cat&post=104855"},{"taxonomy":"product_tag","embeddable":true,"href":"https:\/\/www.autonvaraosahaku.fi\/index.php?rest_route=%2Fwp%2Fv2%2Fproduct_tag&post=104855"}],"curies":[{"name":"wp","href":"https:\/\/api.w.org\/{rel}","templated":true}]}}