{"id":104860,"date":"2021-02-21T23:05:05","date_gmt":"2021-02-21T23:05:05","guid":{"rendered":"https:\/\/www.autonvaraosahaku.fi\/?product=moog-me-es-0212-raidetangon-paa"},"modified":"2021-02-21T23:05:08","modified_gmt":"2021-02-21T23:05:08","slug":"moog-me-es-0212-raidetangon-paa","status":"publish","type":"product","link":"https:\/\/www.autonvaraosahaku.fi\/?product=moog-me-es-0212-raidetangon-paa","title":{"rendered":"Moog ME-ES-0212 Raidetangon p\u00e4\u00e4"},"content":{"rendered":"<p>Asennuspuoli: Etuakseli, beidseitig; L\u00e4pimitta 1 [mm]: 14; Muoto: Suora; Pakkaustyyppi: Laatikko; Pituus 1 (mm): 90; Pituus 2 (mm): 18; Kierre 1: M14X1.5; kierre 2: M10X1; Pakkauspituus [cm]: 12,5; Pakkausleveys [cm]: 9; Pakkauskorkeus [mm]: 8; BMW: 02 E10,02 Touring E6,02 Cabriolet E10; MERCEDES-BENZ: SL R107,Stufenheck W123,S-CLASS W126,COUPE C123,S-CLASS W108, W109,S-CLASS W116,COUPE W111,S-CLASS Coupe C126,KOMBI Kombi S123,SL Coupe C107,HECKFLOSSE W111, W112,CABRIOLET W111; 32211114842, 0003385510, 1803301148, 32211114842, 3380710, 3381910, 3385210<\/p>\n","protected":false},"excerpt":{"rendered":"<p>MOOG Raidetangon P\u00e4\u00e4 ME-ES-0212  BMW,MERCEDES-BENZ,02 E10,02 Touring E6,02 Cabriolet E10,SL R107,Stufenheck W123,S-CLASS W126,COUPE C123<\/p>\n","protected":false},"featured_media":0,"template":"","meta":{"site-sidebar-layout":"default","site-content-layout":"default","ast-global-header-display":"","ast-main-header-display":"","ast-hfb-above-header-display":"","ast-hfb-below-header-display":"","ast-hfb-mobile-header-display":"","site-post-title":"","ast-breadcrumbs-content":"","ast-featured-img":"","footer-sml-layout":"","theme-transparent-header-meta":"","adv-header-id-meta":"","stick-header-meta":"","header-above-stick-meta":"","header-main-stick-meta":"","header-below-stick-meta":""},"pwb-brand":[548],"product_cat":[96],"product_tag":[],"class_list":{"0":"post-104860","1":"product","2":"type-product","3":"status-publish","5":"pwb-brand-moog","6":"product_cat-raidetangon-paa","7":"desktop-align-left","8":"tablet-align-left","9":"mobile-align-left","11":"first","12":"instock","13":"product-type-external"},"brands":[{"id":548,"name":"Moog","slug":"moog"}],"_links":{"self":[{"href":"https:\/\/www.autonvaraosahaku.fi\/index.php?rest_route=\/wp\/v2\/product\/104860","targetHints":{"allow":["GET"]}}],"collection":[{"href":"https:\/\/www.autonvaraosahaku.fi\/index.php?rest_route=\/wp\/v2\/product"}],"about":[{"href":"https:\/\/www.autonvaraosahaku.fi\/index.php?rest_route=\/wp\/v2\/types\/product"}],"wp:attachment":[{"href":"https:\/\/www.autonvaraosahaku.fi\/index.php?rest_route=%2Fwp%2Fv2%2Fmedia&parent=104860"}],"wp:term":[{"taxonomy":"pwb-brand","embeddable":true,"href":"https:\/\/www.autonvaraosahaku.fi\/index.php?rest_route=%2Fwp%2Fv2%2Fpwb-brand&post=104860"},{"taxonomy":"product_cat","embeddable":true,"href":"https:\/\/www.autonvaraosahaku.fi\/index.php?rest_route=%2Fwp%2Fv2%2Fproduct_cat&post=104860"},{"taxonomy":"product_tag","embeddable":true,"href":"https:\/\/www.autonvaraosahaku.fi\/index.php?rest_route=%2Fwp%2Fv2%2Fproduct_tag&post=104860"}],"curies":[{"name":"wp","href":"https:\/\/api.w.org\/{rel}","templated":true}]}}