{"id":104869,"date":"2021-02-21T23:05:05","date_gmt":"2021-02-21T23:05:05","guid":{"rendered":"https:\/\/www.autonvaraosahaku.fi\/?product=moog-bm-es-3728-raidetangon-paa"},"modified":"2021-02-21T23:05:11","modified_gmt":"2021-02-21T23:05:11","slug":"moog-bm-es-3728-raidetangon-paa","status":"publish","type":"product","link":"https:\/\/www.autonvaraosahaku.fi\/?product=moog-bm-es-3728-raidetangon-paa","title":{"rendered":"Moog BM-ES-3728 Raidetangon p\u00e4\u00e4"},"content":{"rendered":"<p>Asennuspuoli: Ulompi, Vasen, Etuakseli; L\u00e4pimitta 1 [mm]: 15,7; Muoto: Suora; Pakkaustyyppi: Laatikko; Pituus 1 (mm): 140; Pituus 2 (mm): 30; Kierre 1: M14X1.5; kierre 2: M14X1.5; Pakkauspituus [cm]: 21,5; Pakkausleveys [cm]: 13; Pakkauskorkeus [mm]: 6; Ohjausvaihdevalmisteelle: TRW; BMW: 3 Touring E91,3 E90,1 E87,X1 E84,1 E81,3 Coupe E92,3 Cabriolet E93,1 Cabriolet E88,1 Coupe E82,Z4 E89; 32106765089, 32106767781, 32106765089<\/p>\n","protected":false},"excerpt":{"rendered":"<p>MOOG Raidetangon P\u00e4\u00e4 Hybrid Core BM-ES-3728  BMW,3 Touring E91,3 E90,1 E87,X1 E84,1 E81,3 Coupe E92,3 Cabriolet E93,1 Cabriolet E88,1 Coupe E82,Z4 E89<\/p>\n","protected":false},"featured_media":0,"template":"","meta":{"site-sidebar-layout":"default","site-content-layout":"default","ast-global-header-display":"","ast-main-header-display":"","ast-hfb-above-header-display":"","ast-hfb-below-header-display":"","ast-hfb-mobile-header-display":"","site-post-title":"","ast-breadcrumbs-content":"","ast-featured-img":"","footer-sml-layout":"","theme-transparent-header-meta":"","adv-header-id-meta":"","stick-header-meta":"","header-above-stick-meta":"","header-main-stick-meta":"","header-below-stick-meta":""},"pwb-brand":[548],"product_cat":[96],"product_tag":[],"class_list":{"0":"post-104869","1":"product","2":"type-product","3":"status-publish","5":"pwb-brand-moog","6":"product_cat-raidetangon-paa","7":"desktop-align-left","8":"tablet-align-left","9":"mobile-align-left","11":"first","12":"instock","13":"product-type-external"},"brands":[{"id":548,"name":"Moog","slug":"moog"}],"_links":{"self":[{"href":"https:\/\/www.autonvaraosahaku.fi\/index.php?rest_route=\/wp\/v2\/product\/104869","targetHints":{"allow":["GET"]}}],"collection":[{"href":"https:\/\/www.autonvaraosahaku.fi\/index.php?rest_route=\/wp\/v2\/product"}],"about":[{"href":"https:\/\/www.autonvaraosahaku.fi\/index.php?rest_route=\/wp\/v2\/types\/product"}],"wp:attachment":[{"href":"https:\/\/www.autonvaraosahaku.fi\/index.php?rest_route=%2Fwp%2Fv2%2Fmedia&parent=104869"}],"wp:term":[{"taxonomy":"pwb-brand","embeddable":true,"href":"https:\/\/www.autonvaraosahaku.fi\/index.php?rest_route=%2Fwp%2Fv2%2Fpwb-brand&post=104869"},{"taxonomy":"product_cat","embeddable":true,"href":"https:\/\/www.autonvaraosahaku.fi\/index.php?rest_route=%2Fwp%2Fv2%2Fproduct_cat&post=104869"},{"taxonomy":"product_tag","embeddable":true,"href":"https:\/\/www.autonvaraosahaku.fi\/index.php?rest_route=%2Fwp%2Fv2%2Fproduct_tag&post=104869"}],"curies":[{"name":"wp","href":"https:\/\/api.w.org\/{rel}","templated":true}]}}