{"id":104872,"date":"2021-02-21T23:05:11","date_gmt":"2021-02-21T23:05:11","guid":{"rendered":"https:\/\/www.autonvaraosahaku.fi\/?product=moog-op-ls-0515-koiranluu"},"modified":"2021-02-21T23:05:12","modified_gmt":"2021-02-21T23:05:12","slug":"moog-op-ls-0515-koiranluu","status":"publish","type":"product","link":"https:\/\/www.autonvaraosahaku.fi\/?product=moog-op-ls-0515-koiranluu","title":{"rendered":"Moog OP-LS-0515 Koiranluu"},"content":{"rendered":"<p>Asennuspuoli: etuakseli molemminpuoleinen; Pituus (mm): 300; L\u00e4pimitta 1 [mm]: 19; L\u00e4pimitta 2 [mm]: 19; L\u00e4pimitta 3 [mm]: 9; Materiaali: Ter\u00e4s; Tanko \/ tuki: Yhdystanko; Kierremalli: Oikealla kierteell\u00e4; Pakkaustyyppi: Laatikko; Kierre 1: M12X1.5; kierre 2: M12X1.5; Pakkauspituus [cm]: 42,5; Pakkausleveys [cm]: 11,5; Pakkauskorkeus [mm]: 4,5; OPEL: ZAFIRA B A05,ASTRA H Caravan L35,ZAFIRA A F75_,ASTRA G CC F48_, F08_,ASTRA H L48,ASTRA G Caravan F35_,ASTRA H GTC L08,ASTRA H TwinTop L67,ASTRA G Cabriolet F67,ASTRA G Coupe F07_,ASTRA G Stufenheck F69_,ZAFIRA B Van,ASTRA H Stufenheck L69,ASTRA H Kasten L70,ASTRA G Kasten F70,ASTRA G CLASSIC Caravan F35,ASTRA CLASSIC Caravan,ASTRA G CLASSIC T98,ASTRA CLASSIC L48,ASTRA CLASSIC Stufenheck,ASTRA G CLASSIC Stufenheck T98; VAUXHALL: ZAFIRA Mk II B M75,ASTRA Mk V H CC,ZAFIRA Mk I A F75,ASTRA Mk V H Estate,ASTRA Mk V H Convertible,ASTRA Mk IV G CC,ASTRA Mk IV G Sedan,ASTRAVAN Mk IV G,ASTRA Mk IV G Coupe F67,ASTRA Mk IV G Convertible,ASTRA Mk IV G Estate; 13169439, 13327928, 350176, 350611, 350614, 90498745, 13169439, 13327928, 350611, 90498745; Kallistuksenvakaajan Yhdystanko,Tanko, Kallistuksenvaimennin<\/p>\n","protected":false},"excerpt":{"rendered":"<p>MOOG Koiranluu OP-LS-0515 Kallistuksenvakaajan Yhdystanko,Tanko, Kallistuksenvaimennin OPEL,VAUXHALL,ZAFIRA B A05,ASTRA H Caravan L35,ZAFIRA A F75_<\/p>\n","protected":false},"featured_media":0,"template":"","meta":{"site-sidebar-layout":"default","site-content-layout":"default","ast-global-header-display":"","ast-main-header-display":"","ast-hfb-above-header-display":"","ast-hfb-below-header-display":"","ast-hfb-mobile-header-display":"","site-post-title":"","ast-breadcrumbs-content":"","ast-featured-img":"","footer-sml-layout":"","theme-transparent-header-meta":"","adv-header-id-meta":"","stick-header-meta":"","header-above-stick-meta":"","header-main-stick-meta":"","header-below-stick-meta":""},"pwb-brand":[548],"product_cat":[38],"product_tag":[],"class_list":{"0":"post-104872","1":"product","2":"type-product","3":"status-publish","5":"pwb-brand-moog","6":"product_cat-koiranluu","7":"desktop-align-left","8":"tablet-align-left","9":"mobile-align-left","11":"first","12":"instock","13":"product-type-external"},"brands":[{"id":548,"name":"Moog","slug":"moog"}],"_links":{"self":[{"href":"https:\/\/www.autonvaraosahaku.fi\/index.php?rest_route=\/wp\/v2\/product\/104872","targetHints":{"allow":["GET"]}}],"collection":[{"href":"https:\/\/www.autonvaraosahaku.fi\/index.php?rest_route=\/wp\/v2\/product"}],"about":[{"href":"https:\/\/www.autonvaraosahaku.fi\/index.php?rest_route=\/wp\/v2\/types\/product"}],"wp:attachment":[{"href":"https:\/\/www.autonvaraosahaku.fi\/index.php?rest_route=%2Fwp%2Fv2%2Fmedia&parent=104872"}],"wp:term":[{"taxonomy":"pwb-brand","embeddable":true,"href":"https:\/\/www.autonvaraosahaku.fi\/index.php?rest_route=%2Fwp%2Fv2%2Fpwb-brand&post=104872"},{"taxonomy":"product_cat","embeddable":true,"href":"https:\/\/www.autonvaraosahaku.fi\/index.php?rest_route=%2Fwp%2Fv2%2Fproduct_cat&post=104872"},{"taxonomy":"product_tag","embeddable":true,"href":"https:\/\/www.autonvaraosahaku.fi\/index.php?rest_route=%2Fwp%2Fv2%2Fproduct_tag&post=104872"}],"curies":[{"name":"wp","href":"https:\/\/api.w.org\/{rel}","templated":true}]}}