{"id":104898,"date":"2021-02-21T23:05:18","date_gmt":"2021-02-21T23:05:18","guid":{"rendered":"https:\/\/www.autonvaraosahaku.fi\/?product=moog-fd-es-3891-raidetangon-paa"},"modified":"2021-02-21T23:05:21","modified_gmt":"2021-02-21T23:05:21","slug":"moog-fd-es-3891-raidetangon-paa","status":"publish","type":"product","link":"https:\/\/www.autonvaraosahaku.fi\/?product=moog-fd-es-3891-raidetangon-paa","title":{"rendered":"Moog FD-ES-3891 Raidetangon p\u00e4\u00e4"},"content":{"rendered":"<p>Asennuspuoli: Ulompi, Oikea, Etuakseli; L\u00e4pimitta 1 [mm]: 16,25; Muoto: Kulmikas; Pakkaustyyppi: Laatikko; Pituus 1 (mm): 100; Pituus 2 (mm): 19,5; Kierre 1: M16X1.5; kierre 2: M10X1.5; Pakkauspituus [cm]: 12,5; Pakkausleveys [cm]: 9; Pakkauskorkeus [mm]: 7,5; VOLVO: V50 MW,C30,S40 II MS,C70 II Cabriolet; FORD: FOCUS II Kombi DA_,FOCUS II DA_,FOCUS C-MAX,C-MAX DM2,FOCUS II Stufenheck DA_,FOCUS II Cabriolet; 1251924, 1251925, 1306176, 1306177, 1315074, 1315083, 1317446, 1317447, 1328877, 1328881, 1388549, 1404785, 1541652, 1541811, 1730933, 1730934, 274501, 3M513289AC, 3M513290AC, 3M513C367AA, 3M513C367AB, 3M513C437AA, 3M513C437AB, 4M513289AB, 4M513289AC, 4M513289AD, 4M513290AB, 4M513290AC, 4M513290AD, 274500, 274501, 31201412, 31201413<\/p>\n","protected":false},"excerpt":{"rendered":"<p>MOOG Raidetangon P\u00e4\u00e4 FD-ES-3891  VOLVO,FORD,V50 MW,C30,S40 II MS,C70 II Cabriolet,FOCUS II Kombi DA_,FOCUS II DA_,FOCUS C-MAX,C-MAX DM2<\/p>\n","protected":false},"featured_media":0,"template":"","meta":{"site-sidebar-layout":"default","site-content-layout":"default","ast-global-header-display":"","ast-main-header-display":"","ast-hfb-above-header-display":"","ast-hfb-below-header-display":"","ast-hfb-mobile-header-display":"","site-post-title":"","ast-breadcrumbs-content":"","ast-featured-img":"","footer-sml-layout":"","theme-transparent-header-meta":"","adv-header-id-meta":"","stick-header-meta":"","header-above-stick-meta":"","header-main-stick-meta":"","header-below-stick-meta":""},"pwb-brand":[548],"product_cat":[96],"product_tag":[],"class_list":{"0":"post-104898","1":"product","2":"type-product","3":"status-publish","5":"pwb-brand-moog","6":"product_cat-raidetangon-paa","7":"desktop-align-left","8":"tablet-align-left","9":"mobile-align-left","11":"first","12":"instock","13":"product-type-external"},"brands":[{"id":548,"name":"Moog","slug":"moog"}],"_links":{"self":[{"href":"https:\/\/www.autonvaraosahaku.fi\/index.php?rest_route=\/wp\/v2\/product\/104898","targetHints":{"allow":["GET"]}}],"collection":[{"href":"https:\/\/www.autonvaraosahaku.fi\/index.php?rest_route=\/wp\/v2\/product"}],"about":[{"href":"https:\/\/www.autonvaraosahaku.fi\/index.php?rest_route=\/wp\/v2\/types\/product"}],"wp:attachment":[{"href":"https:\/\/www.autonvaraosahaku.fi\/index.php?rest_route=%2Fwp%2Fv2%2Fmedia&parent=104898"}],"wp:term":[{"taxonomy":"pwb-brand","embeddable":true,"href":"https:\/\/www.autonvaraosahaku.fi\/index.php?rest_route=%2Fwp%2Fv2%2Fpwb-brand&post=104898"},{"taxonomy":"product_cat","embeddable":true,"href":"https:\/\/www.autonvaraosahaku.fi\/index.php?rest_route=%2Fwp%2Fv2%2Fproduct_cat&post=104898"},{"taxonomy":"product_tag","embeddable":true,"href":"https:\/\/www.autonvaraosahaku.fi\/index.php?rest_route=%2Fwp%2Fv2%2Fproduct_tag&post=104898"}],"curies":[{"name":"wp","href":"https:\/\/api.w.org\/{rel}","templated":true}]}}