{"id":104917,"date":"2021-02-21T23:05:25","date_gmt":"2021-02-21T23:05:25","guid":{"rendered":"https:\/\/www.autonvaraosahaku.fi\/?product=moog-fi-es-10933-raidetangon-paa"},"modified":"2021-02-21T23:05:27","modified_gmt":"2021-02-21T23:05:27","slug":"moog-fi-es-10933-raidetangon-paa","status":"publish","type":"product","link":"https:\/\/www.autonvaraosahaku.fi\/?product=moog-fi-es-10933-raidetangon-paa","title":{"rendered":"Moog FI-ES-10933 Raidetangon p\u00e4\u00e4"},"content":{"rendered":"<p>Asennuspuoli: Ulompi, Molemminpuolin, Etuakseli; L\u00e4pimitta 1 [mm]: 16; Muoto: Suora; Pakkaustyyppi: Laatikko; Pituus 1 (mm): 123; Pituus 2 (mm): 31; Kierre 1: M14X1.5; kierre 2: M12X1.25; Pakkauspituus [cm]: 20; Pakkausleveys [cm]: 9,5; Pakkauskorkeus [mm]: 5; JEEP: COMPASS MK49,PATRIOT MK74; CHRYSLER: VOYAGER IV RG, RS,SEBRING JS,SEBRING Cabriolet JS; FIAT: FREEMONT JF_; DODGE: CALIBER,JOURNEY,AVENGER; 68141058AA, 05183761AD, 5183761AB, 5183761AC, 5183761AD, 68141058AA, 05183761AD, 5183761AA, 5183761AB, 5183761AC, 5183761AD, 68141058AA, 05183761AD, 68141058AA, K05183761AA, K05183761AB, K05183761AC, K05183761AD, K68014944AA, K68141058AA, 5183761AA, 5183761AB, 5183761AD, 68141058AA, 68141058AA, K05183761AD, K68141058AA<\/p>\n","protected":false},"excerpt":{"rendered":"<p>MOOG Raidetangon P\u00e4\u00e4 FI-ES-10933  JEEP,CHRYSLER,FIAT,COMPASS MK49,PATRIOT MK74,VOYAGER IV RG, RS,SEBRING JS,SEBRING Cabriolet JS,FREEMONT JF_,CALIBER<\/p>\n","protected":false},"featured_media":0,"template":"","meta":{"site-sidebar-layout":"default","site-content-layout":"default","ast-global-header-display":"","ast-main-header-display":"","ast-hfb-above-header-display":"","ast-hfb-below-header-display":"","ast-hfb-mobile-header-display":"","site-post-title":"","ast-breadcrumbs-content":"","ast-featured-img":"","footer-sml-layout":"","theme-transparent-header-meta":"","adv-header-id-meta":"","stick-header-meta":"","header-above-stick-meta":"","header-main-stick-meta":"","header-below-stick-meta":""},"pwb-brand":[548],"product_cat":[96],"product_tag":[],"class_list":{"0":"post-104917","1":"product","2":"type-product","3":"status-publish","5":"pwb-brand-moog","6":"product_cat-raidetangon-paa","7":"desktop-align-left","8":"tablet-align-left","9":"mobile-align-left","11":"first","12":"instock","13":"product-type-external"},"brands":[{"id":548,"name":"Moog","slug":"moog"}],"_links":{"self":[{"href":"https:\/\/www.autonvaraosahaku.fi\/index.php?rest_route=\/wp\/v2\/product\/104917","targetHints":{"allow":["GET"]}}],"collection":[{"href":"https:\/\/www.autonvaraosahaku.fi\/index.php?rest_route=\/wp\/v2\/product"}],"about":[{"href":"https:\/\/www.autonvaraosahaku.fi\/index.php?rest_route=\/wp\/v2\/types\/product"}],"wp:attachment":[{"href":"https:\/\/www.autonvaraosahaku.fi\/index.php?rest_route=%2Fwp%2Fv2%2Fmedia&parent=104917"}],"wp:term":[{"taxonomy":"pwb-brand","embeddable":true,"href":"https:\/\/www.autonvaraosahaku.fi\/index.php?rest_route=%2Fwp%2Fv2%2Fpwb-brand&post=104917"},{"taxonomy":"product_cat","embeddable":true,"href":"https:\/\/www.autonvaraosahaku.fi\/index.php?rest_route=%2Fwp%2Fv2%2Fproduct_cat&post=104917"},{"taxonomy":"product_tag","embeddable":true,"href":"https:\/\/www.autonvaraosahaku.fi\/index.php?rest_route=%2Fwp%2Fv2%2Fproduct_tag&post=104917"}],"curies":[{"name":"wp","href":"https:\/\/api.w.org\/{rel}","templated":true}]}}