{"id":104918,"date":"2021-02-21T23:05:25","date_gmt":"2021-02-21T23:05:25","guid":{"rendered":"https:\/\/www.autonvaraosahaku.fi\/?product=moog-k150156-hammastangon-suojakumi"},"modified":"2021-02-21T23:05:27","modified_gmt":"2021-02-21T23:05:27","slug":"moog-k150156-hammastangon-suojakumi","status":"publish","type":"product","link":"https:\/\/www.autonvaraosahaku.fi\/?product=moog-k150156-hammastangon-suojakumi","title":{"rendered":"Moog K150156 Hammastangon suojakumi"},"content":{"rendered":"<p>Asennuspuoli: etuakseli molemminpuoleinen; Pituus (mm): 207; Sis\u00e4l\u00e4pimitta [mm]: 50; Ulkol\u00e4pimitta [mm]: 17; Pakkaustyyppi: Laatikko; Pituus 1 (mm): 240; Ulkol\u00e4pimitta 1 [mm]: 17; Sis\u00e4l\u00e4pimitta 1 [mm]: 51; Pakkauspituus [cm]: 23; Pakkausleveys [cm]: 14,6; Pakkauskorkeus [mm]: 9,6; Valmistusvuosi alkaen: 11\/1997; MITSUBISHI: PAJERO III V7_W, V6_W,PAJERO II V3_W, V2_W, V4_W,PAJERO SPORT K90,PAJERO CLASSIC V2_W,PAJERO II V3_W,PAJERO SPORT VAN K90,PAJERO III Gel\u00e4ndewagen offen V6_W, V7_W,PAJERO II Canvas Top V2_W, V4_W; MR510271, MR510272<\/p>\n","protected":false},"excerpt":{"rendered":"<p>MOOG Paljekumisarja, Ohjaus K150156  MITSUBISHI,PAJERO III V7_W, V6_W,PAJERO II V3_W, V2_W, V4_W,PAJERO SPORT K90,PAJERO CLASSIC V2_W,PAJERO II V3_W<\/p>\n","protected":false},"featured_media":0,"template":"","meta":{"site-sidebar-layout":"default","site-content-layout":"default","ast-global-header-display":"","ast-main-header-display":"","ast-hfb-above-header-display":"","ast-hfb-below-header-display":"","ast-hfb-mobile-header-display":"","site-post-title":"","ast-breadcrumbs-content":"","ast-featured-img":"","footer-sml-layout":"","theme-transparent-header-meta":"","adv-header-id-meta":"","stick-header-meta":"","header-above-stick-meta":"","header-main-stick-meta":"","header-below-stick-meta":""},"pwb-brand":[548],"product_cat":[81],"product_tag":[],"class_list":{"0":"post-104918","1":"product","2":"type-product","3":"status-publish","5":"pwb-brand-moog","6":"product_cat-hammastangon-suojakumi","7":"desktop-align-left","8":"tablet-align-left","9":"mobile-align-left","11":"first","12":"instock","13":"product-type-external"},"brands":[{"id":548,"name":"Moog","slug":"moog"}],"_links":{"self":[{"href":"https:\/\/www.autonvaraosahaku.fi\/index.php?rest_route=\/wp\/v2\/product\/104918","targetHints":{"allow":["GET"]}}],"collection":[{"href":"https:\/\/www.autonvaraosahaku.fi\/index.php?rest_route=\/wp\/v2\/product"}],"about":[{"href":"https:\/\/www.autonvaraosahaku.fi\/index.php?rest_route=\/wp\/v2\/types\/product"}],"wp:attachment":[{"href":"https:\/\/www.autonvaraosahaku.fi\/index.php?rest_route=%2Fwp%2Fv2%2Fmedia&parent=104918"}],"wp:term":[{"taxonomy":"pwb-brand","embeddable":true,"href":"https:\/\/www.autonvaraosahaku.fi\/index.php?rest_route=%2Fwp%2Fv2%2Fpwb-brand&post=104918"},{"taxonomy":"product_cat","embeddable":true,"href":"https:\/\/www.autonvaraosahaku.fi\/index.php?rest_route=%2Fwp%2Fv2%2Fproduct_cat&post=104918"},{"taxonomy":"product_tag","embeddable":true,"href":"https:\/\/www.autonvaraosahaku.fi\/index.php?rest_route=%2Fwp%2Fv2%2Fproduct_tag&post=104918"}],"curies":[{"name":"wp","href":"https:\/\/api.w.org\/{rel}","templated":true}]}}