{"id":104920,"date":"2021-02-21T23:05:25","date_gmt":"2021-02-21T23:05:25","guid":{"rendered":"https:\/\/www.autonvaraosahaku.fi\/?product=moog-au-es-3721-raidetangon-paa"},"modified":"2021-02-21T23:05:27","modified_gmt":"2021-02-21T23:05:27","slug":"moog-au-es-3721-raidetangon-paa","status":"publish","type":"product","link":"https:\/\/www.autonvaraosahaku.fi\/?product=moog-au-es-3721-raidetangon-paa","title":{"rendered":"Moog AU-ES-3721 Raidetangon p\u00e4\u00e4"},"content":{"rendered":"<p>Asennuspuoli: Ulompi, Vasen, Etuakseli; L\u00e4pimitta 1 [mm]: 16; Muoto: Kulmikas; Pakkaustyyppi: Laatikko; Pituus 1 (mm): 94; Kierre 1: M14X1.5; kierre 2: M12X1.5; Pakkauspituus [cm]: 12,5; Pakkausleveys [cm]: 9; Pakkauskorkeus [mm]: 7,5; Valmistaja rajaus: For PR code 1N2; VW: POLO 9N_,POLO 6R, 6C,FOX 5Z1, 5Z3,POLO Stufenheck 9A4,POLO VIVO Schr\u00e4gheck,LUPO 5Z1,POLO Stufenheck 9N4,POLO VIVO Stufenheck,FOX,VENTO 1B; AUDI: A1 8X1, 8XF,A1 Sportback 8XA, 8XK; SKODA: FABIA Combi 6Y5,FABIA,FABIA 6Y2,FABIA Combi,ROOMSTER 5J,FABIA Stufenheck 6Y3,ROOMSTER Praktik 5J,FABIA Praktik; SEAT: IBIZA IV 6L1,IBIZA V 6J5, 6P5,IBIZA V ST 6J8, 6P8,IBIZA V SPORTCOUPE 6J1, 6P1,CORDOBA 6L2; 5U0422811A, 6Q0423811, 6Q0423811C, 6R0423811A, 5U0422811A, 6Q0419811C, 6Q0423811, 6Q0423811A, 6Q0423811C, 6R0423811, 6R0423811A, 6RD423811A, 6RD423811B, 5U0422811A, 6Q0419811C, 6Q0423811, 6Q0423811A, 6Q0423811C, 6R0423811, 6R0423811A, 5U0422811A, 5Z0423811, 6Q0419811C, 6Q0423811, 6Q0423811A, 6Q0423811C, 6Q0423811D, 6R0423811, 6R0423811A, 6RD422811, 6RD423811A, 6RD423811B<\/p>\n","protected":false},"excerpt":{"rendered":"<p>MOOG Raidetangon P\u00e4\u00e4 AU-ES-3721  VW,AUDI,SKODA,POLO 9N_,POLO 6R, 6C,FOX 5Z1, 5Z3,POLO Stufenheck 9A4,POLO VIVO Schr\u00e4gheck,LUPO 5Z1,POLO Stufenheck 9N4<\/p>\n","protected":false},"featured_media":0,"template":"","meta":{"site-sidebar-layout":"default","site-content-layout":"default","ast-global-header-display":"","ast-main-header-display":"","ast-hfb-above-header-display":"","ast-hfb-below-header-display":"","ast-hfb-mobile-header-display":"","site-post-title":"","ast-breadcrumbs-content":"","ast-featured-img":"","footer-sml-layout":"","theme-transparent-header-meta":"","adv-header-id-meta":"","stick-header-meta":"","header-above-stick-meta":"","header-main-stick-meta":"","header-below-stick-meta":""},"pwb-brand":[548],"product_cat":[96],"product_tag":[],"class_list":{"0":"post-104920","1":"product","2":"type-product","3":"status-publish","5":"pwb-brand-moog","6":"product_cat-raidetangon-paa","7":"desktop-align-left","8":"tablet-align-left","9":"mobile-align-left","11":"first","12":"instock","13":"product-type-external"},"brands":[{"id":548,"name":"Moog","slug":"moog"}],"_links":{"self":[{"href":"https:\/\/www.autonvaraosahaku.fi\/index.php?rest_route=\/wp\/v2\/product\/104920","targetHints":{"allow":["GET"]}}],"collection":[{"href":"https:\/\/www.autonvaraosahaku.fi\/index.php?rest_route=\/wp\/v2\/product"}],"about":[{"href":"https:\/\/www.autonvaraosahaku.fi\/index.php?rest_route=\/wp\/v2\/types\/product"}],"wp:attachment":[{"href":"https:\/\/www.autonvaraosahaku.fi\/index.php?rest_route=%2Fwp%2Fv2%2Fmedia&parent=104920"}],"wp:term":[{"taxonomy":"pwb-brand","embeddable":true,"href":"https:\/\/www.autonvaraosahaku.fi\/index.php?rest_route=%2Fwp%2Fv2%2Fpwb-brand&post=104920"},{"taxonomy":"product_cat","embeddable":true,"href":"https:\/\/www.autonvaraosahaku.fi\/index.php?rest_route=%2Fwp%2Fv2%2Fproduct_cat&post=104920"},{"taxonomy":"product_tag","embeddable":true,"href":"https:\/\/www.autonvaraosahaku.fi\/index.php?rest_route=%2Fwp%2Fv2%2Fproduct_tag&post=104920"}],"curies":[{"name":"wp","href":"https:\/\/api.w.org\/{rel}","templated":true}]}}