{"id":104958,"date":"2021-02-21T23:05:37","date_gmt":"2021-02-21T23:05:37","guid":{"rendered":"https:\/\/www.autonvaraosahaku.fi\/?product=moog-me-ls-13437-koiranluu"},"modified":"2021-02-21T23:05:39","modified_gmt":"2021-02-21T23:05:39","slug":"moog-me-ls-13437-koiranluu","status":"publish","type":"product","link":"https:\/\/www.autonvaraosahaku.fi\/?product=moog-me-ls-13437-koiranluu","title":{"rendered":"Moog ME-LS-13437 Koiranluu"},"content":{"rendered":"<p>Asennuspuoli: etuakseli molemminpuoleinen; Pituus (mm): 333; L\u00e4pimitta 1 [mm]: 20; L\u00e4pimitta 2 [mm]: 20; L\u00e4pimitta 3 [mm]: 12; Tanko \/ tuki: Yhdystanko; Pakkaustyyppi: Laatikko; Kierre 1: M12X1.5; kierre 2: M12X1.5; Pakkauspituus [cm]: 41,5; Pakkausleveys [cm]: 11; Pakkauskorkeus [mm]: 8; MERCEDES-BENZ: B-CLASS W246, W242,A-CLASS W176,CLA Coupe C117,GLA-CLASS X156,CLA Shooting Brake X117; 2463200689; Kallistuksenvakaajan Yhdystanko,Tanko, Kallistuksenvaimennin<\/p>\n","protected":false},"excerpt":{"rendered":"<p>MOOG Koiranluu ME-LS-13437 Kallistuksenvakaajan Yhdystanko,Tanko, Kallistuksenvaimennin MERCEDES-BENZ,B-CLASS W246, W242,A-CLASS W176,CLA Coupe C117<\/p>\n","protected":false},"featured_media":0,"template":"","meta":{"site-sidebar-layout":"default","site-content-layout":"default","ast-global-header-display":"","ast-main-header-display":"","ast-hfb-above-header-display":"","ast-hfb-below-header-display":"","ast-hfb-mobile-header-display":"","site-post-title":"","ast-breadcrumbs-content":"","ast-featured-img":"","footer-sml-layout":"","theme-transparent-header-meta":"","adv-header-id-meta":"","stick-header-meta":"","header-above-stick-meta":"","header-main-stick-meta":"","header-below-stick-meta":""},"pwb-brand":[548],"product_cat":[38],"product_tag":[],"class_list":{"0":"post-104958","1":"product","2":"type-product","3":"status-publish","5":"pwb-brand-moog","6":"product_cat-koiranluu","7":"desktop-align-left","8":"tablet-align-left","9":"mobile-align-left","11":"first","12":"instock","13":"product-type-external"},"brands":[{"id":548,"name":"Moog","slug":"moog"}],"_links":{"self":[{"href":"https:\/\/www.autonvaraosahaku.fi\/index.php?rest_route=\/wp\/v2\/product\/104958","targetHints":{"allow":["GET"]}}],"collection":[{"href":"https:\/\/www.autonvaraosahaku.fi\/index.php?rest_route=\/wp\/v2\/product"}],"about":[{"href":"https:\/\/www.autonvaraosahaku.fi\/index.php?rest_route=\/wp\/v2\/types\/product"}],"wp:attachment":[{"href":"https:\/\/www.autonvaraosahaku.fi\/index.php?rest_route=%2Fwp%2Fv2%2Fmedia&parent=104958"}],"wp:term":[{"taxonomy":"pwb-brand","embeddable":true,"href":"https:\/\/www.autonvaraosahaku.fi\/index.php?rest_route=%2Fwp%2Fv2%2Fpwb-brand&post=104958"},{"taxonomy":"product_cat","embeddable":true,"href":"https:\/\/www.autonvaraosahaku.fi\/index.php?rest_route=%2Fwp%2Fv2%2Fproduct_cat&post=104958"},{"taxonomy":"product_tag","embeddable":true,"href":"https:\/\/www.autonvaraosahaku.fi\/index.php?rest_route=%2Fwp%2Fv2%2Fproduct_tag&post=104958"}],"curies":[{"name":"wp","href":"https:\/\/api.w.org\/{rel}","templated":true}]}}