{"id":105005,"date":"2021-02-21T23:05:49","date_gmt":"2021-02-21T23:05:49","guid":{"rendered":"https:\/\/www.autonvaraosahaku.fi\/?product=moog-pe-wp-6980-alatukivarsi"},"modified":"2021-02-21T23:05:53","modified_gmt":"2021-02-21T23:05:53","slug":"moog-pe-wp-6980-alatukivarsi","status":"publish","type":"product","link":"https:\/\/www.autonvaraosahaku.fi\/?product=moog-pe-wp-6980-alatukivarsi","title":{"rendered":"Moog PE-WP-6980 Alatukivarsi"},"content":{"rendered":"<p>Asennuspuoli: Vasen, Alla, Etuakseli; Kartiomitta (mm): 16; Ohjausmalli: Poikittaistukivarsi; Pakkaustyyppi: Pussi; parilliset tuotenumerot: PE-WP-6979; Pakkauspituus [cm]: 46,5; Pakkausleveys [cm]: 34,4; Pakkauskorkeus [mm]: 8; Valmistusvuosi alkaen: 05\/1991; CITRO\u00cbN: SAXO S0, S1,AX ZA-_,SAXO Hatchback van S3_; PEUGEOT: 106 II 1,106 I 1A, 1C,106 Van 1_; 352078, 95658978, 352078, 95658978; Tukivarsi,Tukivarsi, Py\u00f6r\u00e4ntuenta<\/p>\n","protected":false},"excerpt":{"rendered":"<p>MOOG Alatukivarsi PE-WP-6980 Tukivarsi,Tukivarsi, Py\u00f6r\u00e4ntuenta CITRO\u00cbN,PEUGEOT,SAXO S0, S1,AX ZA-_,SAXO Hatchback van S3_,106 II 1,106 I 1A, 1C<\/p>\n","protected":false},"featured_media":0,"template":"","meta":{"site-sidebar-layout":"default","site-content-layout":"default","ast-global-header-display":"","ast-main-header-display":"","ast-hfb-above-header-display":"","ast-hfb-below-header-display":"","ast-hfb-mobile-header-display":"","site-post-title":"","ast-breadcrumbs-content":"","ast-featured-img":"","footer-sml-layout":"","theme-transparent-header-meta":"","adv-header-id-meta":"","stick-header-meta":"","header-above-stick-meta":"","header-main-stick-meta":"","header-below-stick-meta":""},"pwb-brand":[548],"product_cat":[62],"product_tag":[],"class_list":{"0":"post-105005","1":"product","2":"type-product","3":"status-publish","5":"pwb-brand-moog","6":"product_cat-alatukivarsi","7":"desktop-align-left","8":"tablet-align-left","9":"mobile-align-left","11":"first","12":"instock","13":"product-type-external"},"brands":[{"id":548,"name":"Moog","slug":"moog"}],"_links":{"self":[{"href":"https:\/\/www.autonvaraosahaku.fi\/index.php?rest_route=\/wp\/v2\/product\/105005","targetHints":{"allow":["GET"]}}],"collection":[{"href":"https:\/\/www.autonvaraosahaku.fi\/index.php?rest_route=\/wp\/v2\/product"}],"about":[{"href":"https:\/\/www.autonvaraosahaku.fi\/index.php?rest_route=\/wp\/v2\/types\/product"}],"wp:attachment":[{"href":"https:\/\/www.autonvaraosahaku.fi\/index.php?rest_route=%2Fwp%2Fv2%2Fmedia&parent=105005"}],"wp:term":[{"taxonomy":"pwb-brand","embeddable":true,"href":"https:\/\/www.autonvaraosahaku.fi\/index.php?rest_route=%2Fwp%2Fv2%2Fpwb-brand&post=105005"},{"taxonomy":"product_cat","embeddable":true,"href":"https:\/\/www.autonvaraosahaku.fi\/index.php?rest_route=%2Fwp%2Fv2%2Fproduct_cat&post=105005"},{"taxonomy":"product_tag","embeddable":true,"href":"https:\/\/www.autonvaraosahaku.fi\/index.php?rest_route=%2Fwp%2Fv2%2Fproduct_tag&post=105005"}],"curies":[{"name":"wp","href":"https:\/\/api.w.org\/{rel}","templated":true}]}}