{"id":10501,"date":"2021-02-21T14:09:00","date_gmt":"2021-02-21T14:09:00","guid":{"rendered":"https:\/\/www.autonvaraosahaku.fi\/?product=dr-motor-automotive-drm0122s-muut-luokat"},"modified":"2021-02-21T14:09:01","modified_gmt":"2021-02-21T14:09:01","slug":"dr-motor-automotive-drm0122s-muut-luokat","status":"publish","type":"product","link":"https:\/\/www.autonvaraosahaku.fi\/?product=dr-motor-automotive-drm0122s-muut-luokat","title":{"rendered":"DR.MOTOR AUTOMOTIVE DRM0122S Muut luokat"},"content":{"rendered":"<p>Paksuus [mm]: 2; Muoto: A-muoto; Materiaali: Kupari; Ulkol\u00e4pimitta [mm]: 15; M\u00e4\u00e4r\u00e4: 4; Sis\u00e4l\u00e4pimitta 1 [mm]: 7; Sis\u00e4l\u00e4pimitta 2 [mm]: 7,75; TECDOC-moottorinumero: 26332; VW: LT 28-46 II Kasten 2DA, 2DD, 2DH,LT 28-35 II Bus 2DB, 2DE, 2DK,LT 28-46 II Pritsche\/Fahrgestell 2DC, 2DF, 2DG, 2DL, 2DM; MAZDA: 3 BK,2 DE,3 BL,3 Stufenheck BK,3 Stufenheck BL; CHEVROLET: MALIBU V300; NISSAN: NV400 Kasten,NV400 Bus,NAVARA Pick-up D23,NV400 Pritsche\/Fahrgestell; VOLVO: V50 MW,V70 III BW,C30,S40 II MS,S80 II AS; SAAB: 9-5 YS3G; OPEL: ASTRA J Sports Tourer,INSIGNIA Caravan,ASTRA J,ZAFIRA TOURER C P12,INSIGNIA,INSIGNIA Stufenheck,ASTRA GTC J,CASCADA W13,MOVANO B Kasten,MOVANO B Bus,MOVANO B Pritsche\/Fahrgestell; MINI: MINI R56,MINI CLUBMAN R55; FORD: FIESTA V JH_, JD_,FOCUS II Kombi DA_,FIESTA VI,FOCUS II DA_,FOCUS III Turnier,FOCUS C-MAX,FUSION JU_,C-MAX DM2,FOCUS III,TRANSIT MK-7 Kasten,C-MAX II,GRAND C-MAX,TRANSIT MK-7 Bus,FOCUS II Stufenheck DA_,B-MAX JK,ECOSPORT,TRANSIT MK-7 Pritsche\/Fahrgestell,FOCUS III Stufenheck,TRANSIT CUSTOM Kasten,TOURNEO CUSTOM Bus,TRANSIT TOURNEO FB,TRANSIT CUSTOM Bus,TOURNEO CONNECT \/ GRAND TOURNEO CONNECT Kombi,FIESTA V Van,FIESTA VI Van,TRANSIT CONNECT Kasten,MONDEO V Turnier,TRANSIT Custom  Bus,TRANSIT Custom Pritsche\/Fahrgestell,MONDEO V Schr\u00e4gheck,TOURNEO COURIER Kombi,TRANSIT CONNECT Kombi,TRANSIT COURIER Kasten,TRANSIT COURIER Kombi; TOYOTA: PROACE Kasten\/Kombi,PROACE Bus MPY_,PROACE Kasten MDZ_; 1745686, BK2Q9M577AA<\/p>\n","protected":false},"excerpt":{"rendered":"<p>DR.MOTOR AUTOMOTIVE L\u00e4mp\u00f6suojalevy, Ruiskutusj\u00e4rj. DRM0122S  VW,MAZDA,CHEVROLET,LT 28-46 II Kasten 2DA, 2DD, 2DH,LT 28-35 II Bus 2DB, 2DE, 2DK<\/p>\n","protected":false},"featured_media":0,"template":"","meta":{"site-sidebar-layout":"default","site-content-layout":"default","ast-global-header-display":"","ast-main-header-display":"","ast-hfb-above-header-display":"","ast-hfb-below-header-display":"","ast-hfb-mobile-header-display":"","site-post-title":"","ast-breadcrumbs-content":"","ast-featured-img":"","footer-sml-layout":"","theme-transparent-header-meta":"","adv-header-id-meta":"","stick-header-meta":"","header-above-stick-meta":"","header-main-stick-meta":"","header-below-stick-meta":""},"pwb-brand":[163],"product_cat":[37],"product_tag":[],"class_list":{"0":"post-10501","1":"product","2":"type-product","3":"status-publish","5":"pwb-brand-dr-motor-automotive","6":"product_cat-muut-luokat","7":"desktop-align-left","8":"tablet-align-left","9":"mobile-align-left","11":"first","12":"instock","13":"product-type-external"},"brands":[{"id":163,"name":"DR.MOTOR AUTOMOTIVE","slug":"dr-motor-automotive"}],"_links":{"self":[{"href":"https:\/\/www.autonvaraosahaku.fi\/index.php?rest_route=\/wp\/v2\/product\/10501","targetHints":{"allow":["GET"]}}],"collection":[{"href":"https:\/\/www.autonvaraosahaku.fi\/index.php?rest_route=\/wp\/v2\/product"}],"about":[{"href":"https:\/\/www.autonvaraosahaku.fi\/index.php?rest_route=\/wp\/v2\/types\/product"}],"wp:attachment":[{"href":"https:\/\/www.autonvaraosahaku.fi\/index.php?rest_route=%2Fwp%2Fv2%2Fmedia&parent=10501"}],"wp:term":[{"taxonomy":"pwb-brand","embeddable":true,"href":"https:\/\/www.autonvaraosahaku.fi\/index.php?rest_route=%2Fwp%2Fv2%2Fpwb-brand&post=10501"},{"taxonomy":"product_cat","embeddable":true,"href":"https:\/\/www.autonvaraosahaku.fi\/index.php?rest_route=%2Fwp%2Fv2%2Fproduct_cat&post=10501"},{"taxonomy":"product_tag","embeddable":true,"href":"https:\/\/www.autonvaraosahaku.fi\/index.php?rest_route=%2Fwp%2Fv2%2Fproduct_tag&post=10501"}],"curies":[{"name":"wp","href":"https:\/\/api.w.org\/{rel}","templated":true}]}}