{"id":105071,"date":"2021-02-21T23:06:13","date_gmt":"2021-02-21T23:06:13","guid":{"rendered":"https:\/\/www.autonvaraosahaku.fi\/?product=moog-mi-sb-5489-tukivarren-hela"},"modified":"2021-02-21T23:06:14","modified_gmt":"2021-02-21T23:06:14","slug":"moog-mi-sb-5489-tukivarren-hela","status":"publish","type":"product","link":"https:\/\/www.autonvaraosahaku.fi\/?product=moog-mi-sb-5489-tukivarren-hela","title":{"rendered":"Moog MI-SB-5489 Tukivarren hela"},"content":{"rendered":"<p>Asennuspuoli: Molemminpuolin, Sisempi, Yl\u00e4puolella, Etuakseli; Pituus (mm): 40; Korkeus (mm): 64,6; Sis\u00e4l\u00e4pimitta [mm]: 14,4; Pakkaustyyppi: Pussi; Pakkauspituus [cm]: 6,5; Pakkausleveys [cm]: 4,5; Pakkauskorkeus [mm]: 4,5; Valmistusvuosi alkaen: 03\/1991; MITSUBISHI: PAJERO II V3_W, V2_W, V4_W,PAJERO I L04_G, L14_G,PAJERO II V3_W,PAJERO II Canvas Top V2_W, V4_W; MB109684, MB109684, FSK6822, MB109684, MB633870<\/p>\n","protected":false},"excerpt":{"rendered":"<p>MOOG Tukivarren Hela MI-SB-5489  MITSUBISHI,PAJERO II V3_W, V2_W, V4_W,PAJERO I L04_G, L14_G,PAJERO II V3_W,PAJERO II Canvas Top V2_W, V4_W<\/p>\n","protected":false},"featured_media":0,"template":"","meta":{"site-sidebar-layout":"default","site-content-layout":"default","ast-global-header-display":"","ast-main-header-display":"","ast-hfb-above-header-display":"","ast-hfb-below-header-display":"","ast-hfb-mobile-header-display":"","site-post-title":"","ast-breadcrumbs-content":"","ast-featured-img":"","footer-sml-layout":"","theme-transparent-header-meta":"","adv-header-id-meta":"","stick-header-meta":"","header-above-stick-meta":"","header-main-stick-meta":"","header-below-stick-meta":""},"pwb-brand":[548],"product_cat":[115],"product_tag":[],"class_list":{"0":"post-105071","1":"product","2":"type-product","3":"status-publish","5":"pwb-brand-moog","6":"product_cat-tukivarren-hela","7":"desktop-align-left","8":"tablet-align-left","9":"mobile-align-left","11":"first","12":"instock","13":"product-type-external"},"brands":[{"id":548,"name":"Moog","slug":"moog"}],"_links":{"self":[{"href":"https:\/\/www.autonvaraosahaku.fi\/index.php?rest_route=\/wp\/v2\/product\/105071","targetHints":{"allow":["GET"]}}],"collection":[{"href":"https:\/\/www.autonvaraosahaku.fi\/index.php?rest_route=\/wp\/v2\/product"}],"about":[{"href":"https:\/\/www.autonvaraosahaku.fi\/index.php?rest_route=\/wp\/v2\/types\/product"}],"wp:attachment":[{"href":"https:\/\/www.autonvaraosahaku.fi\/index.php?rest_route=%2Fwp%2Fv2%2Fmedia&parent=105071"}],"wp:term":[{"taxonomy":"pwb-brand","embeddable":true,"href":"https:\/\/www.autonvaraosahaku.fi\/index.php?rest_route=%2Fwp%2Fv2%2Fpwb-brand&post=105071"},{"taxonomy":"product_cat","embeddable":true,"href":"https:\/\/www.autonvaraosahaku.fi\/index.php?rest_route=%2Fwp%2Fv2%2Fproduct_cat&post=105071"},{"taxonomy":"product_tag","embeddable":true,"href":"https:\/\/www.autonvaraosahaku.fi\/index.php?rest_route=%2Fwp%2Fv2%2Fproduct_tag&post=105071"}],"curies":[{"name":"wp","href":"https:\/\/api.w.org\/{rel}","templated":true}]}}