{"id":105088,"date":"2021-02-21T23:06:13","date_gmt":"2021-02-21T23:06:13","guid":{"rendered":"https:\/\/www.autonvaraosahaku.fi\/?product=moog-re-sb-2834-kallistuksenvakaajan-puslat"},"modified":"2021-02-21T23:06:18","modified_gmt":"2021-02-21T23:06:18","slug":"moog-re-sb-2834-kallistuksenvakaajan-puslat","status":"publish","type":"product","link":"https:\/\/www.autonvaraosahaku.fi\/?product=moog-re-sb-2834-kallistuksenvakaajan-puslat","title":{"rendered":"Moog RE-SB-2834 Kallistuksenvakaajan puslat"},"content":{"rendered":"<p>Asennuspuoli: Molemminpuolin, Sisempi, Etuakseli; Korkeus (mm): 42; Sis\u00e4l\u00e4pimitta [mm]: 20; Pakkaustyyppi: Pussi; Kallistuksenvakaajan l\u00e4pimitta [mm]: 47; Pakkauspituus [cm]: 5; Pakkausleveys [cm]: 4,5; Pakkauskorkeus [mm]: 3,5; RENAULT: CLIO II BB0\/1\/2_, CB0\/1\/2_,KANGOO KC0\/1_,SC\u00c9NIC I JA0\/1_,MEGANE Scenic JA0\/1_,MEGANE I BA0\/1_,KANGOO Express FC0\/1_,MEGANE I Coach DA0\/1_,CLIO II Kasten SB0\/1\/2_,THALIA I LB0\/1\/2_,CLIO III Kasten SB_, SR_; NISSAN: KUBISTAR Kasten X80; 7700835929, 7700835929, 7700835929<\/p>\n","protected":false},"excerpt":{"rendered":"<p>MOOG Laakerin Holkki, Vakaaja RE-SB-2834  RENAULT,NISSAN,CLIO II BB0\/1\/2_, CB0\/1\/2_,KANGOO KC0\/1_,SC\u00c9NIC I JA0\/1_,MEGANE Scenic JA0\/1_,MEGANE I BA0\/1_<\/p>\n","protected":false},"featured_media":0,"template":"","meta":{"site-sidebar-layout":"default","site-content-layout":"default","ast-global-header-display":"","ast-main-header-display":"","ast-hfb-above-header-display":"","ast-hfb-below-header-display":"","ast-hfb-mobile-header-display":"","site-post-title":"","ast-breadcrumbs-content":"","ast-featured-img":"","footer-sml-layout":"","theme-transparent-header-meta":"","adv-header-id-meta":"","stick-header-meta":"","header-above-stick-meta":"","header-main-stick-meta":"","header-below-stick-meta":""},"pwb-brand":[548],"product_cat":[82],"product_tag":[],"class_list":{"0":"post-105088","1":"product","2":"type-product","3":"status-publish","5":"pwb-brand-moog","6":"product_cat-kallistuksenvakaajan-puslat","7":"desktop-align-left","8":"tablet-align-left","9":"mobile-align-left","11":"first","12":"instock","13":"product-type-external"},"brands":[{"id":548,"name":"Moog","slug":"moog"}],"_links":{"self":[{"href":"https:\/\/www.autonvaraosahaku.fi\/index.php?rest_route=\/wp\/v2\/product\/105088","targetHints":{"allow":["GET"]}}],"collection":[{"href":"https:\/\/www.autonvaraosahaku.fi\/index.php?rest_route=\/wp\/v2\/product"}],"about":[{"href":"https:\/\/www.autonvaraosahaku.fi\/index.php?rest_route=\/wp\/v2\/types\/product"}],"wp:attachment":[{"href":"https:\/\/www.autonvaraosahaku.fi\/index.php?rest_route=%2Fwp%2Fv2%2Fmedia&parent=105088"}],"wp:term":[{"taxonomy":"pwb-brand","embeddable":true,"href":"https:\/\/www.autonvaraosahaku.fi\/index.php?rest_route=%2Fwp%2Fv2%2Fpwb-brand&post=105088"},{"taxonomy":"product_cat","embeddable":true,"href":"https:\/\/www.autonvaraosahaku.fi\/index.php?rest_route=%2Fwp%2Fv2%2Fproduct_cat&post=105088"},{"taxonomy":"product_tag","embeddable":true,"href":"https:\/\/www.autonvaraosahaku.fi\/index.php?rest_route=%2Fwp%2Fv2%2Fproduct_tag&post=105088"}],"curies":[{"name":"wp","href":"https:\/\/api.w.org\/{rel}","templated":true}]}}