{"id":10510,"date":"2021-02-21T14:09:00","date_gmt":"2021-02-21T14:09:00","guid":{"rendered":"https:\/\/www.autonvaraosahaku.fi\/?product=elring-195-740-kampiakselin-tiiviste"},"modified":"2021-02-21T14:09:02","modified_gmt":"2021-02-21T14:09:02","slug":"elring-195-740-kampiakselin-tiiviste","status":"publish","type":"product","link":"https:\/\/www.autonvaraosahaku.fi\/?product=elring-195-740-kampiakselin-tiiviste","title":{"rendered":"ELRING 195.740 Kampiakselin tiiviste"},"content":{"rendered":"<p>Sis\u00e4l\u00e4pimitta [mm]: 83; Ulkol\u00e4pimitta [mm]: 100; Korkeus (mm): 9; Akselitiivisteen malli: AS; Rihlamalli: Vasen kierre; Materiaali: FPM (fluori-kumi); Suojavaippa: Suojakumilla; Asennuspuoli: getriebeseitig; MAZDA: 3 BK,MX-5 II NB,2 DY,2 DE,323 F VI BJ,3 BL,MX-5 I NA,3 BM,DEMIO DW,3 Stufenheck BK,626 V GF,323 P V BA,3 Stufenheck BL,MX-3 EC,FAMILIA VI BJ,3 Stufenheck BM,2 Stufenheck DE,XEDOS 6 CA,323 C IV BG,FAMILIA IV BF,FAMILIA V BA,FAMILIA V BG8,323 III Hatchback BF,121 II DB,FAMILIA IV BG,323 III BF,323 III Station Wagon BW,323 II Hatchback BD,121 I DA,323 II BD; KIA: CARENS II FJ,RIO Kombi DC,RIO Stufenheck DC_,SHUMA II FB,CARENS I FC,SHUMA FB,PRIDE DA,SHUMA II Stufenheck FB,CLARUS K9A,CLARUS Kombi GC,SEPHIA Stufenheck FA,SEPHIA FA,PRIDE Kombi,SEPHIA FB,CERATO Stufenheck,AVELLA,PRIDE Van DA; 0K20111312, BP0511312; Akselitiiviste, Kampiakseli<\/p>\n","protected":false},"excerpt":{"rendered":"<p>ELRING Kampiakselin Tiiviste 195.740 Akselitiiviste, Kampiakseli MAZDA,KIA,3 BK,MX-5 II NB,2 DY,2 DE,323 F VI BJ,3 BL,MX-5 I NA,3 BM,DEMIO DW<\/p>\n","protected":false},"featured_media":0,"template":"","meta":{"site-sidebar-layout":"default","site-content-layout":"default","ast-global-header-display":"","ast-main-header-display":"","ast-hfb-above-header-display":"","ast-hfb-below-header-display":"","ast-hfb-mobile-header-display":"","site-post-title":"","ast-breadcrumbs-content":"","ast-featured-img":"","footer-sml-layout":"","theme-transparent-header-meta":"","adv-header-id-meta":"","stick-header-meta":"","header-above-stick-meta":"","header-main-stick-meta":"","header-below-stick-meta":""},"pwb-brand":[26],"product_cat":[88],"product_tag":[],"class_list":{"0":"post-10510","1":"product","2":"type-product","3":"status-publish","5":"pwb-brand-elring","6":"product_cat-kampiakselin-tiiviste","7":"desktop-align-left","8":"tablet-align-left","9":"mobile-align-left","11":"first","12":"instock","13":"product-type-external"},"brands":[{"id":26,"name":"ELRING","slug":"elring"}],"_links":{"self":[{"href":"https:\/\/www.autonvaraosahaku.fi\/index.php?rest_route=\/wp\/v2\/product\/10510","targetHints":{"allow":["GET"]}}],"collection":[{"href":"https:\/\/www.autonvaraosahaku.fi\/index.php?rest_route=\/wp\/v2\/product"}],"about":[{"href":"https:\/\/www.autonvaraosahaku.fi\/index.php?rest_route=\/wp\/v2\/types\/product"}],"wp:attachment":[{"href":"https:\/\/www.autonvaraosahaku.fi\/index.php?rest_route=%2Fwp%2Fv2%2Fmedia&parent=10510"}],"wp:term":[{"taxonomy":"pwb-brand","embeddable":true,"href":"https:\/\/www.autonvaraosahaku.fi\/index.php?rest_route=%2Fwp%2Fv2%2Fpwb-brand&post=10510"},{"taxonomy":"product_cat","embeddable":true,"href":"https:\/\/www.autonvaraosahaku.fi\/index.php?rest_route=%2Fwp%2Fv2%2Fproduct_cat&post=10510"},{"taxonomy":"product_tag","embeddable":true,"href":"https:\/\/www.autonvaraosahaku.fi\/index.php?rest_route=%2Fwp%2Fv2%2Fproduct_tag&post=10510"}],"curies":[{"name":"wp","href":"https:\/\/api.w.org\/{rel}","templated":true}]}}