{"id":105103,"date":"2021-02-21T23:06:20","date_gmt":"2021-02-21T23:06:20","guid":{"rendered":"https:\/\/www.autonvaraosahaku.fi\/?product=moog-fi-ls-0048-koiranluu"},"modified":"2021-02-21T23:06:24","modified_gmt":"2021-02-21T23:06:24","slug":"moog-fi-ls-0048-koiranluu","status":"publish","type":"product","link":"https:\/\/www.autonvaraosahaku.fi\/?product=moog-fi-ls-0048-koiranluu","title":{"rendered":"Moog FI-LS-0048 Koiranluu"},"content":{"rendered":"<p>Asennuspuoli: etuakseli molemminpuoleinen; Pituus (mm): 275; L\u00e4pimitta 1 [mm]: 18; L\u00e4pimitta 2 [mm]: 18; L\u00e4pimitta 3 [mm]: 9; Tanko \/ tuki: Yhdystanko; Kierremalli: Oikealla kierteell\u00e4; Pakkaustyyppi: Laatikko; Kierre 1: M10X1.25; kierre 2: M12X1.25; Pakkauspituus [cm]: 34,5; Pakkausleveys [cm]: 8,5; Pakkauskorkeus [mm]: 6,5; Valmistusvuosi alkaen: 01\/1997; LANCIA: LYBRA SW 839BX,LYBRA 839AX,DEDRA 835,DEDRA SW 835; FIAT: MULTIPLA 186,MAREA Weekend 185,MAREA 185; 46413122, 46413122, 46545743, 51701045, 60813377, 46413122, 46545743, 51701045, 60813377; Kallistuksenvakaajan Yhdystanko,Tanko, Kallistuksenvaimennin<\/p>\n","protected":false},"excerpt":{"rendered":"<p>MOOG Koiranluu FI-LS-0048 Kallistuksenvakaajan Yhdystanko,Tanko, Kallistuksenvaimennin LANCIA,FIAT,LYBRA SW 839BX,LYBRA 839AX,DEDRA 835,DEDRA SW 835<\/p>\n","protected":false},"featured_media":0,"template":"","meta":{"site-sidebar-layout":"default","site-content-layout":"default","ast-global-header-display":"","ast-main-header-display":"","ast-hfb-above-header-display":"","ast-hfb-below-header-display":"","ast-hfb-mobile-header-display":"","site-post-title":"","ast-breadcrumbs-content":"","ast-featured-img":"","footer-sml-layout":"","theme-transparent-header-meta":"","adv-header-id-meta":"","stick-header-meta":"","header-above-stick-meta":"","header-main-stick-meta":"","header-below-stick-meta":""},"pwb-brand":[548],"product_cat":[38],"product_tag":[],"class_list":{"0":"post-105103","1":"product","2":"type-product","3":"status-publish","5":"pwb-brand-moog","6":"product_cat-koiranluu","7":"desktop-align-left","8":"tablet-align-left","9":"mobile-align-left","11":"first","12":"instock","13":"product-type-external"},"brands":[{"id":548,"name":"Moog","slug":"moog"}],"_links":{"self":[{"href":"https:\/\/www.autonvaraosahaku.fi\/index.php?rest_route=\/wp\/v2\/product\/105103","targetHints":{"allow":["GET"]}}],"collection":[{"href":"https:\/\/www.autonvaraosahaku.fi\/index.php?rest_route=\/wp\/v2\/product"}],"about":[{"href":"https:\/\/www.autonvaraosahaku.fi\/index.php?rest_route=\/wp\/v2\/types\/product"}],"wp:attachment":[{"href":"https:\/\/www.autonvaraosahaku.fi\/index.php?rest_route=%2Fwp%2Fv2%2Fmedia&parent=105103"}],"wp:term":[{"taxonomy":"pwb-brand","embeddable":true,"href":"https:\/\/www.autonvaraosahaku.fi\/index.php?rest_route=%2Fwp%2Fv2%2Fpwb-brand&post=105103"},{"taxonomy":"product_cat","embeddable":true,"href":"https:\/\/www.autonvaraosahaku.fi\/index.php?rest_route=%2Fwp%2Fv2%2Fproduct_cat&post=105103"},{"taxonomy":"product_tag","embeddable":true,"href":"https:\/\/www.autonvaraosahaku.fi\/index.php?rest_route=%2Fwp%2Fv2%2Fproduct_tag&post=105103"}],"curies":[{"name":"wp","href":"https:\/\/api.w.org\/{rel}","templated":true}]}}