{"id":105105,"date":"2021-02-21T23:06:20","date_gmt":"2021-02-21T23:06:20","guid":{"rendered":"https:\/\/www.autonvaraosahaku.fi\/?product=moog-ni-ax-2219-raidetangon-sisapaa"},"modified":"2021-02-21T23:06:24","modified_gmt":"2021-02-21T23:06:24","slug":"moog-ni-ax-2219-raidetangon-sisapaa","status":"publish","type":"product","link":"https:\/\/www.autonvaraosahaku.fi\/?product=moog-ni-ax-2219-raidetangon-sisapaa","title":{"rendered":"Moog NI-AX-2219 Raidetangon sis\u00e4p\u00e4\u00e4"},"content":{"rendered":"<p>Asennuspuoli: Molemminpuolin, Sisempi, Etuakseli; Pituus (mm): 263; L\u00e4pimitta 1 [mm]: 14,5; Kierremalli: Oikealla kierteell\u00e4; Pakkaustyyppi: Laatikko; Kierre 1: M12X1.6; kierre 2: M14X1.5; Pakkauspituus [cm]: 34,5; Pakkausleveys [cm]: 6,5; Pakkauskorkeus [mm]: 4,7; NISSAN: PRIMASTAR Bus X83,PRIMASTAR Kasten X83,PRIMASTAR Pritsche\/Fahrgestell; OPEL: VIVARO Kasten F7,VIVARO Combi J7,VIVARO Pritsche\/Fahrgestell E7,VIVARO Combi,VIVARO Kasten,VIVARO Pritsche\/Fahrgestell; RENAULT: TRAFIC II Bus JL,TRAFIC II Kasten FL,TRAFIC II Pritsche\/Fahrgestell EL,TRAFIC III Kasten,TRAFIC III Bus,TRAFIC III Pritsche\/Fahrgestell EG_; FIAT: TALENTO Kasten 296_,TALENTO Bus 296_,TALENTO Pritsche\/Fahrgestell 296_; VAUXHALL: VIVARO Kasten F7,VIVARO Kasten,VIVARO Combi,VIVARO Combi J7,VIVARO Pritsche\/Fahrgestell E7; 4852000QAM, 7701473333, 4408474, 91160037, 7701473333, 91160037; Raidetangon P\u00e4\u00e4 Sisempi,Raidetangon P\u00e4\u00e4, Suora<\/p>\n","protected":false},"excerpt":{"rendered":"<p>MOOG Raidetangon Sis\u00e4p\u00e4\u00e4 Hybrid Core NI-AX-2219 Raidetangon P\u00e4\u00e4 Sisempi,Raidetangon P\u00e4\u00e4, Suora NISSAN,OPEL,RENAULT,PRIMASTAR Bus X83<\/p>\n","protected":false},"featured_media":0,"template":"","meta":{"site-sidebar-layout":"default","site-content-layout":"default","ast-global-header-display":"","ast-main-header-display":"","ast-hfb-above-header-display":"","ast-hfb-below-header-display":"","ast-hfb-mobile-header-display":"","site-post-title":"","ast-breadcrumbs-content":"","ast-featured-img":"","footer-sml-layout":"","theme-transparent-header-meta":"","adv-header-id-meta":"","stick-header-meta":"","header-above-stick-meta":"","header-main-stick-meta":"","header-below-stick-meta":""},"pwb-brand":[548],"product_cat":[208],"product_tag":[],"class_list":{"0":"post-105105","1":"product","2":"type-product","3":"status-publish","5":"pwb-brand-moog","6":"product_cat-raidetangon-sisapaa","7":"desktop-align-left","8":"tablet-align-left","9":"mobile-align-left","11":"first","12":"instock","13":"product-type-external"},"brands":[{"id":548,"name":"Moog","slug":"moog"}],"_links":{"self":[{"href":"https:\/\/www.autonvaraosahaku.fi\/index.php?rest_route=\/wp\/v2\/product\/105105","targetHints":{"allow":["GET"]}}],"collection":[{"href":"https:\/\/www.autonvaraosahaku.fi\/index.php?rest_route=\/wp\/v2\/product"}],"about":[{"href":"https:\/\/www.autonvaraosahaku.fi\/index.php?rest_route=\/wp\/v2\/types\/product"}],"wp:attachment":[{"href":"https:\/\/www.autonvaraosahaku.fi\/index.php?rest_route=%2Fwp%2Fv2%2Fmedia&parent=105105"}],"wp:term":[{"taxonomy":"pwb-brand","embeddable":true,"href":"https:\/\/www.autonvaraosahaku.fi\/index.php?rest_route=%2Fwp%2Fv2%2Fpwb-brand&post=105105"},{"taxonomy":"product_cat","embeddable":true,"href":"https:\/\/www.autonvaraosahaku.fi\/index.php?rest_route=%2Fwp%2Fv2%2Fproduct_cat&post=105105"},{"taxonomy":"product_tag","embeddable":true,"href":"https:\/\/www.autonvaraosahaku.fi\/index.php?rest_route=%2Fwp%2Fv2%2Fproduct_tag&post=105105"}],"curies":[{"name":"wp","href":"https:\/\/api.w.org\/{rel}","templated":true}]}}