{"id":105135,"date":"2021-02-21T23:06:32","date_gmt":"2021-02-21T23:06:32","guid":{"rendered":"https:\/\/www.autonvaraosahaku.fi\/?product=moog-ci-wp-0714-alatukivarsi"},"modified":"2021-02-21T23:06:34","modified_gmt":"2021-02-21T23:06:34","slug":"moog-ci-wp-0714-alatukivarsi","status":"publish","type":"product","link":"https:\/\/www.autonvaraosahaku.fi\/?product=moog-ci-wp-0714-alatukivarsi","title":{"rendered":"Moog CI-WP-0714 Alatukivarsi"},"content":{"rendered":"<p>Asennuspuoli: Oikea, Alla, Etuakseli; Kartiomitta (mm): 18; Ohjausmalli: Poikittaistukivarsi; Pakkaustyyppi: Pussi; parilliset tuotenumerot: CI-WP-0713; Pakkauspituus [cm]: 46,5; Pakkausleveys [cm]: 34,4; Pakkauskorkeus [mm]: 8; Valmistusvuoteen: 08\/2001; CITRO\u00cbN: BERLINGO MF,XSARA PICASSO N68,BERLINGO Kasten M_,XSARA N1,XSARA Break N2,XSARA Coupe N0,XSARA Kasten,XSARA Kasten\/Schr\u00e4gheck; PEUGEOT: PARTNER Combispace 5F,PARTNER Kasten 5; 3521E9, 3521F3, 3521F4, 3521F9, 3521G9, 3521L4, 3521L5, 3521L6, 3521R4, 3521R5, 3521E9, 3521F3, 3521F9, 3521G9, 3521L4, 3521L5, 3521L6, 3521R4; Tukivarsi,Tukivarsi, Py\u00f6r\u00e4ntuenta<\/p>\n","protected":false},"excerpt":{"rendered":"<p>MOOG Alatukivarsi Hybrid Core CI-WP-0714 Tukivarsi,Tukivarsi, Py\u00f6r\u00e4ntuenta CITRO\u00cbN,PEUGEOT,BERLINGO MF,XSARA PICASSO N68,BERLINGO Kasten M_,XSARA N1<\/p>\n","protected":false},"featured_media":0,"template":"","meta":{"site-sidebar-layout":"default","site-content-layout":"default","ast-global-header-display":"","ast-main-header-display":"","ast-hfb-above-header-display":"","ast-hfb-below-header-display":"","ast-hfb-mobile-header-display":"","site-post-title":"","ast-breadcrumbs-content":"","ast-featured-img":"","footer-sml-layout":"","theme-transparent-header-meta":"","adv-header-id-meta":"","stick-header-meta":"","header-above-stick-meta":"","header-main-stick-meta":"","header-below-stick-meta":""},"pwb-brand":[548],"product_cat":[62],"product_tag":[],"class_list":{"0":"post-105135","1":"product","2":"type-product","3":"status-publish","5":"pwb-brand-moog","6":"product_cat-alatukivarsi","7":"desktop-align-left","8":"tablet-align-left","9":"mobile-align-left","11":"first","12":"instock","13":"product-type-external"},"brands":[{"id":548,"name":"Moog","slug":"moog"}],"_links":{"self":[{"href":"https:\/\/www.autonvaraosahaku.fi\/index.php?rest_route=\/wp\/v2\/product\/105135","targetHints":{"allow":["GET"]}}],"collection":[{"href":"https:\/\/www.autonvaraosahaku.fi\/index.php?rest_route=\/wp\/v2\/product"}],"about":[{"href":"https:\/\/www.autonvaraosahaku.fi\/index.php?rest_route=\/wp\/v2\/types\/product"}],"wp:attachment":[{"href":"https:\/\/www.autonvaraosahaku.fi\/index.php?rest_route=%2Fwp%2Fv2%2Fmedia&parent=105135"}],"wp:term":[{"taxonomy":"pwb-brand","embeddable":true,"href":"https:\/\/www.autonvaraosahaku.fi\/index.php?rest_route=%2Fwp%2Fv2%2Fpwb-brand&post=105135"},{"taxonomy":"product_cat","embeddable":true,"href":"https:\/\/www.autonvaraosahaku.fi\/index.php?rest_route=%2Fwp%2Fv2%2Fproduct_cat&post=105135"},{"taxonomy":"product_tag","embeddable":true,"href":"https:\/\/www.autonvaraosahaku.fi\/index.php?rest_route=%2Fwp%2Fv2%2Fproduct_tag&post=105135"}],"curies":[{"name":"wp","href":"https:\/\/api.w.org\/{rel}","templated":true}]}}