{"id":105137,"date":"2021-02-21T23:06:32","date_gmt":"2021-02-21T23:06:32","guid":{"rendered":"https:\/\/www.autonvaraosahaku.fi\/?product=moog-fi-es-4079-raidetangon-paa"},"modified":"2021-02-21T23:06:35","modified_gmt":"2021-02-21T23:06:35","slug":"moog-fi-es-4079-raidetangon-paa","status":"publish","type":"product","link":"https:\/\/www.autonvaraosahaku.fi\/?product=moog-fi-es-4079-raidetangon-paa","title":{"rendered":"Moog FI-ES-4079 Raidetangon p\u00e4\u00e4"},"content":{"rendered":"<p>Asennuspuoli: Ulompi, Molemminpuolin, Etuakseli; L\u00e4pimitta 1 [mm]: 13; Muoto: Suora; Pakkaustyyppi: Laatikko; Pituus 1 (mm): 125; Pituus 2 (mm): 24,5; Kierre 1: M12X1.5; kierre 2: M10X1.25; Pakkauspituus [cm]: 20; Pakkausleveys [cm]: 9,5; Pakkauskorkeus [mm]: 5; Valmistusvuosi alkaen: 10\/1982; SEAT: 127 127A,FURA 025A; LANCIA: Y10 156; FIAT: UNO 146A\/E,127,FIORINO 147,127 Panorama,FIORINO 127,UNO Kasten 146,UNO 146 A\/E,147,FIORINO Pick up 147,147 Panorama,DUNA 146 B,ELBA 146_,DUNA Weekend 146 B; 5958246, 5958246, 5958247, 5983404, 5983406, 7560331, 5958246, 5958247, 5983404, 5983406, 7560331, 7669756, 9948288, 5958246, 5958247, 5983406, 7560331, 5958246, 5958247, 5983404, 5983406, 7560331, SE127162410A<\/p>\n","protected":false},"excerpt":{"rendered":"<p>MOOG Raidetangon P\u00e4\u00e4 FI-ES-4079  SEAT,LANCIA,FIAT,127 127A,FURA 025A,Y10 156,UNO 146A\/E,127,FIORINO 147,127 Panorama,FIORINO 127,UNO Kasten 146<\/p>\n","protected":false},"featured_media":0,"template":"","meta":{"site-sidebar-layout":"default","site-content-layout":"default","ast-global-header-display":"","ast-main-header-display":"","ast-hfb-above-header-display":"","ast-hfb-below-header-display":"","ast-hfb-mobile-header-display":"","site-post-title":"","ast-breadcrumbs-content":"","ast-featured-img":"","footer-sml-layout":"","theme-transparent-header-meta":"","adv-header-id-meta":"","stick-header-meta":"","header-above-stick-meta":"","header-main-stick-meta":"","header-below-stick-meta":""},"pwb-brand":[548],"product_cat":[96],"product_tag":[],"class_list":{"0":"post-105137","1":"product","2":"type-product","3":"status-publish","5":"pwb-brand-moog","6":"product_cat-raidetangon-paa","7":"desktop-align-left","8":"tablet-align-left","9":"mobile-align-left","11":"first","12":"instock","13":"product-type-external"},"brands":[{"id":548,"name":"Moog","slug":"moog"}],"_links":{"self":[{"href":"https:\/\/www.autonvaraosahaku.fi\/index.php?rest_route=\/wp\/v2\/product\/105137","targetHints":{"allow":["GET"]}}],"collection":[{"href":"https:\/\/www.autonvaraosahaku.fi\/index.php?rest_route=\/wp\/v2\/product"}],"about":[{"href":"https:\/\/www.autonvaraosahaku.fi\/index.php?rest_route=\/wp\/v2\/types\/product"}],"wp:attachment":[{"href":"https:\/\/www.autonvaraosahaku.fi\/index.php?rest_route=%2Fwp%2Fv2%2Fmedia&parent=105137"}],"wp:term":[{"taxonomy":"pwb-brand","embeddable":true,"href":"https:\/\/www.autonvaraosahaku.fi\/index.php?rest_route=%2Fwp%2Fv2%2Fpwb-brand&post=105137"},{"taxonomy":"product_cat","embeddable":true,"href":"https:\/\/www.autonvaraosahaku.fi\/index.php?rest_route=%2Fwp%2Fv2%2Fproduct_cat&post=105137"},{"taxonomy":"product_tag","embeddable":true,"href":"https:\/\/www.autonvaraosahaku.fi\/index.php?rest_route=%2Fwp%2Fv2%2Fproduct_tag&post=105137"}],"curies":[{"name":"wp","href":"https:\/\/api.w.org\/{rel}","templated":true}]}}