{"id":105157,"date":"2021-02-21T23:06:39","date_gmt":"2021-02-21T23:06:39","guid":{"rendered":"https:\/\/www.autonvaraosahaku.fi\/?product=moog-ho-ls-2594-koiranluu"},"modified":"2021-02-21T23:06:41","modified_gmt":"2021-02-21T23:06:41","slug":"moog-ho-ls-2594-koiranluu","status":"publish","type":"product","link":"https:\/\/www.autonvaraosahaku.fi\/?product=moog-ho-ls-2594-koiranluu","title":{"rendered":"Moog HO-LS-2594 Koiranluu"},"content":{"rendered":"<p>Asennuspuoli: Vasen, Etuakseli; Pituus (mm): 55; L\u00e4pimitta 1 [mm]: 18; L\u00e4pimitta 2 [mm]: 18; L\u00e4pimitta 3 [mm]: 9; Tanko \/ tuki: Yhdystanko; Kierremalli: Oikealla kierteell\u00e4; Pakkaustyyppi: Laatikko; Kierre 1: M10X1.25; kierre 2: M10X1.25; Pakkauspituus [cm]: 13; Pakkausleveys [cm]: 8,5; Pakkauskorkeus [mm]: 6,5; HONDA: CIVIC VII Hatchback EU, EP, EV,CR-V II RD_,FR-V BE,STREAM RN,CR-V I RD,CIVIC VII Coupe EM2,CIVIC VII Stufenheck ES; 51321S5A003, 51321S5A305; Kallistuksenvakaajan Yhdystanko,Tanko, Kallistuksenvaimennin<\/p>\n","protected":false},"excerpt":{"rendered":"<p>MOOG Koiranluu HO-LS-2594 Kallistuksenvakaajan Yhdystanko,Tanko, Kallistuksenvaimennin HONDA,CIVIC VII Hatchback EU, EP, EV,CR-V II RD_,FR-V BE<\/p>\n","protected":false},"featured_media":0,"template":"","meta":{"site-sidebar-layout":"default","site-content-layout":"default","ast-global-header-display":"","ast-main-header-display":"","ast-hfb-above-header-display":"","ast-hfb-below-header-display":"","ast-hfb-mobile-header-display":"","site-post-title":"","ast-breadcrumbs-content":"","ast-featured-img":"","footer-sml-layout":"","theme-transparent-header-meta":"","adv-header-id-meta":"","stick-header-meta":"","header-above-stick-meta":"","header-main-stick-meta":"","header-below-stick-meta":""},"pwb-brand":[548],"product_cat":[38],"product_tag":[],"class_list":{"0":"post-105157","1":"product","2":"type-product","3":"status-publish","5":"pwb-brand-moog","6":"product_cat-koiranluu","7":"desktop-align-left","8":"tablet-align-left","9":"mobile-align-left","11":"first","12":"instock","13":"product-type-external"},"brands":[{"id":548,"name":"Moog","slug":"moog"}],"_links":{"self":[{"href":"https:\/\/www.autonvaraosahaku.fi\/index.php?rest_route=\/wp\/v2\/product\/105157","targetHints":{"allow":["GET"]}}],"collection":[{"href":"https:\/\/www.autonvaraosahaku.fi\/index.php?rest_route=\/wp\/v2\/product"}],"about":[{"href":"https:\/\/www.autonvaraosahaku.fi\/index.php?rest_route=\/wp\/v2\/types\/product"}],"wp:attachment":[{"href":"https:\/\/www.autonvaraosahaku.fi\/index.php?rest_route=%2Fwp%2Fv2%2Fmedia&parent=105157"}],"wp:term":[{"taxonomy":"pwb-brand","embeddable":true,"href":"https:\/\/www.autonvaraosahaku.fi\/index.php?rest_route=%2Fwp%2Fv2%2Fpwb-brand&post=105157"},{"taxonomy":"product_cat","embeddable":true,"href":"https:\/\/www.autonvaraosahaku.fi\/index.php?rest_route=%2Fwp%2Fv2%2Fproduct_cat&post=105157"},{"taxonomy":"product_tag","embeddable":true,"href":"https:\/\/www.autonvaraosahaku.fi\/index.php?rest_route=%2Fwp%2Fv2%2Fproduct_tag&post=105157"}],"curies":[{"name":"wp","href":"https:\/\/api.w.org\/{rel}","templated":true}]}}