{"id":105163,"date":"2021-02-21T23:06:39","date_gmt":"2021-02-21T23:06:39","guid":{"rendered":"https:\/\/www.autonvaraosahaku.fi\/?product=moog-al-ax-3019-raidetangon-sisapaa"},"modified":"2021-02-21T23:06:42","modified_gmt":"2021-02-21T23:06:42","slug":"moog-al-ax-3019-raidetangon-sisapaa","status":"publish","type":"product","link":"https:\/\/www.autonvaraosahaku.fi\/?product=moog-al-ax-3019-raidetangon-sisapaa","title":{"rendered":"Moog AL-AX-3019 Raidetangon sis\u00e4p\u00e4\u00e4"},"content":{"rendered":"<p>Asennuspuoli: Molemminpuolin, Sisempi, Etuakseli; Pituus (mm): 243,5; L\u00e4pimitta 1 [mm]: 12; Kierremalli: Oikealla kierteell\u00e4; Pakkaustyyppi: Laatikko; Kierre 1: M14X1.5; kierre 2: M14X1.5; Ohjausvaihdevalmisteelle: Spica; Pakkauspituus [cm]: 34,5; Pakkausleveys [cm]: 8,5; Pakkauskorkeus [mm]: 6,5; ALFA ROMEO: 75 162B,GTV 116,ALFETTA GT 116,ALFETTA 116,GIULIETTA 116,90 162; 116002404004, 6054825, 60548925, 6054825; Raidetangon P\u00e4\u00e4 Sisempi,Raidetangon P\u00e4\u00e4, Suora<\/p>\n","protected":false},"excerpt":{"rendered":"<p>MOOG Raidetangon Sis\u00e4p\u00e4\u00e4 AL-AX-3019 Raidetangon P\u00e4\u00e4 Sisempi,Raidetangon P\u00e4\u00e4, Suora ALFA ROMEO,75 162B,GTV 116,ALFETTA GT 116,ALFETTA 116,GIULIETTA 116<\/p>\n","protected":false},"featured_media":0,"template":"","meta":{"site-sidebar-layout":"default","site-content-layout":"default","ast-global-header-display":"","ast-main-header-display":"","ast-hfb-above-header-display":"","ast-hfb-below-header-display":"","ast-hfb-mobile-header-display":"","site-post-title":"","ast-breadcrumbs-content":"","ast-featured-img":"","footer-sml-layout":"","theme-transparent-header-meta":"","adv-header-id-meta":"","stick-header-meta":"","header-above-stick-meta":"","header-main-stick-meta":"","header-below-stick-meta":""},"pwb-brand":[548],"product_cat":[208],"product_tag":[],"class_list":{"0":"post-105163","1":"product","2":"type-product","3":"status-publish","5":"pwb-brand-moog","6":"product_cat-raidetangon-sisapaa","7":"desktop-align-left","8":"tablet-align-left","9":"mobile-align-left","11":"first","12":"instock","13":"product-type-external"},"brands":[{"id":548,"name":"Moog","slug":"moog"}],"_links":{"self":[{"href":"https:\/\/www.autonvaraosahaku.fi\/index.php?rest_route=\/wp\/v2\/product\/105163","targetHints":{"allow":["GET"]}}],"collection":[{"href":"https:\/\/www.autonvaraosahaku.fi\/index.php?rest_route=\/wp\/v2\/product"}],"about":[{"href":"https:\/\/www.autonvaraosahaku.fi\/index.php?rest_route=\/wp\/v2\/types\/product"}],"wp:attachment":[{"href":"https:\/\/www.autonvaraosahaku.fi\/index.php?rest_route=%2Fwp%2Fv2%2Fmedia&parent=105163"}],"wp:term":[{"taxonomy":"pwb-brand","embeddable":true,"href":"https:\/\/www.autonvaraosahaku.fi\/index.php?rest_route=%2Fwp%2Fv2%2Fpwb-brand&post=105163"},{"taxonomy":"product_cat","embeddable":true,"href":"https:\/\/www.autonvaraosahaku.fi\/index.php?rest_route=%2Fwp%2Fv2%2Fproduct_cat&post=105163"},{"taxonomy":"product_tag","embeddable":true,"href":"https:\/\/www.autonvaraosahaku.fi\/index.php?rest_route=%2Fwp%2Fv2%2Fproduct_tag&post=105163"}],"curies":[{"name":"wp","href":"https:\/\/api.w.org\/{rel}","templated":true}]}}