{"id":105171,"date":"2021-02-21T23:06:45","date_gmt":"2021-02-21T23:06:45","guid":{"rendered":"https:\/\/www.autonvaraosahaku.fi\/?product=moog-vo-sb-1360-tukivarren-hela"},"modified":"2021-02-21T23:06:45","modified_gmt":"2021-02-21T23:06:45","slug":"moog-vo-sb-1360-tukivarren-hela","status":"publish","type":"product","link":"https:\/\/www.autonvaraosahaku.fi\/?product=moog-vo-sb-1360-tukivarren-hela","title":{"rendered":"Moog VO-SB-1360 Tukivarren hela"},"content":{"rendered":"<p>Asennuspuoli: Molemminpuolin, Keskell\u00e4, Alla, Etuakseli; Pituus (mm): 21,6; Korkeus (mm): 37,5; Sis\u00e4l\u00e4pimitta [mm]: 12,1; Pakkaustyyppi: Pussi; Pakkauspituus [cm]: 10; Pakkausleveys [cm]: 7; Pakkauskorkeus [mm]: 6,8; Varusteet: f\u00fcr Fahrzeuge mit Servolenkung; VW: PASSAT Variant 32B,PASSAT 32B,PASSAT Stufenheck 32B,SANTANA 32B; AUDI: 80 89, 89Q, 8A, B3,80 81, 85, B2,90 89, 89Q, 8A, B3,COUPE 81, 85,90 81, 85, B2; 857407474, 857407474, 857407474, 857407474<\/p>\n","protected":false},"excerpt":{"rendered":"<p>MOOG Tukivarren Hela VO-SB-1360  VW,AUDI,PASSAT Variant 32B,PASSAT 32B,PASSAT Stufenheck 32B,SANTANA 32B,80 89, 89Q, 8A, B3,80 81, 85, B2<\/p>\n","protected":false},"featured_media":0,"template":"","meta":{"site-sidebar-layout":"default","site-content-layout":"default","ast-global-header-display":"","ast-main-header-display":"","ast-hfb-above-header-display":"","ast-hfb-below-header-display":"","ast-hfb-mobile-header-display":"","site-post-title":"","ast-breadcrumbs-content":"","ast-featured-img":"","footer-sml-layout":"","theme-transparent-header-meta":"","adv-header-id-meta":"","stick-header-meta":"","header-above-stick-meta":"","header-main-stick-meta":"","header-below-stick-meta":""},"pwb-brand":[548],"product_cat":[115],"product_tag":[],"class_list":{"0":"post-105171","1":"product","2":"type-product","3":"status-publish","5":"pwb-brand-moog","6":"product_cat-tukivarren-hela","7":"desktop-align-left","8":"tablet-align-left","9":"mobile-align-left","11":"first","12":"instock","13":"product-type-external"},"brands":[{"id":548,"name":"Moog","slug":"moog"}],"_links":{"self":[{"href":"https:\/\/www.autonvaraosahaku.fi\/index.php?rest_route=\/wp\/v2\/product\/105171","targetHints":{"allow":["GET"]}}],"collection":[{"href":"https:\/\/www.autonvaraosahaku.fi\/index.php?rest_route=\/wp\/v2\/product"}],"about":[{"href":"https:\/\/www.autonvaraosahaku.fi\/index.php?rest_route=\/wp\/v2\/types\/product"}],"wp:attachment":[{"href":"https:\/\/www.autonvaraosahaku.fi\/index.php?rest_route=%2Fwp%2Fv2%2Fmedia&parent=105171"}],"wp:term":[{"taxonomy":"pwb-brand","embeddable":true,"href":"https:\/\/www.autonvaraosahaku.fi\/index.php?rest_route=%2Fwp%2Fv2%2Fpwb-brand&post=105171"},{"taxonomy":"product_cat","embeddable":true,"href":"https:\/\/www.autonvaraosahaku.fi\/index.php?rest_route=%2Fwp%2Fv2%2Fproduct_cat&post=105171"},{"taxonomy":"product_tag","embeddable":true,"href":"https:\/\/www.autonvaraosahaku.fi\/index.php?rest_route=%2Fwp%2Fv2%2Fproduct_tag&post=105171"}],"curies":[{"name":"wp","href":"https:\/\/api.w.org\/{rel}","templated":true}]}}