{"id":105179,"date":"2021-02-21T23:06:45","date_gmt":"2021-02-21T23:06:45","guid":{"rendered":"https:\/\/www.autonvaraosahaku.fi\/?product=moog-lr-ls-2681-koiranluu"},"modified":"2021-02-21T23:06:47","modified_gmt":"2021-02-21T23:06:47","slug":"moog-lr-ls-2681-koiranluu","status":"publish","type":"product","link":"https:\/\/www.autonvaraosahaku.fi\/?product=moog-lr-ls-2681-koiranluu","title":{"rendered":"Moog LR-LS-2681 Koiranluu"},"content":{"rendered":"<p>Asennuspuoli: Taka-akseli, molemminpuolinen, etuakseli molemminpuoleinen; Pituus (mm): 108; L\u00e4pimitta 1 [mm]: 18; L\u00e4pimitta 2 [mm]: 18; L\u00e4pimitta 3 [mm]: 20,5; Tanko \/ tuki: Yhdystanko; Kierremalli: Oikealla kierteell\u00e4; Pakkaustyyppi: Laatikko; Kierre 1: M12X1.75; kierre 2: M10X1.25; Pakkauspituus [cm]: 12,5; Pakkausleveys [cm]: 9; Pakkauskorkeus [mm]: 8; LAND ROVER: DEFENDER Station Wagon LD,DEFENDER Pick-up LD_,DEFENDER Cabrio LD,90\/110 DHMC,DISCOVERY I LJ, LG,RANGE ROVER I AE, AN, HAA, HAB, HAM, HBM, RE, RN,DEFENDER Pritsche\/Fahrgestell LD; NTC1888, NTC1888; Kallistuksenvakaajan Yhdystanko,Tanko, Kallistuksenvaimennin<\/p>\n","protected":false},"excerpt":{"rendered":"<p>MOOG Koiranluu LR-LS-2681 Kallistuksenvakaajan Yhdystanko,Tanko, Kallistuksenvaimennin LAND ROVER,DEFENDER Station Wagon LD,DEFENDER Pick-up LD_<\/p>\n","protected":false},"featured_media":0,"template":"","meta":{"site-sidebar-layout":"default","site-content-layout":"default","ast-global-header-display":"","ast-main-header-display":"","ast-hfb-above-header-display":"","ast-hfb-below-header-display":"","ast-hfb-mobile-header-display":"","site-post-title":"","ast-breadcrumbs-content":"","ast-featured-img":"","footer-sml-layout":"","theme-transparent-header-meta":"","adv-header-id-meta":"","stick-header-meta":"","header-above-stick-meta":"","header-main-stick-meta":"","header-below-stick-meta":""},"pwb-brand":[548],"product_cat":[38],"product_tag":[],"class_list":{"0":"post-105179","1":"product","2":"type-product","3":"status-publish","5":"pwb-brand-moog","6":"product_cat-koiranluu","7":"desktop-align-left","8":"tablet-align-left","9":"mobile-align-left","11":"first","12":"instock","13":"product-type-external"},"brands":[{"id":548,"name":"Moog","slug":"moog"}],"_links":{"self":[{"href":"https:\/\/www.autonvaraosahaku.fi\/index.php?rest_route=\/wp\/v2\/product\/105179","targetHints":{"allow":["GET"]}}],"collection":[{"href":"https:\/\/www.autonvaraosahaku.fi\/index.php?rest_route=\/wp\/v2\/product"}],"about":[{"href":"https:\/\/www.autonvaraosahaku.fi\/index.php?rest_route=\/wp\/v2\/types\/product"}],"wp:attachment":[{"href":"https:\/\/www.autonvaraosahaku.fi\/index.php?rest_route=%2Fwp%2Fv2%2Fmedia&parent=105179"}],"wp:term":[{"taxonomy":"pwb-brand","embeddable":true,"href":"https:\/\/www.autonvaraosahaku.fi\/index.php?rest_route=%2Fwp%2Fv2%2Fpwb-brand&post=105179"},{"taxonomy":"product_cat","embeddable":true,"href":"https:\/\/www.autonvaraosahaku.fi\/index.php?rest_route=%2Fwp%2Fv2%2Fproduct_cat&post=105179"},{"taxonomy":"product_tag","embeddable":true,"href":"https:\/\/www.autonvaraosahaku.fi\/index.php?rest_route=%2Fwp%2Fv2%2Fproduct_tag&post=105179"}],"curies":[{"name":"wp","href":"https:\/\/api.w.org\/{rel}","templated":true}]}}