{"id":10518,"date":"2021-02-21T14:09:00","date_gmt":"2021-02-21T14:09:00","guid":{"rendered":"https:\/\/www.autonvaraosahaku.fi\/?product=febi-bilstein-48807-vetonivelen-suojakumi"},"modified":"2021-02-21T14:09:02","modified_gmt":"2021-02-21T14:09:02","slug":"febi-bilstein-48807-vetonivelen-suojakumi","status":"publish","type":"product","link":"https:\/\/www.autonvaraosahaku.fi\/?product=febi-bilstein-48807-vetonivelen-suojakumi","title":{"rendered":"FEBI BILSTEIN 48807 Vetonivelen suojakumi"},"content":{"rendered":"<p>Pituus (mm): 116; Materiaali: Thermoplast; Asennuspuoli: Py\u00f6r\u00e4n puoli, Etuakseli; Paino [kg]: 0,209; Sis\u00e4l\u00e4pimitta 1 [mm]: 27, 27; Sis\u00e4l\u00e4pimitta 2 [mm]: 81, 81; Huomioi huolto-ohjeet: , ; Vaihteistomalli: Schaltgetriebe 5 Gang; FIAT: GRANDE PUNTO 199,PUNTO EVO 199,SEDICI; ALFA ROMEO: MITO 955; RENAULT: CLIO III BR0\/1, CR0\/1,KANGOO KC0\/1_,MEGANE III Grandtour KZ0\/1,LAGUNA III Grandtour KT0\/1,CLIO IV,MEGANE III Schr\u00e4gheck BZ0_,MEGANE III Coupe DZ0\/1_,KANGOO \/ GRAND KANGOO KW0\/1_,KANGOO Express FC0\/1_,CAPTUR,LAGUNA III BT0\/1,KANGOO Express FW0\/1_,CLIO Grandtour IV,KANGOO BE BOP KW0\/1_,MEGANE CC EZ0\/1_,LAGUNA Coupe DT0\/1,ZOE,FLUENCE L30_,DUSTER; 71745014, 71745014, 71745014, 71750891, 71750896, 7701209251<\/p>\n","protected":false},"excerpt":{"rendered":"<p>FEBI BILSTEIN Paljekumisarja, Vetoakseli 48807  FIAT,ALFA ROMEO,RENAULT,GRANDE PUNTO 199,PUNTO EVO 199,SEDICI,MITO 955,CLIO III BR0\/1, CR0\/1<\/p>\n","protected":false},"featured_media":0,"template":"","meta":{"site-sidebar-layout":"default","site-content-layout":"default","ast-global-header-display":"","ast-main-header-display":"","ast-hfb-above-header-display":"","ast-hfb-below-header-display":"","ast-hfb-mobile-header-display":"","site-post-title":"","ast-breadcrumbs-content":"","ast-featured-img":"","footer-sml-layout":"","theme-transparent-header-meta":"","adv-header-id-meta":"","stick-header-meta":"","header-above-stick-meta":"","header-main-stick-meta":"","header-below-stick-meta":""},"pwb-brand":[50],"product_cat":[42],"product_tag":[],"class_list":{"0":"post-10518","1":"product","2":"type-product","3":"status-publish","5":"pwb-brand-febi-bilstein","6":"product_cat-vetonivelen-suojakumi","7":"desktop-align-left","8":"tablet-align-left","9":"mobile-align-left","11":"first","12":"instock","13":"product-type-external"},"brands":[{"id":50,"name":"FEBI BILSTEIN","slug":"febi-bilstein"}],"_links":{"self":[{"href":"https:\/\/www.autonvaraosahaku.fi\/index.php?rest_route=\/wp\/v2\/product\/10518","targetHints":{"allow":["GET"]}}],"collection":[{"href":"https:\/\/www.autonvaraosahaku.fi\/index.php?rest_route=\/wp\/v2\/product"}],"about":[{"href":"https:\/\/www.autonvaraosahaku.fi\/index.php?rest_route=\/wp\/v2\/types\/product"}],"wp:attachment":[{"href":"https:\/\/www.autonvaraosahaku.fi\/index.php?rest_route=%2Fwp%2Fv2%2Fmedia&parent=10518"}],"wp:term":[{"taxonomy":"pwb-brand","embeddable":true,"href":"https:\/\/www.autonvaraosahaku.fi\/index.php?rest_route=%2Fwp%2Fv2%2Fpwb-brand&post=10518"},{"taxonomy":"product_cat","embeddable":true,"href":"https:\/\/www.autonvaraosahaku.fi\/index.php?rest_route=%2Fwp%2Fv2%2Fproduct_cat&post=10518"},{"taxonomy":"product_tag","embeddable":true,"href":"https:\/\/www.autonvaraosahaku.fi\/index.php?rest_route=%2Fwp%2Fv2%2Fproduct_tag&post=10518"}],"curies":[{"name":"wp","href":"https:\/\/api.w.org\/{rel}","templated":true}]}}