{"id":105183,"date":"2021-02-21T23:06:45","date_gmt":"2021-02-21T23:06:45","guid":{"rendered":"https:\/\/www.autonvaraosahaku.fi\/?product=moog-ci-es-8329-raidetangon-paa"},"modified":"2021-02-21T23:06:49","modified_gmt":"2021-02-21T23:06:49","slug":"moog-ci-es-8329-raidetangon-paa","status":"publish","type":"product","link":"https:\/\/www.autonvaraosahaku.fi\/?product=moog-ci-es-8329-raidetangon-paa","title":{"rendered":"Moog CI-ES-8329 Raidetangon p\u00e4\u00e4"},"content":{"rendered":"<p>Asennuspuoli: Ulompi, Vasen, Etuakseli; Muoto: Kulmikas; Pakkaustyyppi: Laatikko; Pituus 1 (mm): 177,5; Pituus 2 (mm): 26,5; Kierre 1: M14X1.5; kierre 2: M10X1.25; Pakkauspituus [cm]: 21,5; Pakkausleveys [cm]: 13; Pakkauskorkeus [mm]: 6; CITRO\u00cbN: DS3,C3 II,DS3 Cabriolet; DS: DS 3,DS 3 Cabriolet; 381792, 381792<\/p>\n","protected":false},"excerpt":{"rendered":"<p>MOOG Raidetangon P\u00e4\u00e4 Hybrid Core CI-ES-8329  CITRO\u00cbN,DS,DS3,C3 II,DS3 Cabriolet,DS 3,DS 3 Cabriolet<\/p>\n","protected":false},"featured_media":0,"template":"","meta":{"site-sidebar-layout":"default","site-content-layout":"default","ast-global-header-display":"","ast-main-header-display":"","ast-hfb-above-header-display":"","ast-hfb-below-header-display":"","ast-hfb-mobile-header-display":"","site-post-title":"","ast-breadcrumbs-content":"","ast-featured-img":"","footer-sml-layout":"","theme-transparent-header-meta":"","adv-header-id-meta":"","stick-header-meta":"","header-above-stick-meta":"","header-main-stick-meta":"","header-below-stick-meta":""},"pwb-brand":[548],"product_cat":[96],"product_tag":[],"class_list":{"0":"post-105183","1":"product","2":"type-product","3":"status-publish","5":"pwb-brand-moog","6":"product_cat-raidetangon-paa","7":"desktop-align-left","8":"tablet-align-left","9":"mobile-align-left","11":"first","12":"instock","13":"product-type-external"},"brands":[{"id":548,"name":"Moog","slug":"moog"}],"_links":{"self":[{"href":"https:\/\/www.autonvaraosahaku.fi\/index.php?rest_route=\/wp\/v2\/product\/105183","targetHints":{"allow":["GET"]}}],"collection":[{"href":"https:\/\/www.autonvaraosahaku.fi\/index.php?rest_route=\/wp\/v2\/product"}],"about":[{"href":"https:\/\/www.autonvaraosahaku.fi\/index.php?rest_route=\/wp\/v2\/types\/product"}],"wp:attachment":[{"href":"https:\/\/www.autonvaraosahaku.fi\/index.php?rest_route=%2Fwp%2Fv2%2Fmedia&parent=105183"}],"wp:term":[{"taxonomy":"pwb-brand","embeddable":true,"href":"https:\/\/www.autonvaraosahaku.fi\/index.php?rest_route=%2Fwp%2Fv2%2Fpwb-brand&post=105183"},{"taxonomy":"product_cat","embeddable":true,"href":"https:\/\/www.autonvaraosahaku.fi\/index.php?rest_route=%2Fwp%2Fv2%2Fproduct_cat&post=105183"},{"taxonomy":"product_tag","embeddable":true,"href":"https:\/\/www.autonvaraosahaku.fi\/index.php?rest_route=%2Fwp%2Fv2%2Fproduct_tag&post=105183"}],"curies":[{"name":"wp","href":"https:\/\/api.w.org\/{rel}","templated":true}]}}