{"id":10521,"date":"2021-02-21T14:09:04","date_gmt":"2021-02-21T14:09:04","guid":{"rendered":"https:\/\/www.autonvaraosahaku.fi\/?product=ernst-464185-pakoputken-jousto"},"modified":"2021-02-21T14:09:04","modified_gmt":"2021-02-21T14:09:04","slug":"ernst-464185-pakoputken-jousto","status":"publish","type":"product","link":"https:\/\/www.autonvaraosahaku.fi\/?product=ernst-464185-pakoputken-jousto","title":{"rendered":"ERNST 464185 Pakoputken jousto"},"content":{"rendered":"<p>Putki-\u00d8 (mm): 65; Sis\u00e4l\u00e4pimitta [mm]: 65; Ulkol\u00e4pimitta [mm]: 90,0; Pituus (mm): 115; Materiaali: Ruostumaton ter\u00e4s; Erittely: Interlock; BMW: 3 Touring E91,3 E90,5 E60,5 Touring E61,X3 E83,5 Touring F11,5 F10, F18,X5 E70,3 Coupe E92,3 Cabriolet E93,7 F01, F02, F03, F04,5 Gran Turismo F07,X6 E71, E72,6 E63,6 Cabriolet E64; 18307795297, 18307795466, 18307803522, 18307803523, 18308589078<\/p>\n","protected":false},"excerpt":{"rendered":"<p>ERNST Joustoputki, Pakoputkisto 464185  BMW,3 Touring E91,3 E90,5 E60,5 Touring E61,X3 E83,5 Touring F11,5 F10, F18,X5 E70,3 Coupe E92,3 Cabriolet E93<\/p>\n","protected":false},"featured_media":0,"template":"","meta":{"site-sidebar-layout":"default","site-content-layout":"default","ast-global-header-display":"","ast-main-header-display":"","ast-hfb-above-header-display":"","ast-hfb-below-header-display":"","ast-hfb-mobile-header-display":"","site-post-title":"","ast-breadcrumbs-content":"","ast-featured-img":"","footer-sml-layout":"","theme-transparent-header-meta":"","adv-header-id-meta":"","stick-header-meta":"","header-above-stick-meta":"","header-main-stick-meta":"","header-below-stick-meta":""},"pwb-brand":[63],"product_cat":[17],"product_tag":[],"class_list":{"0":"post-10521","1":"product","2":"type-product","3":"status-publish","5":"pwb-brand-ernst","6":"product_cat-pakoputken-jousto","7":"desktop-align-left","8":"tablet-align-left","9":"mobile-align-left","11":"first","12":"instock","13":"product-type-external"},"brands":[{"id":63,"name":"ERNST","slug":"ernst"}],"_links":{"self":[{"href":"https:\/\/www.autonvaraosahaku.fi\/index.php?rest_route=\/wp\/v2\/product\/10521","targetHints":{"allow":["GET"]}}],"collection":[{"href":"https:\/\/www.autonvaraosahaku.fi\/index.php?rest_route=\/wp\/v2\/product"}],"about":[{"href":"https:\/\/www.autonvaraosahaku.fi\/index.php?rest_route=\/wp\/v2\/types\/product"}],"wp:attachment":[{"href":"https:\/\/www.autonvaraosahaku.fi\/index.php?rest_route=%2Fwp%2Fv2%2Fmedia&parent=10521"}],"wp:term":[{"taxonomy":"pwb-brand","embeddable":true,"href":"https:\/\/www.autonvaraosahaku.fi\/index.php?rest_route=%2Fwp%2Fv2%2Fpwb-brand&post=10521"},{"taxonomy":"product_cat","embeddable":true,"href":"https:\/\/www.autonvaraosahaku.fi\/index.php?rest_route=%2Fwp%2Fv2%2Fproduct_cat&post=10521"},{"taxonomy":"product_tag","embeddable":true,"href":"https:\/\/www.autonvaraosahaku.fi\/index.php?rest_route=%2Fwp%2Fv2%2Fproduct_tag&post=10521"}],"curies":[{"name":"wp","href":"https:\/\/api.w.org\/{rel}","templated":true}]}}