{"id":105222,"date":"2021-02-21T23:06:57","date_gmt":"2021-02-21T23:06:57","guid":{"rendered":"https:\/\/www.autonvaraosahaku.fi\/?product=moog-vo-es-3226-raidetangon-paa"},"modified":"2021-02-21T23:07:01","modified_gmt":"2021-02-21T23:07:01","slug":"moog-vo-es-3226-raidetangon-paa","status":"publish","type":"product","link":"https:\/\/www.autonvaraosahaku.fi\/?product=moog-vo-es-3226-raidetangon-paa","title":{"rendered":"Moog VO-ES-3226 Raidetangon p\u00e4\u00e4"},"content":{"rendered":"<p>Asennuspuoli: Ulompi, Molemminpuolin, Etuakseli; L\u00e4pimitta 1 [mm]: 14; Muoto: Suora; Pakkaustyyppi: Laatikko; Pituus 1 (mm): 75; Pituus 2 (mm): 23,5; Kierre 1: M14X1.5; kierre 2: M12X1.5; Pakkauspituus [cm]: 12,5; Pakkausleveys [cm]: 9; Pakkauskorkeus [mm]: 8; Asennuspuoli: Etuakseli; Varusteet: f\u00fcr Fahrzeuge mit Servolenkung; VW: PASSAT Variant 3A5, 35I,GOLF I Cabriolet 155,TRANSPORTER III Bus,PASSAT 3A2, 35I,SCIROCCO 53B,GOLF I 17,CADDY I 14,TRANSPORTER III Kasten,TRANSPORTER III Pritsche\/Fahrgestell,SCIROCCO 53,JETTA I 16; PORSCHE: 944,924,944 Cabriolet; 171419811, 477419811, 477419815, 94434733300, 171419811, 171419811, 171419811, 171419811A, 171419812, 251419811, 3A0422811A<\/p>\n","protected":false},"excerpt":{"rendered":"<p>MOOG Raidetangon P\u00e4\u00e4 VO-ES-3226  VW,PORSCHE,PASSAT Variant 3A5, 35I,GOLF I Cabriolet 155,TRANSPORTER III Bus,PASSAT 3A2, 35I,SCIROCCO 53B,GOLF I 17<\/p>\n","protected":false},"featured_media":0,"template":"","meta":{"site-sidebar-layout":"default","site-content-layout":"default","ast-global-header-display":"","ast-main-header-display":"","ast-hfb-above-header-display":"","ast-hfb-below-header-display":"","ast-hfb-mobile-header-display":"","site-post-title":"","ast-breadcrumbs-content":"","ast-featured-img":"","footer-sml-layout":"","theme-transparent-header-meta":"","adv-header-id-meta":"","stick-header-meta":"","header-above-stick-meta":"","header-main-stick-meta":"","header-below-stick-meta":""},"pwb-brand":[548],"product_cat":[96],"product_tag":[],"class_list":{"0":"post-105222","1":"product","2":"type-product","3":"status-publish","5":"pwb-brand-moog","6":"product_cat-raidetangon-paa","7":"desktop-align-left","8":"tablet-align-left","9":"mobile-align-left","11":"first","12":"instock","13":"product-type-external"},"brands":[{"id":548,"name":"Moog","slug":"moog"}],"_links":{"self":[{"href":"https:\/\/www.autonvaraosahaku.fi\/index.php?rest_route=\/wp\/v2\/product\/105222","targetHints":{"allow":["GET"]}}],"collection":[{"href":"https:\/\/www.autonvaraosahaku.fi\/index.php?rest_route=\/wp\/v2\/product"}],"about":[{"href":"https:\/\/www.autonvaraosahaku.fi\/index.php?rest_route=\/wp\/v2\/types\/product"}],"wp:attachment":[{"href":"https:\/\/www.autonvaraosahaku.fi\/index.php?rest_route=%2Fwp%2Fv2%2Fmedia&parent=105222"}],"wp:term":[{"taxonomy":"pwb-brand","embeddable":true,"href":"https:\/\/www.autonvaraosahaku.fi\/index.php?rest_route=%2Fwp%2Fv2%2Fpwb-brand&post=105222"},{"taxonomy":"product_cat","embeddable":true,"href":"https:\/\/www.autonvaraosahaku.fi\/index.php?rest_route=%2Fwp%2Fv2%2Fproduct_cat&post=105222"},{"taxonomy":"product_tag","embeddable":true,"href":"https:\/\/www.autonvaraosahaku.fi\/index.php?rest_route=%2Fwp%2Fv2%2Fproduct_tag&post=105222"}],"curies":[{"name":"wp","href":"https:\/\/api.w.org\/{rel}","templated":true}]}}