{"id":105236,"date":"2021-02-21T23:07:03","date_gmt":"2021-02-21T23:07:03","guid":{"rendered":"https:\/\/www.autonvaraosahaku.fi\/?product=moog-fi-es-0254-raidetangon-paa"},"modified":"2021-02-21T23:07:05","modified_gmt":"2021-02-21T23:07:05","slug":"moog-fi-es-0254-raidetangon-paa","status":"publish","type":"product","link":"https:\/\/www.autonvaraosahaku.fi\/?product=moog-fi-es-0254-raidetangon-paa","title":{"rendered":"Moog FI-ES-0254 Raidetangon p\u00e4\u00e4"},"content":{"rendered":"<p>Asennuspuoli: Ulompi, Molemminpuolin, Etuakseli; L\u00e4pimitta 1 [mm]: 13; Muoto: Suora; Pakkaustyyppi: Laatikko; Pituus 1 (mm): 222; Pituus 2 (mm): 21; Kierre 1: M14X1; kierre 2: M10X1.25; Pakkauspituus [cm]: 34,5; Pakkausleveys [cm]: 8,5; Pakkauskorkeus [mm]: 6,5; Valmistusvuoteen: 09\/1982; LANCIA: A 112; FIAT: 128 Coupe,128,128 Familiare; AUTOBIANCHI: A 112; ZASTAVA: 101 1100,YUGO,YUGO FLORIDA; 4242581, 4254278, 4443201, 4242581, 4254278, 4254523, 4257019, 4443201, 4242581, 4254523, 4256957, 4257019, 4254278, 4443201<\/p>\n","protected":false},"excerpt":{"rendered":"<p>MOOG Raidetangon P\u00e4\u00e4 FI-ES-0254  LANCIA,FIAT,AUTOBIANCHI,A 112,128 Coupe,128,128 Familiare,A 112,101 1100,YUGO,YUGO FLORIDA<\/p>\n","protected":false},"featured_media":0,"template":"","meta":{"site-sidebar-layout":"default","site-content-layout":"default","ast-global-header-display":"","ast-main-header-display":"","ast-hfb-above-header-display":"","ast-hfb-below-header-display":"","ast-hfb-mobile-header-display":"","site-post-title":"","ast-breadcrumbs-content":"","ast-featured-img":"","footer-sml-layout":"","theme-transparent-header-meta":"","adv-header-id-meta":"","stick-header-meta":"","header-above-stick-meta":"","header-main-stick-meta":"","header-below-stick-meta":""},"pwb-brand":[548],"product_cat":[96],"product_tag":[],"class_list":{"0":"post-105236","1":"product","2":"type-product","3":"status-publish","5":"pwb-brand-moog","6":"product_cat-raidetangon-paa","7":"desktop-align-left","8":"tablet-align-left","9":"mobile-align-left","11":"first","12":"instock","13":"product-type-external"},"brands":[{"id":548,"name":"Moog","slug":"moog"}],"_links":{"self":[{"href":"https:\/\/www.autonvaraosahaku.fi\/index.php?rest_route=\/wp\/v2\/product\/105236","targetHints":{"allow":["GET"]}}],"collection":[{"href":"https:\/\/www.autonvaraosahaku.fi\/index.php?rest_route=\/wp\/v2\/product"}],"about":[{"href":"https:\/\/www.autonvaraosahaku.fi\/index.php?rest_route=\/wp\/v2\/types\/product"}],"wp:attachment":[{"href":"https:\/\/www.autonvaraosahaku.fi\/index.php?rest_route=%2Fwp%2Fv2%2Fmedia&parent=105236"}],"wp:term":[{"taxonomy":"pwb-brand","embeddable":true,"href":"https:\/\/www.autonvaraosahaku.fi\/index.php?rest_route=%2Fwp%2Fv2%2Fpwb-brand&post=105236"},{"taxonomy":"product_cat","embeddable":true,"href":"https:\/\/www.autonvaraosahaku.fi\/index.php?rest_route=%2Fwp%2Fv2%2Fproduct_cat&post=105236"},{"taxonomy":"product_tag","embeddable":true,"href":"https:\/\/www.autonvaraosahaku.fi\/index.php?rest_route=%2Fwp%2Fv2%2Fproduct_tag&post=105236"}],"curies":[{"name":"wp","href":"https:\/\/api.w.org\/{rel}","templated":true}]}}