{"id":105239,"date":"2021-02-21T23:07:03","date_gmt":"2021-02-21T23:07:03","guid":{"rendered":"https:\/\/www.autonvaraosahaku.fi\/?product=moog-bm-sb-7216-kallistuksenvakaajan-puslat"},"modified":"2021-02-21T23:07:06","modified_gmt":"2021-02-21T23:07:06","slug":"moog-bm-sb-7216-kallistuksenvakaajan-puslat","status":"publish","type":"product","link":"https:\/\/www.autonvaraosahaku.fi\/?product=moog-bm-sb-7216-kallistuksenvakaajan-puslat","title":{"rendered":"Moog BM-SB-7216 Kallistuksenvakaajan puslat"},"content":{"rendered":"<p>Asennuspuoli: Taka-akseli; Korkeus (mm): 25; Sis\u00e4l\u00e4pimitta [mm]: 17; Pakkaustyyppi: Pussi; Kallistuksenvakaajan l\u00e4pimitta [mm]: 33; Pakkauspituus [cm]: 2,7; Pakkausleveys [cm]: 2,5; Pakkauskorkeus [mm]: 2,2; MINI: MINI R50, R53,MINI Cabriolet R52; 33556756151, 33556756151<\/p>\n","protected":false},"excerpt":{"rendered":"<p>MOOG Laakerin Holkki, Vakaaja BM-SB-7216  MINI,MINI R50, R53,MINI Cabriolet R52<\/p>\n","protected":false},"featured_media":0,"template":"","meta":{"site-sidebar-layout":"default","site-content-layout":"default","ast-global-header-display":"","ast-main-header-display":"","ast-hfb-above-header-display":"","ast-hfb-below-header-display":"","ast-hfb-mobile-header-display":"","site-post-title":"","ast-breadcrumbs-content":"","ast-featured-img":"","footer-sml-layout":"","theme-transparent-header-meta":"","adv-header-id-meta":"","stick-header-meta":"","header-above-stick-meta":"","header-main-stick-meta":"","header-below-stick-meta":""},"pwb-brand":[548],"product_cat":[82],"product_tag":[],"class_list":{"0":"post-105239","1":"product","2":"type-product","3":"status-publish","5":"pwb-brand-moog","6":"product_cat-kallistuksenvakaajan-puslat","7":"desktop-align-left","8":"tablet-align-left","9":"mobile-align-left","11":"first","12":"instock","13":"product-type-external"},"brands":[{"id":548,"name":"Moog","slug":"moog"}],"_links":{"self":[{"href":"https:\/\/www.autonvaraosahaku.fi\/index.php?rest_route=\/wp\/v2\/product\/105239","targetHints":{"allow":["GET"]}}],"collection":[{"href":"https:\/\/www.autonvaraosahaku.fi\/index.php?rest_route=\/wp\/v2\/product"}],"about":[{"href":"https:\/\/www.autonvaraosahaku.fi\/index.php?rest_route=\/wp\/v2\/types\/product"}],"wp:attachment":[{"href":"https:\/\/www.autonvaraosahaku.fi\/index.php?rest_route=%2Fwp%2Fv2%2Fmedia&parent=105239"}],"wp:term":[{"taxonomy":"pwb-brand","embeddable":true,"href":"https:\/\/www.autonvaraosahaku.fi\/index.php?rest_route=%2Fwp%2Fv2%2Fpwb-brand&post=105239"},{"taxonomy":"product_cat","embeddable":true,"href":"https:\/\/www.autonvaraosahaku.fi\/index.php?rest_route=%2Fwp%2Fv2%2Fproduct_cat&post=105239"},{"taxonomy":"product_tag","embeddable":true,"href":"https:\/\/www.autonvaraosahaku.fi\/index.php?rest_route=%2Fwp%2Fv2%2Fproduct_tag&post=105239"}],"curies":[{"name":"wp","href":"https:\/\/api.w.org\/{rel}","templated":true}]}}