{"id":105251,"date":"2021-02-21T23:07:09","date_gmt":"2021-02-21T23:07:09","guid":{"rendered":"https:\/\/www.autonvaraosahaku.fi\/?product=moog-fi-es-3106-raidetangon-paa"},"modified":"2021-02-21T23:07:10","modified_gmt":"2021-02-21T23:07:10","slug":"moog-fi-es-3106-raidetangon-paa","status":"publish","type":"product","link":"https:\/\/www.autonvaraosahaku.fi\/?product=moog-fi-es-3106-raidetangon-paa","title":{"rendered":"Moog FI-ES-3106 Raidetangon p\u00e4\u00e4"},"content":{"rendered":"<p>Asennuspuoli: Ulompi, Molemminpuolin, Etuakseli; L\u00e4pimitta 1 [mm]: 14; Muoto: Kulmikas; Pakkaustyyppi: Laatikko; Pituus 1 (mm): 74; Pituus 2 (mm): 20,5; Kierre 1: M14X1.5; kierre 2: M10X1.25; Pakkauspituus [cm]: 13; Pakkausleveys [cm]: 8,5; Pakkauskorkeus [mm]: 6,5; FIAT: 131,131 Familiare\/Panorama; MASERATI: BITURBO Coupe,BITURBO Spider,BITURBO 70, 77; 4322905, 4322905, 4322906, 4322905, 4322906<\/p>\n","protected":false},"excerpt":{"rendered":"<p>MOOG Raidetangon P\u00e4\u00e4 FI-ES-3106  FIAT,MASERATI,131,131 Familiare\/Panorama,BITURBO Coupe,BITURBO Spider,BITURBO 70, 77<\/p>\n","protected":false},"featured_media":0,"template":"","meta":{"site-sidebar-layout":"default","site-content-layout":"default","ast-global-header-display":"","ast-main-header-display":"","ast-hfb-above-header-display":"","ast-hfb-below-header-display":"","ast-hfb-mobile-header-display":"","site-post-title":"","ast-breadcrumbs-content":"","ast-featured-img":"","footer-sml-layout":"","theme-transparent-header-meta":"","adv-header-id-meta":"","stick-header-meta":"","header-above-stick-meta":"","header-main-stick-meta":"","header-below-stick-meta":""},"pwb-brand":[548],"product_cat":[96],"product_tag":[],"class_list":{"0":"post-105251","1":"product","2":"type-product","3":"status-publish","5":"pwb-brand-moog","6":"product_cat-raidetangon-paa","7":"desktop-align-left","8":"tablet-align-left","9":"mobile-align-left","11":"first","12":"instock","13":"product-type-external"},"brands":[{"id":548,"name":"Moog","slug":"moog"}],"_links":{"self":[{"href":"https:\/\/www.autonvaraosahaku.fi\/index.php?rest_route=\/wp\/v2\/product\/105251","targetHints":{"allow":["GET"]}}],"collection":[{"href":"https:\/\/www.autonvaraosahaku.fi\/index.php?rest_route=\/wp\/v2\/product"}],"about":[{"href":"https:\/\/www.autonvaraosahaku.fi\/index.php?rest_route=\/wp\/v2\/types\/product"}],"wp:attachment":[{"href":"https:\/\/www.autonvaraosahaku.fi\/index.php?rest_route=%2Fwp%2Fv2%2Fmedia&parent=105251"}],"wp:term":[{"taxonomy":"pwb-brand","embeddable":true,"href":"https:\/\/www.autonvaraosahaku.fi\/index.php?rest_route=%2Fwp%2Fv2%2Fpwb-brand&post=105251"},{"taxonomy":"product_cat","embeddable":true,"href":"https:\/\/www.autonvaraosahaku.fi\/index.php?rest_route=%2Fwp%2Fv2%2Fproduct_cat&post=105251"},{"taxonomy":"product_tag","embeddable":true,"href":"https:\/\/www.autonvaraosahaku.fi\/index.php?rest_route=%2Fwp%2Fv2%2Fproduct_tag&post=105251"}],"curies":[{"name":"wp","href":"https:\/\/api.w.org\/{rel}","templated":true}]}}