{"id":105252,"date":"2021-02-21T23:07:09","date_gmt":"2021-02-21T23:07:09","guid":{"rendered":"https:\/\/www.autonvaraosahaku.fi\/?product=moog-db-es-0830-raidetangon-paa"},"modified":"2021-02-21T23:07:10","modified_gmt":"2021-02-21T23:07:10","slug":"moog-db-es-0830-raidetangon-paa","status":"publish","type":"product","link":"https:\/\/www.autonvaraosahaku.fi\/?product=moog-db-es-0830-raidetangon-paa","title":{"rendered":"Moog DB-ES-0830 Raidetangon p\u00e4\u00e4"},"content":{"rendered":"<p>Asennuspuoli: Vasen, Edess\u00e4; Kierremalli: Vasemmalla kierteell\u00e4; Pakkaustyyppi: Laatikko; Ulkokierre 1 [mm]: M16x1.5; Pakkauspituus [cm]: 13,8; Pakkausleveys [cm]: 10,8; Pakkauskorkeus [mm]: 10,8; MERCEDES-BENZ: LK\/LN2; RENAULT TRUCKS: MASCOTT Pritsche\/Fahrgestell,MASCOTT Kasten\/Kombi,B Pritsche\/Fahrgestell,B Kasten\/Kombi,MESSENGER Kasten\/Kombi,MESSENGER Pritsche\/Fahrgestell,MESSENGER Kipper; MAN: L2000; 0003300235, 0003300735, 0003308635, 0004607348, 5001860124, 5000814096, 5001860124<\/p>\n","protected":false},"excerpt":{"rendered":"<p>MOOG Raidetangon P\u00e4\u00e4 DB-ES-0830  MERCEDES-BENZ,RENAULT TRUCKS,MAN,LK\/LN2,MASCOTT Pritsche\/Fahrgestell,MASCOTT Kasten\/Kombi,B Pritsche\/Fahrgestell<\/p>\n","protected":false},"featured_media":0,"template":"","meta":{"site-sidebar-layout":"default","site-content-layout":"default","ast-global-header-display":"","ast-main-header-display":"","ast-hfb-above-header-display":"","ast-hfb-below-header-display":"","ast-hfb-mobile-header-display":"","site-post-title":"","ast-breadcrumbs-content":"","ast-featured-img":"","footer-sml-layout":"","theme-transparent-header-meta":"","adv-header-id-meta":"","stick-header-meta":"","header-above-stick-meta":"","header-main-stick-meta":"","header-below-stick-meta":""},"pwb-brand":[548],"product_cat":[96],"product_tag":[],"class_list":{"0":"post-105252","1":"product","2":"type-product","3":"status-publish","5":"pwb-brand-moog","6":"product_cat-raidetangon-paa","7":"desktop-align-left","8":"tablet-align-left","9":"mobile-align-left","11":"first","12":"instock","13":"product-type-external"},"brands":[{"id":548,"name":"Moog","slug":"moog"}],"_links":{"self":[{"href":"https:\/\/www.autonvaraosahaku.fi\/index.php?rest_route=\/wp\/v2\/product\/105252","targetHints":{"allow":["GET"]}}],"collection":[{"href":"https:\/\/www.autonvaraosahaku.fi\/index.php?rest_route=\/wp\/v2\/product"}],"about":[{"href":"https:\/\/www.autonvaraosahaku.fi\/index.php?rest_route=\/wp\/v2\/types\/product"}],"wp:attachment":[{"href":"https:\/\/www.autonvaraosahaku.fi\/index.php?rest_route=%2Fwp%2Fv2%2Fmedia&parent=105252"}],"wp:term":[{"taxonomy":"pwb-brand","embeddable":true,"href":"https:\/\/www.autonvaraosahaku.fi\/index.php?rest_route=%2Fwp%2Fv2%2Fpwb-brand&post=105252"},{"taxonomy":"product_cat","embeddable":true,"href":"https:\/\/www.autonvaraosahaku.fi\/index.php?rest_route=%2Fwp%2Fv2%2Fproduct_cat&post=105252"},{"taxonomy":"product_tag","embeddable":true,"href":"https:\/\/www.autonvaraosahaku.fi\/index.php?rest_route=%2Fwp%2Fv2%2Fproduct_tag&post=105252"}],"curies":[{"name":"wp","href":"https:\/\/api.w.org\/{rel}","templated":true}]}}