{"id":105273,"date":"2021-02-21T23:07:16","date_gmt":"2021-02-21T23:07:16","guid":{"rendered":"https:\/\/www.autonvaraosahaku.fi\/?product=narva-17181-lamput-hehkulamppu"},"modified":"2021-02-21T23:07:17","modified_gmt":"2021-02-21T23:07:17","slug":"narva-17181-lamput-hehkulamppu","status":"publish","type":"product","link":"https:\/\/www.autonvaraosahaku.fi\/?product=narva-17181-lamput-hehkulamppu","title":{"rendered":"Narva 17181 Lamput (hehkulamppu)"},"content":{"rendered":"<p>Lamppumalli: R5W; J\u00e4nnite (V): 24; Nimellisteho (W): 5; Kantamalli: BA15s; Asennuspuoli: seitlicherEinbau; MERCEDES-BENZ: T2\/LN1 Kasten\/Kombi,VARIO Kasten\/Kombi,VARIO Pritsche\/Fahrgestell,VARIO Kipper,T2\/LN1 Pritsche\/Fahrgestell,VARIO Bus,T2\/LN1 Kipper,T2\/LN1 Bus,VARIO Triebkopf,T2\/LN1 Triebkopf,ATEGO,CITO (O 520),LK\/LN2,MK,NG,O 309,O 404,O 405,SK,TOURINO (O 510),TOURISMO (O 350),TOURO (O 500); VOLVO: 9900,F10,F12,F16,FE,FH,FH12,FH16,FL,FL II,FL10,FL12,FL6,FL7,FLC,FM,FM10,FM12,FM7,FM9,FS7,NH12; IVECO: EUROCARGO I-III,EUROSTAR,EUROTECH MH,EUROTECH MP,EUROTECH MT,EUROTRAKKER,STRALIS,TRAKKER,TURBOTECH; SCANIA: 3 &#8211; series,3 &#8211; series bus,4 &#8211; series,P,G,R,T &#8211; series; RENAULT TRUCKS: G,KERAX,MAGNUM,MAJOR,MANAGER,MAXTER,MIDLINER,PREMIUM,PREMIUM 2; MAN: F2000,F90,F90 Unterflur,G90,L2000,LION\u00b4S COACH,LION\u00b4S COMFORT,M 2000 L,M 2000 M,M90,NL,N\u00dc,SD,SG,S\u00dc,TGA,TGL,TGM,TGS,TGX,\u00dcL; DAF: 45,55,65,65 CF,75,75 CF,85,85 CF,95,95 XF,CF 65,CF 75,CF 85,LF 45,LF 55,XF 105,XF 95<\/p>\n","protected":false},"excerpt":{"rendered":"<p>NARVA Polttimo, Vilkkuvalo 17181  MERCEDES-BENZ,VOLVO,IVECO,T2\/LN1 Kasten\/Kombi,VARIO Kasten\/Kombi,VARIO Pritsche\/Fahrgestell,VARIO Kipper<\/p>\n","protected":false},"featured_media":0,"template":"","meta":{"site-sidebar-layout":"default","site-content-layout":"default","ast-global-header-display":"","ast-main-header-display":"","ast-hfb-above-header-display":"","ast-hfb-below-header-display":"","ast-hfb-mobile-header-display":"","site-post-title":"","ast-breadcrumbs-content":"","ast-featured-img":"","footer-sml-layout":"","theme-transparent-header-meta":"","adv-header-id-meta":"","stick-header-meta":"","header-above-stick-meta":"","header-main-stick-meta":"","header-below-stick-meta":""},"pwb-brand":[596],"product_cat":[151],"product_tag":[],"class_list":{"0":"post-105273","1":"product","2":"type-product","3":"status-publish","5":"pwb-brand-narva","6":"product_cat-lamput-hehkulamppu","7":"desktop-align-left","8":"tablet-align-left","9":"mobile-align-left","11":"first","12":"instock","13":"product-type-external"},"brands":[{"id":596,"name":"Narva","slug":"narva"}],"_links":{"self":[{"href":"https:\/\/www.autonvaraosahaku.fi\/index.php?rest_route=\/wp\/v2\/product\/105273","targetHints":{"allow":["GET"]}}],"collection":[{"href":"https:\/\/www.autonvaraosahaku.fi\/index.php?rest_route=\/wp\/v2\/product"}],"about":[{"href":"https:\/\/www.autonvaraosahaku.fi\/index.php?rest_route=\/wp\/v2\/types\/product"}],"wp:attachment":[{"href":"https:\/\/www.autonvaraosahaku.fi\/index.php?rest_route=%2Fwp%2Fv2%2Fmedia&parent=105273"}],"wp:term":[{"taxonomy":"pwb-brand","embeddable":true,"href":"https:\/\/www.autonvaraosahaku.fi\/index.php?rest_route=%2Fwp%2Fv2%2Fpwb-brand&post=105273"},{"taxonomy":"product_cat","embeddable":true,"href":"https:\/\/www.autonvaraosahaku.fi\/index.php?rest_route=%2Fwp%2Fv2%2Fproduct_cat&post=105273"},{"taxonomy":"product_tag","embeddable":true,"href":"https:\/\/www.autonvaraosahaku.fi\/index.php?rest_route=%2Fwp%2Fv2%2Fproduct_tag&post=105273"}],"curies":[{"name":"wp","href":"https:\/\/api.w.org\/{rel}","templated":true}]}}