{"id":10537,"date":"2021-02-21T14:09:04","date_gmt":"2021-02-21T14:09:04","guid":{"rendered":"https:\/\/www.autonvaraosahaku.fi\/?product=maxgear-18-0399-muut-luokat"},"modified":"2021-02-21T14:09:06","modified_gmt":"2021-02-21T14:09:06","slug":"maxgear-18-0399-muut-luokat","status":"publish","type":"product","link":"https:\/\/www.autonvaraosahaku.fi\/?product=maxgear-18-0399-muut-luokat","title":{"rendered":"MAXGEAR 18-0399 Muut luokat"},"content":{"rendered":"<p>Pituus 2 (mm): 17,5; Pituus 1 (mm): 10; Kierremitta: M9x1; Moottorinumero: N42; BMW: 3 E46,3 Touring E91,3 E90,5 E39,5 E60,1 E87,3 Touring E46,X3 E83,5 Touring E39,3 Compact E46,3 Coupe E46,1 E81,3 Compact E36,3 E36,X5 E53,3 E30,3 Cabriolet E46,7 E38,3 Coupe E36,Z3 E36,Z4 E85,5 E34,3 Cabriolet E30,3 Cabriolet E36,3 Touring E36,1 Cabriolet E88,8 E31,5 Touring E34,3 Touring E30,Z3 Coupe E36,Z4 Coupe E86; 17110141325, 17111712788, 17127515488<\/p>\n","protected":false},"excerpt":{"rendered":"<p>MAXGEAR Ilmausruuvi\/-Venttiili J\u00e4\u00e4hdytt\u00e4j\u00e4 18-0399  BMW,3 E46,3 Touring E91,3 E90,5 E39,5 E60,1 E87,3 Touring E46,X3 E83,5 Touring E39,3 Compact E46<\/p>\n","protected":false},"featured_media":0,"template":"","meta":{"site-sidebar-layout":"default","site-content-layout":"default","ast-global-header-display":"","ast-main-header-display":"","ast-hfb-above-header-display":"","ast-hfb-below-header-display":"","ast-hfb-mobile-header-display":"","site-post-title":"","ast-breadcrumbs-content":"","ast-featured-img":"","footer-sml-layout":"","theme-transparent-header-meta":"","adv-header-id-meta":"","stick-header-meta":"","header-above-stick-meta":"","header-main-stick-meta":"","header-below-stick-meta":""},"pwb-brand":[48],"product_cat":[37],"product_tag":[],"class_list":{"0":"post-10537","1":"product","2":"type-product","3":"status-publish","5":"pwb-brand-maxgear","6":"product_cat-muut-luokat","7":"desktop-align-left","8":"tablet-align-left","9":"mobile-align-left","11":"first","12":"instock","13":"product-type-external"},"brands":[{"id":48,"name":"MAXGEAR","slug":"maxgear"}],"_links":{"self":[{"href":"https:\/\/www.autonvaraosahaku.fi\/index.php?rest_route=\/wp\/v2\/product\/10537","targetHints":{"allow":["GET"]}}],"collection":[{"href":"https:\/\/www.autonvaraosahaku.fi\/index.php?rest_route=\/wp\/v2\/product"}],"about":[{"href":"https:\/\/www.autonvaraosahaku.fi\/index.php?rest_route=\/wp\/v2\/types\/product"}],"wp:attachment":[{"href":"https:\/\/www.autonvaraosahaku.fi\/index.php?rest_route=%2Fwp%2Fv2%2Fmedia&parent=10537"}],"wp:term":[{"taxonomy":"pwb-brand","embeddable":true,"href":"https:\/\/www.autonvaraosahaku.fi\/index.php?rest_route=%2Fwp%2Fv2%2Fpwb-brand&post=10537"},{"taxonomy":"product_cat","embeddable":true,"href":"https:\/\/www.autonvaraosahaku.fi\/index.php?rest_route=%2Fwp%2Fv2%2Fproduct_cat&post=10537"},{"taxonomy":"product_tag","embeddable":true,"href":"https:\/\/www.autonvaraosahaku.fi\/index.php?rest_route=%2Fwp%2Fv2%2Fproduct_tag&post=10537"}],"curies":[{"name":"wp","href":"https:\/\/api.w.org\/{rel}","templated":true}]}}