{"id":105382,"date":"2021-02-21T23:07:47","date_gmt":"2021-02-21T23:07:47","guid":{"rendered":"https:\/\/www.autonvaraosahaku.fi\/?product=osram-921na-lamput-hehkulamppu"},"modified":"2021-02-21T23:07:51","modified_gmt":"2021-02-21T23:07:51","slug":"osram-921na-lamput-hehkulamppu","status":"publish","type":"product","link":"https:\/\/www.autonvaraosahaku.fi\/?product=osram-921na-lamput-hehkulamppu","title":{"rendered":"Osram 921NA Lamput (hehkulamppu)"},"content":{"rendered":"<p>Lamppumalli: Sokkelipolttimo; J\u00e4nnite (V): 12; Nimellisteho (W): 16; Kantamalli: W2,1&#215;9,5d; V\u00e4ri: Keltainen; lis\u00e4tieto: ORIGINAL; Asennuspuoli: hinten; VW: MULTIVAN VI SGF, SGM, SGN,TRANSPORTER VI Bus SGB, SGG, SGJ,TRANSPORTER VI Kasten SGA, SGH; AUDI: A3 Sportback 8VA,A3 Limousine 8VS,A3 8V1,A3 Cabriolet 8V7; OPEL: GRANDLAND X A18; RENAULT: DUSTER; FIAT: TIPO Schr\u00e4gheck 356_,TIPO Kombi 356_,TIPO Stufenheck 356_; SKODA: KODIAQ NS7,KAROQ NU7; PEUGEOT: 3008 SUV,5008 II; SEAT: LEON 5F1,LEON ST 5F8; HONDA: CIVIC IX FK; DACIA: DUSTER<\/p>\n","protected":false},"excerpt":{"rendered":"<p>OSRAM Polttimo, Vilkkuvalo 921NA  VW,AUDI,OPEL,MULTIVAN VI SGF, SGM, SGN,TRANSPORTER VI Bus SGB, SGG, SGJ,TRANSPORTER VI Kasten SGA, SGH<\/p>\n","protected":false},"featured_media":0,"template":"","meta":{"site-sidebar-layout":"default","site-content-layout":"default","ast-global-header-display":"","ast-main-header-display":"","ast-hfb-above-header-display":"","ast-hfb-below-header-display":"","ast-hfb-mobile-header-display":"","site-post-title":"","ast-breadcrumbs-content":"","ast-featured-img":"","footer-sml-layout":"","theme-transparent-header-meta":"","adv-header-id-meta":"","stick-header-meta":"","header-above-stick-meta":"","header-main-stick-meta":"","header-below-stick-meta":""},"pwb-brand":[549],"product_cat":[151],"product_tag":[],"class_list":{"0":"post-105382","1":"product","2":"type-product","3":"status-publish","5":"pwb-brand-osram","6":"product_cat-lamput-hehkulamppu","7":"desktop-align-left","8":"tablet-align-left","9":"mobile-align-left","11":"first","12":"instock","13":"product-type-external"},"brands":[{"id":549,"name":"Osram","slug":"osram"}],"_links":{"self":[{"href":"https:\/\/www.autonvaraosahaku.fi\/index.php?rest_route=\/wp\/v2\/product\/105382","targetHints":{"allow":["GET"]}}],"collection":[{"href":"https:\/\/www.autonvaraosahaku.fi\/index.php?rest_route=\/wp\/v2\/product"}],"about":[{"href":"https:\/\/www.autonvaraosahaku.fi\/index.php?rest_route=\/wp\/v2\/types\/product"}],"wp:attachment":[{"href":"https:\/\/www.autonvaraosahaku.fi\/index.php?rest_route=%2Fwp%2Fv2%2Fmedia&parent=105382"}],"wp:term":[{"taxonomy":"pwb-brand","embeddable":true,"href":"https:\/\/www.autonvaraosahaku.fi\/index.php?rest_route=%2Fwp%2Fv2%2Fpwb-brand&post=105382"},{"taxonomy":"product_cat","embeddable":true,"href":"https:\/\/www.autonvaraosahaku.fi\/index.php?rest_route=%2Fwp%2Fv2%2Fproduct_cat&post=105382"},{"taxonomy":"product_tag","embeddable":true,"href":"https:\/\/www.autonvaraosahaku.fi\/index.php?rest_route=%2Fwp%2Fv2%2Fproduct_tag&post=105382"}],"curies":[{"name":"wp","href":"https:\/\/api.w.org\/{rel}","templated":true}]}}